{"id":821,"date":"2023-02-28T11:25:44","date_gmt":"2023-02-28T11:25:44","guid":{"rendered":"https:\/\/collectiuguilis.com\/?page_id=821"},"modified":"2023-04-11T09:05:42","modified_gmt":"2023-04-11T09:05:42","slug":"salud-mental","status":"publish","type":"page","link":"https:\/\/collectiuguilis.com\/es\/salud-mental\/","title":{"rendered":"Salut Mental"},"content":{"rendered":"<div  class=\"tatsu-HJbHpNwjAs tatsu-section  tatsu-bg-overlay   tatsu-clearfix\" data-title=\"\"  data-headerscheme=\"background--dark\"><div class='tatsu-section-pad clearfix' data-padding='{\"d\":\"90px 0px 90px 0px\"}' data-padding-top='90px'><div class=\"tatsu-row-wrap  tatsu-wrap tatsu-row-one-col tatsu-row-has-one-cols tatsu-medium-gutter tatsu-reg-cols  tatsu-clearfix tatsu-HylSpVvoRj\" ><div  class=\"tatsu-row \" ><div  class=\"tatsu-column  tatsu-bg-overlay tatsu-one-col tatsu-column-image-none tatsu-column-effect-none  tatsu-SJBTVPjAi\"  data-parallax-speed=\"0\" style=\"\"><div class=\"tatsu-column-inner \" ><div class=\"tatsu-column-pad-wrap\"><div class=\"tatsu-column-pad\" ><div  class=\"tatsu-module tatsu-text-block-wrap tatsu-H1mR4wsCj  \"><div class=\"tatsu-text-inner tatsu-align-center  clearfix\" ><style>.tatsu-H1mR4wsCj.tatsu-text-block-wrap .tatsu-text-inner{width: 100%;text-align: left;}<\/style>\n<h2>SALUD MENTAL<\/h2>\n<\/div><\/div><div  class=\"tatsu-module tatsu-text-block-wrap tatsu-ryqY8wjRo  \"><div class=\"tatsu-text-inner tatsu-align-center  clearfix\" ><style>.tatsu-ryqY8wjRo.tatsu-text-block-wrap .tatsu-text-inner{width: 100%;text-align: left;}<\/style>\n<p><span style=\"font-weight: 400;\">Esta intervenci\u00f3n fue una colaboraci\u00f3n con la Fundaci\u00f3n tutelar Ma\u00f1ana, dedicada a acompa\u00f1ar a las personas con trastorno mental grave y sus familiares.<\/span><\/p>\n<p><span style=\"font-weight: 400;\">El objetivo de esta intervenci\u00f3n era visibilizar el estigma que a menudo acompa\u00f1a a las personas que padecen alg\u00fan trastorno de salud mental, provocando la reflexi\u00f3n en el espacio p\u00fablico teniendo en cuenta las hostilidades que conviven en \u00e9l. Decidimos interpelar a los peatones a trav\u00e9s de preguntas, carteler\u00eda y posibles interacciones con el espacio. Por eso escogimos un punto muy transitado de la ciudad, para convertirnos en altavoz de las necesidades y problem\u00e1ticas que rodean la salud mental y ponerla en el centro.<\/span><\/p>\n<p><span style=\"font-weight: 400;\">M\u00e1s informaci\u00f3n sobre la Fundaci\u00f3 tutelar Dem\u00e0: <\/span><a href=\"https:\/\/fundaciotutelardema.com\/\"><span style=\"font-weight: 400;\">https:\/\/fundaciotutelardema.com\/<\/span><\/a><\/p>\n<\/div><\/div><div id = \"\" class=\"tatsu-code tatsu-module tatsu-hcvvc9d16bcnu20j   \"  ><iframe  src=\"https:\/\/www.youtube.com\/embed\/xJObRgHpqMs\" title=\"YouTube video player\" frameborder=\"0\" allow=\"accelerometer; autoplay; clipboard-write; encrypted-media; gyroscope; picture-in-picture; web-share\" allowfullscreen><\/iframe><style>.tatsu-hcvvc9d16bcnu20j{margin: 0px 0px 50px 0px;}<\/style><\/div><div  class=\"tatsu-gallery-wrap tatsu-gallery-module tatsu-module 0 tatsu-ryh5UDoRs   \" ><div class=\"gallery   style1-hover \"  ><div class=\"gallery-container be-grid be-row be-cols-3 clickable clearfix  \" data-aspect-ratio=\"1.6\" data-animation-target = \".gallery-thumb-img-wrap\" data-cols=\"3\" data-scroll-reveal = \"1\" data-animation = \"fadeIn\" data-gutter=\"40\" data-layout=\"metro\" ><div class=\"gallery-cell be-col be-hoverlay  not-wide no-wide-width-height style1-hover \" ><div class=\"gallery-cell-inner\"\"><a data-thumb = \"https:\/\/collectiuguilis.com\/wp-content\/uploads\/2023\/02\/IMG_20221231_163234_004-150x150.jpg\" href=\"https:\/\/collectiuguilis.com\/wp-content\/uploads\/2023\/02\/IMG_20221231_163234_004.jpg\"  class=\"thumb-anchor mobx  \" data-rel=\"my-galleryryh5UDoRs\" title=\"\"><div class=\"thumb-wrap\"><div style = \"padding-bottom : 62.5%;\" class=\"gallery-thumb-img-wrap be-grid-placeholder none-effect\"  ><img decoding=\"async\" class=\"\"  src=\"https:\/\/collectiuguilis.com\/wp-content\/uploads\/2023\/02\/IMG_20221231_163234_004-650x385.jpg\" alt=\"\" \/><\/div><\/div><div class=\"thumb-overlay\"><div class=\"thumb-bg\"><div class=\"thumb-title-wrap display-table-cell vertical-align-middle align-center fadeIn animated\"><\/div><\/div><\/div><\/a><\/div><\/div><div class=\"gallery-cell be-col be-hoverlay  not-wide no-wide-width-height style1-hover \" ><div class=\"gallery-cell-inner\"\"><a data-thumb = \"https:\/\/collectiuguilis.com\/wp-content\/uploads\/2023\/02\/IMG_20221231_163224_653-150x150.jpg\" href=\"https:\/\/collectiuguilis.com\/wp-content\/uploads\/2023\/02\/IMG_20221231_163224_653.jpg\"  class=\"thumb-anchor mobx  \" data-rel=\"my-galleryryh5UDoRs\" title=\"\"><div class=\"thumb-wrap\"><div style = \"padding-bottom : 62.5%;\" class=\"gallery-thumb-img-wrap be-grid-placeholder none-effect\"  ><img decoding=\"async\" class=\"\"  src=\"https:\/\/collectiuguilis.com\/wp-content\/uploads\/2023\/02\/IMG_20221231_163224_653-576x385.jpg\" alt=\"\" \/><\/div><\/div><div class=\"thumb-overlay\"><div class=\"thumb-bg\"><div class=\"thumb-title-wrap display-table-cell vertical-align-middle align-center fadeIn animated\"><\/div><\/div><\/div><\/a><\/div><\/div><div class=\"gallery-cell be-col be-hoverlay  not-wide no-wide-width-height style1-hover \" ><div class=\"gallery-cell-inner\"\"><a data-thumb = \"https:\/\/collectiuguilis.com\/wp-content\/uploads\/2023\/02\/IMG_20221231_163224_175-150x150.jpg\" href=\"https:\/\/collectiuguilis.com\/wp-content\/uploads\/2023\/02\/IMG_20221231_163224_175.jpg\"  class=\"thumb-anchor mobx  \" data-rel=\"my-galleryryh5UDoRs\" title=\"\"><div class=\"thumb-wrap\"><div style = \"padding-bottom : 62.5%;\" class=\"gallery-thumb-img-wrap be-grid-placeholder none-effect\"  ><img decoding=\"async\" class=\"\"  src=\"https:\/\/collectiuguilis.com\/wp-content\/uploads\/2023\/02\/IMG_20221231_163224_175-650x385.jpg\" alt=\"\" \/><\/div><\/div><div class=\"thumb-overlay\"><div class=\"thumb-bg\"><div class=\"thumb-title-wrap display-table-cell vertical-align-middle align-center fadeIn animated\"><\/div><\/div><\/div><\/a><\/div><\/div><div class=\"gallery-cell be-col be-hoverlay  not-wide no-wide-width-height style1-hover \" ><div class=\"gallery-cell-inner\"\"><a data-thumb = \"https:\/\/collectiuguilis.com\/wp-content\/uploads\/2023\/02\/IMG_20221231_163224_026-150x150.jpg\" href=\"https:\/\/collectiuguilis.com\/wp-content\/uploads\/2023\/02\/IMG_20221231_163224_026.jpg\"  class=\"thumb-anchor mobx  \" data-rel=\"my-galleryryh5UDoRs\" title=\"\"><div class=\"thumb-wrap\"><div style = \"padding-bottom : 62.5%;\" class=\"gallery-thumb-img-wrap be-grid-placeholder none-effect\"  ><img decoding=\"async\" class=\"\"  src=\"https:\/\/collectiuguilis.com\/wp-content\/uploads\/2023\/02\/IMG_20221231_163224_026-576x385.jpg\" alt=\"\" \/><\/div><\/div><div class=\"thumb-overlay\"><div class=\"thumb-bg\"><div class=\"thumb-title-wrap display-table-cell vertical-align-middle align-center fadeIn animated\"><\/div><\/div><\/div><\/a><\/div><\/div><div class=\"gallery-cell be-col be-hoverlay  not-wide no-wide-width-height style1-hover \" ><div class=\"gallery-cell-inner\"\"><a data-thumb = \"https:\/\/collectiuguilis.com\/wp-content\/uploads\/2023\/02\/IMG_20221231_163223_882-150x150.jpg\" href=\"https:\/\/collectiuguilis.com\/wp-content\/uploads\/2023\/02\/IMG_20221231_163223_882.jpg\"  class=\"thumb-anchor mobx  \" data-rel=\"my-galleryryh5UDoRs\" title=\"\"><div class=\"thumb-wrap\"><div style = \"padding-bottom : 62.5%;\" class=\"gallery-thumb-img-wrap be-grid-placeholder none-effect\"  ><img decoding=\"async\" class=\"\"  src=\"https:\/\/collectiuguilis.com\/wp-content\/uploads\/2023\/02\/IMG_20221231_163223_882-650x385.jpg\" alt=\"\" \/><\/div><\/div><div class=\"thumb-overlay\"><div class=\"thumb-bg\"><div class=\"thumb-title-wrap display-table-cell vertical-align-middle align-center fadeIn animated\"><\/div><\/div><\/div><\/a><\/div><\/div><div class=\"gallery-cell be-col be-hoverlay  not-wide no-wide-width-height style1-hover \" ><div class=\"gallery-cell-inner\"\"><a data-thumb = \"https:\/\/collectiuguilis.com\/wp-content\/uploads\/2023\/02\/IMG_20221231_163223_852-150x150.jpg\" href=\"https:\/\/collectiuguilis.com\/wp-content\/uploads\/2023\/02\/IMG_20221231_163223_852.jpg\"  class=\"thumb-anchor mobx  \" data-rel=\"my-galleryryh5UDoRs\" title=\"\"><div class=\"thumb-wrap\"><div style = \"padding-bottom : 62.5%;\" class=\"gallery-thumb-img-wrap be-grid-placeholder none-effect\"  ><img decoding=\"async\" class=\"\"  src=\"https:\/\/collectiuguilis.com\/wp-content\/uploads\/2023\/02\/IMG_20221231_163223_852-576x385.jpg\" alt=\"\" \/><\/div><\/div><div class=\"thumb-overlay\"><div class=\"thumb-bg\"><div class=\"thumb-title-wrap display-table-cell vertical-align-middle align-center fadeIn animated\"><\/div><\/div><\/div><\/a><\/div><\/div><div class=\"gallery-cell be-col be-hoverlay  not-wide no-wide-width-height style1-hover \" ><div class=\"gallery-cell-inner\"\"><a data-thumb = \"https:\/\/collectiuguilis.com\/wp-content\/uploads\/2023\/02\/IMG_20221231_163224_698-150x150.jpg\" href=\"https:\/\/collectiuguilis.com\/wp-content\/uploads\/2023\/02\/IMG_20221231_163224_698.jpg\"  class=\"thumb-anchor mobx  \" data-rel=\"my-galleryryh5UDoRs\" title=\"\"><div class=\"thumb-wrap\"><div style = \"padding-bottom : 62.5%;\" class=\"gallery-thumb-img-wrap be-grid-placeholder none-effect\"  ><img decoding=\"async\" class=\"\"  src=\"https:\/\/collectiuguilis.com\/wp-content\/uploads\/2023\/02\/IMG_20221231_163224_698-650x385.jpg\" alt=\"\" \/><\/div><\/div><div class=\"thumb-overlay\"><div class=\"thumb-bg\"><div class=\"thumb-title-wrap display-table-cell vertical-align-middle align-center fadeIn animated\"><\/div><\/div><\/div><\/a><\/div><\/div><\/div><\/div><style>.tatsu-ryh5UDoRs .gallery-container{margin: 0 -20px;}.tatsu-ryh5UDoRs .gallery-container .gallery-cell.be-col{margin-bottom: 40px;}.tatsu-ryh5UDoRs .gallery-container .gallery-cell.be-col {padding: 0 20px;}.tatsu-ryh5UDoRs.tatsu-gallery-module .gallery-container {margin-bottom: -40px !important;}.tatsu-ryh5UDoRs.tatsu-gallery-module .thumb-title{color: #fff ;}.tatsu-ryh5UDoRs.tatsu-gallery-module .thumb-bg{background-color: rgba(252,222,90,1);}<\/style><\/div><\/div><\/div><div class = \"tatsu-column-bg-image-wrap\"><div class = \"tatsu-column-bg-image\" ><\/div><\/div><div class=\"tatsu-overlay tatsu-column-overlay tatsu-animate-none\" ><\/div><\/div><style>.tatsu-row > .tatsu-SJBTVPjAi.tatsu-column{width: 100%;}.tatsu-SJBTVPjAi.tatsu-column > .tatsu-column-inner > .tatsu-column-overlay{mix-blend-mode: normal;}.tatsu-SJBTVPjAi > .tatsu-column-inner > .tatsu-top-divider{z-index: 9999;}.tatsu-SJBTVPjAi > .tatsu-column-inner > .tatsu-bottom-divider{z-index: 9999;}.tatsu-SJBTVPjAi > .tatsu-column-inner > .tatsu-left-divider{z-index: 9999;}.tatsu-SJBTVPjAi > .tatsu-column-inner > .tatsu-right-divider{z-index: 9999;}@media only screen and (max-width:1377px) {.tatsu-row > .tatsu-SJBTVPjAi.tatsu-column{width: 100%;}}@media only screen and (min-width:768px) and (max-width: 1024px) {.tatsu-row > .tatsu-SJBTVPjAi.tatsu-column{width: 100%;}}@media only screen and (max-width: 767px) {.tatsu-row > .tatsu-SJBTVPjAi.tatsu-column{width: 100%;}}<\/style><\/div><\/div><\/div><\/div><div class=\"tatsu-section-background-wrap\"><div class = \"tatsu-section-background\" ><\/div><\/div><div class=\"tatsu-overlay tatsu-section-overlay\"><\/div><style>.tatsu-HJbHpNwjAs .tatsu-section-background{background-image: url(https:\/\/collectiuguilis.com\/wp-content\/uploads\/2021\/11\/Fons_Voltejat-scaled.jpg);background-repeat: no-repeat;background-attachment: scroll;background-position: top left;background-size: cover;}.tatsu-HJbHpNwjAs .tatsu-bg-blur{background-repeat: no-repeat;background-attachment: scroll;background-position: top left;background-size: cover;}.tatsu-HJbHpNwjAs .tatsu-section-pad{padding: 90px 0px 90px 0px;}.tatsu-HJbHpNwjAs .tatsu-section-offset-wrap{transform: translateY(-0px);}.tatsu-HJbHpNwjAs > .tatsu-bottom-divider{z-index: 9999;}.tatsu-HJbHpNwjAs > .tatsu-top-divider{z-index: 9999;}.tatsu-HJbHpNwjAs .tatsu-section-overlay{mix-blend-mode: normal;}<\/style><\/div>\n","protected":false},"excerpt":{"rendered":"<div><a href=\"https:\/\/collectiuguilis.com\/es\/salud-mental\/\" class=\"exp-read-more exp-read-more-underlined\">Read More<\/a><\/div>\n","protected":false},"author":1,"featured_media":0,"parent":0,"menu_order":0,"comment_status":"closed","ping_status":"closed","template":"","meta":{"footnotes":""},"class_list":["post-821","page","type-page","status-publish","hentry"],"_links":{"self":[{"href":"https:\/\/collectiuguilis.com\/es\/wp-json\/wp\/v2\/pages\/821","targetHints":{"allow":["GET"]}}],"collection":[{"href":"https:\/\/collectiuguilis.com\/es\/wp-json\/wp\/v2\/pages"}],"about":[{"href":"https:\/\/collectiuguilis.com\/es\/wp-json\/wp\/v2\/types\/page"}],"author":[{"embeddable":true,"href":"https:\/\/collectiuguilis.com\/es\/wp-json\/wp\/v2\/users\/1"}],"replies":[{"embeddable":true,"href":"https:\/\/collectiuguilis.com\/es\/wp-json\/wp\/v2\/comments?post=821"}],"version-history":[{"count":8,"href":"https:\/\/collectiuguilis.com\/es\/wp-json\/wp\/v2\/pages\/821\/revisions"}],"predecessor-version":[{"id":992,"href":"https:\/\/collectiuguilis.com\/es\/wp-json\/wp\/v2\/pages\/821\/revisions\/992"}],"wp:attachment":[{"href":"https:\/\/collectiuguilis.com\/es\/wp-json\/wp\/v2\/media?parent=821"}],"curies":[{"name":"wp","href":"https:\/\/api.w.org\/{rel}","templated":true}]}}