{"id":809,"date":"2023-02-28T11:19:33","date_gmt":"2023-02-28T11:19:33","guid":{"rendered":"https:\/\/collectiuguilis.com\/?page_id=809"},"modified":"2023-04-11T08:54:13","modified_gmt":"2023-04-11T08:54:13","slug":"expedicion-torrent-de-sa-riera","status":"publish","type":"page","link":"https:\/\/collectiuguilis.com\/es\/expedicion-torrent-de-sa-riera\/","title":{"rendered":"Expedici\u00f3n Torrent de Sa Riera"},"content":{"rendered":"<div  class=\"tatsu-Hkb_F7woRj tatsu-section  tatsu-bg-overlay   tatsu-clearfix\" data-title=\"\"  data-headerscheme=\"background--dark\"><div class='tatsu-section-pad clearfix' data-padding='{\"d\":\"90px 0px 90px 0px\"}' data-padding-top='90px'><div class=\"tatsu-row-wrap  tatsu-wrap tatsu-row-one-col tatsu-row-has-one-cols tatsu-medium-gutter tatsu-reg-cols  tatsu-clearfix tatsu-HyldtQDi0j\" ><div  class=\"tatsu-row \" ><div  class=\"tatsu-column  tatsu-bg-overlay tatsu-one-col tatsu-column-image-none tatsu-column-effect-none  tatsu-rkOY7Ds0o\"  data-parallax-speed=\"0\" style=\"\"><div class=\"tatsu-column-inner \" ><div class=\"tatsu-column-pad-wrap\"><div class=\"tatsu-column-pad\" ><div  class=\"tatsu-module tatsu-text-block-wrap tatsu-SkMo7DiCo  \"><div class=\"tatsu-text-inner tatsu-align-center  clearfix\" ><style>.tatsu-SkMo7DiCo.tatsu-text-block-wrap .tatsu-text-inner{width: 100%;text-align: left;}<\/style>\n<h2><b>Expedici\u00f3n Sa Riera<\/b><\/h2>\n<\/div><\/div><div  class=\"tatsu-module tatsu-text-block-wrap tatsu-S1pSEvjAi  \"><div class=\"tatsu-text-inner tatsu-align-center  clearfix\" ><style>.tatsu-S1pSEvjAi.tatsu-text-block-wrap .tatsu-text-inner{width: 100%;text-align: left;}<\/style>\n<p><span style=\"font-weight: 400;\">Para trabajar sobre los efectos que tiene el modelo tur\u00edstico de nuestra Ciudad sobre el espacio p\u00fablico, buscamos el juego con los rastros, los escombros, los restos que quedan de una explotaci\u00f3n de los recursos y los cuerpos que habitamos la turistificaci\u00f3n.<\/span><\/p>\n<p><span style=\"font-weight: 400;\">Por eso propusimos una acci\u00f3n abierta y participativa, donde las invitadas pod\u00edan ser tanto observadoras como accionadoras. Hicimos una expedici\u00f3n al torrente de Sa Riera, invitando a las participantes a registrar y recoger los peque\u00f1os tesoros y rastros que encontraran. Luego el Colectivo limpi\u00f3 todo lo encontrado con el objetivo de convertir los elementos en material para la construcci\u00f3n de souvenirs creativos, sarc\u00e1sticos y sostenibles.<\/span><\/p>\n<p><span style=\"font-weight: 400;\">Este proyecto ha recibido el apoyo de la convocatoria de creaci\u00f3n del CAC 2022, con el Casal Solleric y el Ajuntament de Palma.<\/span><\/p>\n<\/div><\/div><div id = \"\" class=\"tatsu-code tatsu-module tatsu-hcvv0a70gictut84   \"  ><iframe  src=\"https:\/\/www.youtube.com\/embed\/bUDeWUOX4Jo\" title=\"YouTube video player\" frameborder=\"0\" allow=\"accelerometer; autoplay; clipboard-write; encrypted-media; gyroscope; picture-in-picture; web-share\" allowfullscreen><\/iframe><style>.tatsu-hcvv0a70gictut84{margin: 0px 0px 50px 0px;}<\/style><\/div><div  class=\"tatsu-gallery-wrap tatsu-gallery-module tatsu-module 0 tatsu-Bk33-ui0i   \" ><div class=\"gallery   style1-hover \"  ><div class=\"gallery-container be-grid be-row be-cols-3 clickable clearfix  \" data-aspect-ratio=\"1.6\" data-animation-target = \".gallery-thumb-img-wrap\" data-cols=\"3\" data-scroll-reveal = \"1\" data-animation = \"fadeIn\" data-gutter=\"40\" data-layout=\"metro\" ><div class=\"gallery-cell be-col be-hoverlay  not-wide no-wide-width-height style1-hover \" ><div class=\"gallery-cell-inner\"\"><a data-thumb = \"https:\/\/collectiuguilis.com\/wp-content\/uploads\/2023\/02\/IMG_20221231_162601_891-150x150.jpg\" href=\"https:\/\/collectiuguilis.com\/wp-content\/uploads\/2023\/02\/IMG_20221231_162601_891.jpg\"  class=\"thumb-anchor mobx  \" data-rel=\"my-galleryBk33-ui0i\" title=\"\"><div class=\"thumb-wrap\"><div style = \"padding-bottom : 62.5%;\" class=\"gallery-thumb-img-wrap be-grid-placeholder none-effect\"  ><img decoding=\"async\" class=\"\"  src=\"https:\/\/collectiuguilis.com\/wp-content\/uploads\/2023\/02\/IMG_20221231_162601_891-650x385.jpg\" alt=\"\" \/><\/div><\/div><div class=\"thumb-overlay\"><div class=\"thumb-bg\"><div class=\"thumb-title-wrap display-table-cell vertical-align-middle align-center fadeIn animated\"><\/div><\/div><\/div><\/a><\/div><\/div><div class=\"gallery-cell be-col be-hoverlay  not-wide no-wide-width-height style1-hover \" ><div class=\"gallery-cell-inner\"\"><a data-thumb = \"https:\/\/collectiuguilis.com\/wp-content\/uploads\/2023\/02\/IMG_20221231_162601_764-150x150.jpg\" href=\"https:\/\/collectiuguilis.com\/wp-content\/uploads\/2023\/02\/IMG_20221231_162601_764.jpg\"  class=\"thumb-anchor mobx  \" data-rel=\"my-galleryBk33-ui0i\" title=\"\"><div class=\"thumb-wrap\"><div style = \"padding-bottom : 62.5%;\" class=\"gallery-thumb-img-wrap be-grid-placeholder none-effect\"  ><img decoding=\"async\" class=\"\"  src=\"https:\/\/collectiuguilis.com\/wp-content\/uploads\/2023\/02\/IMG_20221231_162601_764-650x385.jpg\" alt=\"\" \/><\/div><\/div><div class=\"thumb-overlay\"><div class=\"thumb-bg\"><div class=\"thumb-title-wrap display-table-cell vertical-align-middle align-center fadeIn animated\"><\/div><\/div><\/div><\/a><\/div><\/div><div class=\"gallery-cell be-col be-hoverlay  not-wide no-wide-width-height style1-hover \" ><div class=\"gallery-cell-inner\"\"><a data-thumb = \"https:\/\/collectiuguilis.com\/wp-content\/uploads\/2023\/02\/IMG_20221231_162549_546-150x150.jpg\" href=\"https:\/\/collectiuguilis.com\/wp-content\/uploads\/2023\/02\/IMG_20221231_162549_546.jpg\"  class=\"thumb-anchor mobx  \" data-rel=\"my-galleryBk33-ui0i\" title=\"\"><div class=\"thumb-wrap\"><div style = \"padding-bottom : 62.5%;\" class=\"gallery-thumb-img-wrap be-grid-placeholder none-effect\"  ><img decoding=\"async\" class=\"\"  src=\"https:\/\/collectiuguilis.com\/wp-content\/uploads\/2023\/02\/IMG_20221231_162549_546-650x385.jpg\" alt=\"\" \/><\/div><\/div><div class=\"thumb-overlay\"><div class=\"thumb-bg\"><div class=\"thumb-title-wrap display-table-cell vertical-align-middle align-center fadeIn animated\"><\/div><\/div><\/div><\/a><\/div><\/div><div class=\"gallery-cell be-col be-hoverlay  not-wide no-wide-width-height style1-hover \" ><div class=\"gallery-cell-inner\"\"><a data-thumb = \"https:\/\/collectiuguilis.com\/wp-content\/uploads\/2023\/02\/IMG_20221231_162540_729-150x150.jpg\" href=\"https:\/\/collectiuguilis.com\/wp-content\/uploads\/2023\/02\/IMG_20221231_162540_729.jpg\"  class=\"thumb-anchor mobx  \" data-rel=\"my-galleryBk33-ui0i\" title=\"\"><div class=\"thumb-wrap\"><div style = \"padding-bottom : 62.5%;\" class=\"gallery-thumb-img-wrap be-grid-placeholder none-effect\"  ><img decoding=\"async\" class=\"\"  src=\"https:\/\/collectiuguilis.com\/wp-content\/uploads\/2023\/02\/IMG_20221231_162540_729-650x385.jpg\" alt=\"\" \/><\/div><\/div><div class=\"thumb-overlay\"><div class=\"thumb-bg\"><div class=\"thumb-title-wrap display-table-cell vertical-align-middle align-center fadeIn animated\"><\/div><\/div><\/div><\/a><\/div><\/div><\/div><\/div><style>.tatsu-Bk33-ui0i .gallery-container{margin: 0 -20px;}.tatsu-Bk33-ui0i .gallery-container .gallery-cell.be-col{margin-bottom: 40px;}.tatsu-Bk33-ui0i .gallery-container .gallery-cell.be-col {padding: 0 20px;}.tatsu-Bk33-ui0i.tatsu-gallery-module .gallery-container {margin-bottom: -40px !important;}.tatsu-Bk33-ui0i.tatsu-gallery-module .thumb-title{color: #fff ;}.tatsu-Bk33-ui0i.tatsu-gallery-module .thumb-bg{background-color: rgba(252,222,90,1);}<\/style><\/div><\/div><\/div><div class = \"tatsu-column-bg-image-wrap\"><div class = \"tatsu-column-bg-image\" ><\/div><\/div><div class=\"tatsu-overlay tatsu-column-overlay tatsu-animate-none\" ><\/div><\/div><style>.tatsu-row > .tatsu-rkOY7Ds0o.tatsu-column{width: 100%;}.tatsu-rkOY7Ds0o.tatsu-column > .tatsu-column-inner > .tatsu-column-overlay{mix-blend-mode: normal;}.tatsu-rkOY7Ds0o > .tatsu-column-inner > .tatsu-top-divider{z-index: 9999;}.tatsu-rkOY7Ds0o > .tatsu-column-inner > .tatsu-bottom-divider{z-index: 9999;}.tatsu-rkOY7Ds0o > .tatsu-column-inner > .tatsu-left-divider{z-index: 9999;}.tatsu-rkOY7Ds0o > .tatsu-column-inner > .tatsu-right-divider{z-index: 9999;}@media only screen and (max-width:1377px) {.tatsu-row > .tatsu-rkOY7Ds0o.tatsu-column{width: 100%;}}@media only screen and (min-width:768px) and (max-width: 1024px) {.tatsu-row > .tatsu-rkOY7Ds0o.tatsu-column{width: 100%;}}@media only screen and (max-width: 767px) {.tatsu-row > .tatsu-rkOY7Ds0o.tatsu-column{width: 100%;}}<\/style><\/div><\/div><\/div><\/div><div class=\"tatsu-section-background-wrap\"><div class = \"tatsu-section-background\" ><\/div><\/div><div class=\"tatsu-overlay tatsu-section-overlay\"><\/div><style>.tatsu-Hkb_F7woRj .tatsu-section-background{background-image: url(https:\/\/collectiuguilis.com\/wp-content\/uploads\/2021\/11\/Fons_Voltejat-scaled.jpg);background-repeat: no-repeat;background-attachment: scroll;background-position: top left;background-size: cover;}.tatsu-Hkb_F7woRj .tatsu-bg-blur{background-repeat: no-repeat;background-attachment: scroll;background-position: top left;background-size: cover;}.tatsu-Hkb_F7woRj .tatsu-section-pad{padding: 90px 0px 90px 0px;}.tatsu-Hkb_F7woRj .tatsu-section-offset-wrap{transform: translateY(-0px);}.tatsu-Hkb_F7woRj > .tatsu-bottom-divider{z-index: 9999;}.tatsu-Hkb_F7woRj > .tatsu-top-divider{z-index: 9999;}.tatsu-Hkb_F7woRj .tatsu-section-overlay{mix-blend-mode: normal;}<\/style><\/div>\n","protected":false},"excerpt":{"rendered":"<div><a href=\"https:\/\/collectiuguilis.com\/es\/expedicion-torrent-de-sa-riera\/\" class=\"exp-read-more exp-read-more-underlined\">Read More<\/a><\/div>\n","protected":false},"author":1,"featured_media":0,"parent":0,"menu_order":0,"comment_status":"closed","ping_status":"closed","template":"","meta":{"footnotes":""},"class_list":["post-809","page","type-page","status-publish","hentry"],"_links":{"self":[{"href":"https:\/\/collectiuguilis.com\/es\/wp-json\/wp\/v2\/pages\/809","targetHints":{"allow":["GET"]}}],"collection":[{"href":"https:\/\/collectiuguilis.com\/es\/wp-json\/wp\/v2\/pages"}],"about":[{"href":"https:\/\/collectiuguilis.com\/es\/wp-json\/wp\/v2\/types\/page"}],"author":[{"embeddable":true,"href":"https:\/\/collectiuguilis.com\/es\/wp-json\/wp\/v2\/users\/1"}],"replies":[{"embeddable":true,"href":"https:\/\/collectiuguilis.com\/es\/wp-json\/wp\/v2\/comments?post=809"}],"version-history":[{"count":6,"href":"https:\/\/collectiuguilis.com\/es\/wp-json\/wp\/v2\/pages\/809\/revisions"}],"predecessor-version":[{"id":988,"href":"https:\/\/collectiuguilis.com\/es\/wp-json\/wp\/v2\/pages\/809\/revisions\/988"}],"wp:attachment":[{"href":"https:\/\/collectiuguilis.com\/es\/wp-json\/wp\/v2\/media?parent=809"}],"curies":[{"name":"wp","href":"https:\/\/api.w.org\/{rel}","templated":true}]}}