{"id":735,"date":"2022-12-23T11:21:59","date_gmt":"2022-12-23T11:21:59","guid":{"rendered":"https:\/\/collectiuguilis.com\/?page_id=735"},"modified":"2022-12-23T11:31:04","modified_gmt":"2022-12-23T11:31:04","slug":"encuentro-la-casa-del-poble-2","status":"publish","type":"page","link":"https:\/\/collectiuguilis.com\/es\/encuentro-la-casa-del-poble-2\/","title":{"rendered":"ENCUENTRO: LA CASA DEL POBLE"},"content":{"rendered":"<div  class=\"tatsu-ryW5D1fmKj tatsu-section  tatsu-bg-overlay   tatsu-clearfix\" data-title=\"\"  data-headerscheme=\"background--dark\"><div class='tatsu-section-pad clearfix' data-padding='{\"d\":\"90px 0px 90px 0px\"}' data-padding-top='90px'><div class=\"tatsu-row-wrap  tatsu-wrap tatsu-row-one-col tatsu-row-has-one-cols tatsu-medium-gutter tatsu-reg-cols  tatsu-clearfix tatsu-H1l5DkzXFj\" ><div  class=\"tatsu-row \" ><div  class=\"tatsu-column  tatsu-bg-overlay tatsu-one-col tatsu-column-image-none tatsu-column-effect-none  tatsu-BJcDyf7ti\"  data-parallax-speed=\"0\" style=\"\"><div class=\"tatsu-column-inner \" ><div class=\"tatsu-column-pad-wrap\"><div class=\"tatsu-column-pad\" ><div  class=\"tatsu-module tatsu-text-block-wrap tatsu-rkitkz7Ks  \"><div class=\"tatsu-text-inner tatsu-align-center  clearfix\" ><style>.tatsu-rkitkz7Ks.tatsu-text-block-wrap .tatsu-text-inner{width: 100%;text-align: left;}<\/style>\n<h2><b>ENCUENTRO: CASA DEL POBLE<\/b><\/h2>\n<\/div><\/div><div  class=\"tatsu-module tatsu-text-block-wrap tatsu-Byi5yGmto  \"><div class=\"tatsu-text-inner tatsu-align-center  clearfix\" ><style>.tatsu-Byi5yGmto.tatsu-text-block-wrap .tatsu-text-inner{width: 100%;text-align: left;}<\/style>\n<p><strong>Fecha:<\/strong>\u00a019\/06\/2022<br \/><strong>Lugar:<\/strong> Calle Reina Maria Cristina<\/p>\n<\/div><\/div><div  class=\"tatsu-module tatsu-text-block-wrap tatsu-HJZ2yf7Ki  \"><div class=\"tatsu-text-inner tatsu-align-center  clearfix\" ><style>.tatsu-HJZ2yf7Ki.tatsu-text-block-wrap .tatsu-text-inner{width: 100%;text-align: left;}<\/style>\n<p><span style=\"font-weight: 400;\">El objetivo de esta intervenci\u00f3n, fue encontrarnos con las vecinas del barrio de Arxiduc para sacar las sillas y salir a tomar el fresco. El Colectivo G\u00fcilis preparamos diferentes din\u00e1micas para compartir experiencias, propuestas alrededor de la gentrificaci\u00f3n y el tejido comunitario. Terminamos la jornada con una \u201ctramponada\u201d y el visionado del documental \u201cMi Kerido Puto Barrio\u201d.<\/span><\/p>\n<p><span style=\"font-weight: 400;\">Fue una iniciativa conjunta con la Asociaci\u00f3n Amics de la Casa del Poble, donde tambi\u00e9n se invitaron otros colectivos como \u00abFlipau amb Pere Garau\u00bb y STOP desahucios.<\/span><\/p>\n<p><span style=\"font-weight: 400;\">Las preguntas por las que pasamos fueron las siguientes:<\/span><\/p>\n<p><span style=\"font-weight: 400;\">\u00bfC\u00f3mo transforma la gentrificaci\u00f3n nuestra ciudad y c\u00f3mo afecta a nuestro tejido comunitario? \u00bfQu\u00e9 espacios nos quedan? \u00bfQu\u00e9 puede hacer el arte? \u00bfC\u00f3mo hacer que el arte no sea instrumentalizado y convertido en un agente gentrificador?<\/span><\/p>\n<\/div><\/div><div  class=\"tatsu-gallery-wrap tatsu-gallery-module tatsu-module 0 tatsu-BJDBgf7Fs   \" ><div class=\"gallery   style1-hover \"  ><div class=\"gallery-container be-grid be-row be-cols-3 clickable clearfix  \" data-aspect-ratio=\"1.6\" data-animation-target = \".gallery-thumb-img-wrap\" data-cols=\"3\" data-scroll-reveal = \"1\" data-animation = \"fadeIn\" data-gutter=\"40\" data-layout=\"metro\" ><div class=\"gallery-cell be-col be-hoverlay  not-wide no-wide-width-height style1-hover \" ><div class=\"gallery-cell-inner\"\"><a data-thumb = \"https:\/\/collectiuguilis.com\/wp-content\/uploads\/2022\/12\/CASAPOBLE_05-150x150.jpg\" href=\"https:\/\/collectiuguilis.com\/wp-content\/uploads\/2022\/12\/CASAPOBLE_05.jpg\"  class=\"thumb-anchor mobx  \" data-rel=\"my-galleryBJDBgf7Fs\" title=\"\"><div class=\"thumb-wrap\"><div style = \"padding-bottom : 62.5%;\" class=\"gallery-thumb-img-wrap be-grid-placeholder none-effect\"  ><img decoding=\"async\" class=\"\"  src=\"https:\/\/collectiuguilis.com\/wp-content\/uploads\/2022\/12\/CASAPOBLE_05-650x385.jpg\" alt=\"\" \/><\/div><\/div><div class=\"thumb-overlay\"><div class=\"thumb-bg\"><div class=\"thumb-title-wrap display-table-cell vertical-align-middle align-center fadeIn animated\"><\/div><\/div><\/div><\/a><\/div><\/div><div class=\"gallery-cell be-col be-hoverlay  not-wide no-wide-width-height style1-hover \" ><div class=\"gallery-cell-inner\"\"><a data-thumb = \"https:\/\/collectiuguilis.com\/wp-content\/uploads\/2022\/12\/CASAPOBLE_02-150x150.jpg\" href=\"https:\/\/collectiuguilis.com\/wp-content\/uploads\/2022\/12\/CASAPOBLE_02.jpg\"  class=\"thumb-anchor mobx  \" data-rel=\"my-galleryBJDBgf7Fs\" title=\"\"><div class=\"thumb-wrap\"><div style = \"padding-bottom : 62.5%;\" class=\"gallery-thumb-img-wrap be-grid-placeholder none-effect\"  ><img decoding=\"async\" class=\"\"  src=\"https:\/\/collectiuguilis.com\/wp-content\/uploads\/2022\/12\/CASAPOBLE_02-650x385.jpg\" alt=\"\" \/><\/div><\/div><div class=\"thumb-overlay\"><div class=\"thumb-bg\"><div class=\"thumb-title-wrap display-table-cell vertical-align-middle align-center fadeIn animated\"><\/div><\/div><\/div><\/a><\/div><\/div><div class=\"gallery-cell be-col be-hoverlay  not-wide no-wide-width-height style1-hover \" ><div class=\"gallery-cell-inner\"\"><a data-thumb = \"https:\/\/collectiuguilis.com\/wp-content\/uploads\/2022\/12\/CASAPOBLE_03-150x150.jpg\" href=\"https:\/\/collectiuguilis.com\/wp-content\/uploads\/2022\/12\/CASAPOBLE_03.jpg\"  class=\"thumb-anchor mobx  \" data-rel=\"my-galleryBJDBgf7Fs\" title=\"\"><div class=\"thumb-wrap\"><div style = \"padding-bottom : 62.5%;\" class=\"gallery-thumb-img-wrap be-grid-placeholder none-effect\"  ><img decoding=\"async\" class=\"\"  src=\"https:\/\/collectiuguilis.com\/wp-content\/uploads\/2022\/12\/CASAPOBLE_03-650x385.jpg\" alt=\"\" \/><\/div><\/div><div class=\"thumb-overlay\"><div class=\"thumb-bg\"><div class=\"thumb-title-wrap display-table-cell vertical-align-middle align-center fadeIn animated\"><\/div><\/div><\/div><\/a><\/div><\/div><\/div><\/div><style>.tatsu-BJDBgf7Fs .gallery-container{margin: 0 -20px;}.tatsu-BJDBgf7Fs .gallery-container .gallery-cell.be-col{margin-bottom: 40px;}.tatsu-BJDBgf7Fs .gallery-container .gallery-cell.be-col {padding: 0 20px;}.tatsu-BJDBgf7Fs.tatsu-gallery-module .gallery-container {margin-bottom: -40px !important;}.tatsu-BJDBgf7Fs.tatsu-gallery-module .thumb-title{color: #fff ;}.tatsu-BJDBgf7Fs.tatsu-gallery-module .thumb-bg{background-color: rgba(252,222,90,1);}<\/style><\/div><\/div><\/div><div class = \"tatsu-column-bg-image-wrap\"><div class = \"tatsu-column-bg-image\" ><\/div><\/div><div class=\"tatsu-overlay tatsu-column-overlay tatsu-animate-none\" ><\/div><\/div><style>.tatsu-row > .tatsu-BJcDyf7ti.tatsu-column{width: 100%;}.tatsu-BJcDyf7ti.tatsu-column > .tatsu-column-inner > .tatsu-column-overlay{mix-blend-mode: normal;}.tatsu-BJcDyf7ti > .tatsu-column-inner > .tatsu-top-divider{z-index: 9999;}.tatsu-BJcDyf7ti > .tatsu-column-inner > .tatsu-bottom-divider{z-index: 9999;}.tatsu-BJcDyf7ti > .tatsu-column-inner > .tatsu-left-divider{z-index: 9999;}.tatsu-BJcDyf7ti > .tatsu-column-inner > .tatsu-right-divider{z-index: 9999;}@media only screen and (max-width:1377px) {.tatsu-row > .tatsu-BJcDyf7ti.tatsu-column{width: 100%;}}@media only screen and (min-width:768px) and (max-width: 1024px) {.tatsu-row > .tatsu-BJcDyf7ti.tatsu-column{width: 100%;}}@media only screen and (max-width: 767px) {.tatsu-row > .tatsu-BJcDyf7ti.tatsu-column{width: 100%;}}<\/style><\/div><\/div><\/div><\/div><div class=\"tatsu-section-background-wrap\"><div class = \"tatsu-section-background\" ><\/div><\/div><div class=\"tatsu-overlay tatsu-section-overlay\"><\/div><style>.tatsu-ryW5D1fmKj .tatsu-section-background{background-image: url(https:\/\/collectiuguilis.com\/wp-content\/uploads\/2021\/11\/Fons_Voltejat-scaled.jpg);background-repeat: no-repeat;background-attachment: scroll;background-position: top left;background-size: cover;}.tatsu-ryW5D1fmKj .tatsu-bg-blur{background-repeat: no-repeat;background-attachment: scroll;background-position: top left;background-size: cover;}.tatsu-ryW5D1fmKj .tatsu-section-pad{padding: 90px 0px 90px 0px;}.tatsu-ryW5D1fmKj .tatsu-section-offset-wrap{transform: translateY(-0px);}.tatsu-ryW5D1fmKj > .tatsu-bottom-divider{z-index: 9999;}.tatsu-ryW5D1fmKj > .tatsu-top-divider{z-index: 9999;}.tatsu-ryW5D1fmKj .tatsu-section-overlay{mix-blend-mode: normal;}<\/style><\/div>\n","protected":false},"excerpt":{"rendered":"<div><a href=\"https:\/\/collectiuguilis.com\/es\/encuentro-la-casa-del-poble-2\/\" class=\"exp-read-more exp-read-more-underlined\">Read More<\/a><\/div>\n","protected":false},"author":1,"featured_media":0,"parent":0,"menu_order":0,"comment_status":"closed","ping_status":"closed","template":"","meta":{"footnotes":""},"class_list":["post-735","page","type-page","status-publish","hentry"],"_links":{"self":[{"href":"https:\/\/collectiuguilis.com\/es\/wp-json\/wp\/v2\/pages\/735","targetHints":{"allow":["GET"]}}],"collection":[{"href":"https:\/\/collectiuguilis.com\/es\/wp-json\/wp\/v2\/pages"}],"about":[{"href":"https:\/\/collectiuguilis.com\/es\/wp-json\/wp\/v2\/types\/page"}],"author":[{"embeddable":true,"href":"https:\/\/collectiuguilis.com\/es\/wp-json\/wp\/v2\/users\/1"}],"replies":[{"embeddable":true,"href":"https:\/\/collectiuguilis.com\/es\/wp-json\/wp\/v2\/comments?post=735"}],"version-history":[{"count":5,"href":"https:\/\/collectiuguilis.com\/es\/wp-json\/wp\/v2\/pages\/735\/revisions"}],"predecessor-version":[{"id":747,"href":"https:\/\/collectiuguilis.com\/es\/wp-json\/wp\/v2\/pages\/735\/revisions\/747"}],"wp:attachment":[{"href":"https:\/\/collectiuguilis.com\/es\/wp-json\/wp\/v2\/media?parent=735"}],"curies":[{"name":"wp","href":"https:\/\/api.w.org\/{rel}","templated":true}]}}