{"id":719,"date":"2022-12-23T11:06:53","date_gmt":"2022-12-23T11:06:53","guid":{"rendered":"https:\/\/collectiuguilis.com\/?page_id=719"},"modified":"2023-04-12T07:59:06","modified_gmt":"2023-04-12T07:59:06","slug":"guelcome","status":"publish","type":"page","link":"https:\/\/collectiuguilis.com\/es\/guelcome\/","title":{"rendered":"G\u00dcELCOME"},"content":{"rendered":"<div  class=\"tatsu-HkboRj-mtj tatsu-section  tatsu-bg-overlay   tatsu-clearfix\" data-title=\"\"  data-headerscheme=\"background--dark\"><div class='tatsu-section-pad clearfix' data-padding='{\"d\":\"90px 0px 90px 0px\"}' data-padding-top='90px'><div class=\"tatsu-row-wrap  tatsu-wrap tatsu-row-one-col tatsu-row-has-one-cols tatsu-medium-gutter tatsu-reg-cols  tatsu-clearfix tatsu-r1xsRsbQFs\" ><div  class=\"tatsu-row \" ><div  class=\"tatsu-column  tatsu-bg-overlay tatsu-one-col tatsu-column-image-none tatsu-column-effect-none  tatsu-ByiCoW7ts\"  data-parallax-speed=\"0\" style=\"\"><div class=\"tatsu-column-inner \" ><div class=\"tatsu-column-pad-wrap\"><div class=\"tatsu-column-pad\" ><div  class=\"tatsu-module tatsu-text-block-wrap tatsu-BJ1XhWXti  \"><div class=\"tatsu-text-inner tatsu-align-center  clearfix\" ><style>.tatsu-BJ1XhWXti.tatsu-text-block-wrap .tatsu-text-inner{width: 100%;text-align: left;}<\/style>\n<h2><b>G\u00dcELCOME<\/b><\/h2>\n<\/div><\/div><div  class=\"tatsu-module tatsu-text-block-wrap tatsu-rJ47hbQYs  \"><div class=\"tatsu-text-inner tatsu-align-center  clearfix\" ><style>.tatsu-rJ47hbQYs.tatsu-text-block-wrap .tatsu-text-inner{width: 100%;text-align: left;}<\/style>\n<p><span style=\"font-weight: 400;\">G\u00fcelcome nace de la reflexi\u00f3n sobre la transformaci\u00f3n que experimenta nuestra ciudad a causa del modelo tur\u00edstico actual, y la motivaci\u00f3n para se\u00f1alarla a trav\u00e9s de la b\u00fasqueda de alternativas creativas. Nuestro objetivo es culminar el proceso con la elaboraci\u00f3n de un recorrido, una ruta (anti)tur\u00edstica compuesta por acciones e instalaciones f\u00edsicas y pl\u00e1sticas, la subversi\u00f3n de la carteler\u00eda y las im\u00e1genes del espacio, y los relatos de la comunidad y el territorio; poniendo en el centro los puntos que se han transformado, esas cosas que ya no existen, otras que se encuentran en peligro de extinci\u00f3n, y las utop\u00edas imaginables que puedan generar nuevas posibilidades.<\/span><\/p>\n<\/div><\/div><div  class=\"tatsu-gallery-wrap tatsu-gallery-module tatsu-module 0 tatsu-r1MaADoAi   \" ><div class=\"gallery   style1-hover \"  ><div class=\"gallery-container be-grid be-row be-cols-3 clickable clearfix  \" data-aspect-ratio=\"1.6\" data-animation-target = \".gallery-thumb-img-wrap\" data-cols=\"3\" data-scroll-reveal = \"1\" data-animation = \"fadeIn\" data-gutter=\"40\" data-layout=\"metro\" ><div class=\"gallery-cell be-col be-hoverlay  not-wide no-wide-width-height style1-hover \" ><div class=\"gallery-cell-inner\"\"><a data-thumb = \"https:\/\/collectiuguilis.com\/wp-content\/uploads\/2023\/02\/IMG_20221231_162847_975-150x150.jpg\" href=\"https:\/\/collectiuguilis.com\/wp-content\/uploads\/2023\/02\/IMG_20221231_162847_975.jpg\"  class=\"thumb-anchor mobx  \" data-rel=\"my-galleryr1MaADoAi\" title=\"\"><div class=\"thumb-wrap\"><div style = \"padding-bottom : 62.5%;\" class=\"gallery-thumb-img-wrap be-grid-placeholder none-effect\"  ><img decoding=\"async\" class=\"\"  src=\"https:\/\/collectiuguilis.com\/wp-content\/uploads\/2023\/02\/IMG_20221231_162847_975-650x385.jpg\" alt=\"\" \/><\/div><\/div><div class=\"thumb-overlay\"><div class=\"thumb-bg\"><div class=\"thumb-title-wrap display-table-cell vertical-align-middle align-center fadeIn animated\"><\/div><\/div><\/div><\/a><\/div><\/div><div class=\"gallery-cell be-col be-hoverlay  not-wide no-wide-width-height style1-hover \" ><div class=\"gallery-cell-inner\"\"><a data-thumb = \"https:\/\/collectiuguilis.com\/wp-content\/uploads\/2023\/02\/IMG_20221231_162842_007-150x150.jpg\" href=\"https:\/\/collectiuguilis.com\/wp-content\/uploads\/2023\/02\/IMG_20221231_162842_007.jpg\"  class=\"thumb-anchor mobx  \" data-rel=\"my-galleryr1MaADoAi\" title=\"\"><div class=\"thumb-wrap\"><div style = \"padding-bottom : 62.5%;\" class=\"gallery-thumb-img-wrap be-grid-placeholder none-effect\"  ><img decoding=\"async\" class=\"\"  src=\"https:\/\/collectiuguilis.com\/wp-content\/uploads\/2023\/02\/IMG_20221231_162842_007-650x385.jpg\" alt=\"\" \/><\/div><\/div><div class=\"thumb-overlay\"><div class=\"thumb-bg\"><div class=\"thumb-title-wrap display-table-cell vertical-align-middle align-center fadeIn animated\"><\/div><\/div><\/div><\/a><\/div><\/div><div class=\"gallery-cell be-col be-hoverlay  not-wide no-wide-width-height style1-hover \" ><div class=\"gallery-cell-inner\"\"><a data-thumb = \"https:\/\/collectiuguilis.com\/wp-content\/uploads\/2023\/02\/IMG_20221231_162837_154-150x150.jpg\" href=\"https:\/\/collectiuguilis.com\/wp-content\/uploads\/2023\/02\/IMG_20221231_162837_154.jpg\"  class=\"thumb-anchor mobx  \" data-rel=\"my-galleryr1MaADoAi\" title=\"\"><div class=\"thumb-wrap\"><div style = \"padding-bottom : 62.5%;\" class=\"gallery-thumb-img-wrap be-grid-placeholder none-effect\"  ><img decoding=\"async\" class=\"\"  src=\"https:\/\/collectiuguilis.com\/wp-content\/uploads\/2023\/02\/IMG_20221231_162837_154-650x385.jpg\" alt=\"\" \/><\/div><\/div><div class=\"thumb-overlay\"><div class=\"thumb-bg\"><div class=\"thumb-title-wrap display-table-cell vertical-align-middle align-center fadeIn animated\"><\/div><\/div><\/div><\/a><\/div><\/div><div class=\"gallery-cell be-col be-hoverlay  not-wide no-wide-width-height style1-hover \" ><div class=\"gallery-cell-inner\"\"><a data-thumb = \"https:\/\/collectiuguilis.com\/wp-content\/uploads\/2023\/02\/IMG_20221231_162828_376-150x150.jpg\" href=\"https:\/\/collectiuguilis.com\/wp-content\/uploads\/2023\/02\/IMG_20221231_162828_376.jpg\"  class=\"thumb-anchor mobx  \" data-rel=\"my-galleryr1MaADoAi\" title=\"\"><div class=\"thumb-wrap\"><div style = \"padding-bottom : 62.5%;\" class=\"gallery-thumb-img-wrap be-grid-placeholder none-effect\"  ><img decoding=\"async\" class=\"\"  src=\"https:\/\/collectiuguilis.com\/wp-content\/uploads\/2023\/02\/IMG_20221231_162828_376-650x385.jpg\" alt=\"\" \/><\/div><\/div><div class=\"thumb-overlay\"><div class=\"thumb-bg\"><div class=\"thumb-title-wrap display-table-cell vertical-align-middle align-center fadeIn animated\"><\/div><\/div><\/div><\/a><\/div><\/div><div class=\"gallery-cell be-col be-hoverlay  not-wide no-wide-width-height style1-hover \" ><div class=\"gallery-cell-inner\"\"><a data-thumb = \"https:\/\/collectiuguilis.com\/wp-content\/uploads\/2023\/02\/IMG_20221231_162812_811-150x150.jpg\" href=\"https:\/\/collectiuguilis.com\/wp-content\/uploads\/2023\/02\/IMG_20221231_162812_811.jpg\"  class=\"thumb-anchor mobx  \" data-rel=\"my-galleryr1MaADoAi\" title=\"\"><div class=\"thumb-wrap\"><div style = \"padding-bottom : 62.5%;\" class=\"gallery-thumb-img-wrap be-grid-placeholder none-effect\"  ><img decoding=\"async\" class=\"\"  src=\"https:\/\/collectiuguilis.com\/wp-content\/uploads\/2023\/02\/IMG_20221231_162812_811-650x385.jpg\" alt=\"\" \/><\/div><\/div><div class=\"thumb-overlay\"><div class=\"thumb-bg\"><div class=\"thumb-title-wrap display-table-cell vertical-align-middle align-center fadeIn animated\"><\/div><\/div><\/div><\/a><\/div><\/div><div class=\"gallery-cell be-col be-hoverlay  not-wide no-wide-width-height style1-hover \" ><div class=\"gallery-cell-inner\"\"><a data-thumb = \"https:\/\/collectiuguilis.com\/wp-content\/uploads\/2023\/02\/IMG_20221231_162728_282-150x150.jpg\" href=\"https:\/\/collectiuguilis.com\/wp-content\/uploads\/2023\/02\/IMG_20221231_162728_282.jpg\"  class=\"thumb-anchor mobx  \" data-rel=\"my-galleryr1MaADoAi\" title=\"\"><div class=\"thumb-wrap\"><div style = \"padding-bottom : 62.5%;\" class=\"gallery-thumb-img-wrap be-grid-placeholder none-effect\"  ><img decoding=\"async\" class=\"\"  src=\"https:\/\/collectiuguilis.com\/wp-content\/uploads\/2023\/02\/IMG_20221231_162728_282-650x385.jpg\" alt=\"\" \/><\/div><\/div><div class=\"thumb-overlay\"><div class=\"thumb-bg\"><div class=\"thumb-title-wrap display-table-cell vertical-align-middle align-center fadeIn animated\"><\/div><\/div><\/div><\/a><\/div><\/div><div class=\"gallery-cell be-col be-hoverlay  not-wide no-wide-width-height style1-hover \" ><div class=\"gallery-cell-inner\"\"><a data-thumb = \"https:\/\/collectiuguilis.com\/wp-content\/uploads\/2023\/02\/IMG_20221231_162722_189-150x150.jpg\" href=\"https:\/\/collectiuguilis.com\/wp-content\/uploads\/2023\/02\/IMG_20221231_162722_189.jpg\"  class=\"thumb-anchor mobx  \" data-rel=\"my-galleryr1MaADoAi\" title=\"\"><div class=\"thumb-wrap\"><div style = \"padding-bottom : 62.5%;\" class=\"gallery-thumb-img-wrap be-grid-placeholder none-effect\"  ><img decoding=\"async\" class=\"\"  src=\"https:\/\/collectiuguilis.com\/wp-content\/uploads\/2023\/02\/IMG_20221231_162722_189-650x385.jpg\" alt=\"\" \/><\/div><\/div><div class=\"thumb-overlay\"><div class=\"thumb-bg\"><div class=\"thumb-title-wrap display-table-cell vertical-align-middle align-center fadeIn animated\"><\/div><\/div><\/div><\/a><\/div><\/div><div class=\"gallery-cell be-col be-hoverlay  not-wide no-wide-width-height style1-hover \" ><div class=\"gallery-cell-inner\"\"><a data-thumb = \"https:\/\/collectiuguilis.com\/wp-content\/uploads\/2023\/02\/IMG_20221231_162715_840-150x150.jpg\" href=\"https:\/\/collectiuguilis.com\/wp-content\/uploads\/2023\/02\/IMG_20221231_162715_840.jpg\"  class=\"thumb-anchor mobx  \" data-rel=\"my-galleryr1MaADoAi\" title=\"\"><div class=\"thumb-wrap\"><div style = \"padding-bottom : 62.5%;\" class=\"gallery-thumb-img-wrap be-grid-placeholder none-effect\"  ><img decoding=\"async\" class=\"\"  src=\"https:\/\/collectiuguilis.com\/wp-content\/uploads\/2023\/02\/IMG_20221231_162715_840-650x385.jpg\" alt=\"\" \/><\/div><\/div><div class=\"thumb-overlay\"><div class=\"thumb-bg\"><div class=\"thumb-title-wrap display-table-cell vertical-align-middle align-center fadeIn animated\"><\/div><\/div><\/div><\/a><\/div><\/div><div class=\"gallery-cell be-col be-hoverlay  not-wide no-wide-width-height style1-hover \" ><div class=\"gallery-cell-inner\"\"><a data-thumb = \"https:\/\/collectiuguilis.com\/wp-content\/uploads\/2023\/02\/IMG_20221231_162703_697-150x150.jpg\" href=\"https:\/\/collectiuguilis.com\/wp-content\/uploads\/2023\/02\/IMG_20221231_162703_697.jpg\"  class=\"thumb-anchor mobx  \" data-rel=\"my-galleryr1MaADoAi\" title=\"\"><div class=\"thumb-wrap\"><div style = \"padding-bottom : 62.5%;\" class=\"gallery-thumb-img-wrap be-grid-placeholder none-effect\"  ><img decoding=\"async\" class=\"\"  src=\"https:\/\/collectiuguilis.com\/wp-content\/uploads\/2023\/02\/IMG_20221231_162703_697-650x385.jpg\" alt=\"\" \/><\/div><\/div><div class=\"thumb-overlay\"><div class=\"thumb-bg\"><div class=\"thumb-title-wrap display-table-cell vertical-align-middle align-center fadeIn animated\"><\/div><\/div><\/div><\/a><\/div><\/div><div class=\"gallery-cell be-col be-hoverlay  not-wide no-wide-width-height style1-hover \" ><div class=\"gallery-cell-inner\"\"><a data-thumb = \"https:\/\/collectiuguilis.com\/wp-content\/uploads\/2023\/02\/IMG_20221231_162659_104-150x150.jpg\" href=\"https:\/\/collectiuguilis.com\/wp-content\/uploads\/2023\/02\/IMG_20221231_162659_104.jpg\"  class=\"thumb-anchor mobx  \" data-rel=\"my-galleryr1MaADoAi\" title=\"\"><div class=\"thumb-wrap\"><div style = \"padding-bottom : 62.5%;\" class=\"gallery-thumb-img-wrap be-grid-placeholder none-effect\"  ><img decoding=\"async\" class=\"\"  src=\"https:\/\/collectiuguilis.com\/wp-content\/uploads\/2023\/02\/IMG_20221231_162659_104-650x385.jpg\" alt=\"\" \/><\/div><\/div><div class=\"thumb-overlay\"><div class=\"thumb-bg\"><div class=\"thumb-title-wrap display-table-cell vertical-align-middle align-center fadeIn animated\"><\/div><\/div><\/div><\/a><\/div><\/div><div class=\"gallery-cell be-col be-hoverlay  not-wide no-wide-width-height style1-hover \" ><div class=\"gallery-cell-inner\"\"><a data-thumb = \"https:\/\/collectiuguilis.com\/wp-content\/uploads\/2023\/02\/IMG_20221231_162635_237-150x150.jpg\" href=\"https:\/\/collectiuguilis.com\/wp-content\/uploads\/2023\/02\/IMG_20221231_162635_237.jpg\"  class=\"thumb-anchor mobx  \" data-rel=\"my-galleryr1MaADoAi\" title=\"\"><div class=\"thumb-wrap\"><div style = \"padding-bottom : 62.5%;\" class=\"gallery-thumb-img-wrap be-grid-placeholder none-effect\"  ><img decoding=\"async\" class=\"\"  src=\"https:\/\/collectiuguilis.com\/wp-content\/uploads\/2023\/02\/IMG_20221231_162635_237-650x385.jpg\" alt=\"\" \/><\/div><\/div><div class=\"thumb-overlay\"><div class=\"thumb-bg\"><div class=\"thumb-title-wrap display-table-cell vertical-align-middle align-center fadeIn animated\"><\/div><\/div><\/div><\/a><\/div><\/div><div class=\"gallery-cell be-col be-hoverlay  not-wide no-wide-width-height style1-hover \" ><div class=\"gallery-cell-inner\"\"><a data-thumb = \"https:\/\/collectiuguilis.com\/wp-content\/uploads\/2023\/02\/IMG_20221231_162616_596-150x150.jpg\" href=\"https:\/\/collectiuguilis.com\/wp-content\/uploads\/2023\/02\/IMG_20221231_162616_596.jpg\"  class=\"thumb-anchor mobx  \" data-rel=\"my-galleryr1MaADoAi\" title=\"\"><div class=\"thumb-wrap\"><div style = \"padding-bottom : 62.5%;\" class=\"gallery-thumb-img-wrap be-grid-placeholder none-effect\"  ><img decoding=\"async\" class=\"\"  src=\"https:\/\/collectiuguilis.com\/wp-content\/uploads\/2023\/02\/IMG_20221231_162616_596-650x385.jpg\" alt=\"\" \/><\/div><\/div><div class=\"thumb-overlay\"><div class=\"thumb-bg\"><div class=\"thumb-title-wrap display-table-cell vertical-align-middle align-center fadeIn animated\"><\/div><\/div><\/div><\/a><\/div><\/div><div class=\"gallery-cell be-col be-hoverlay  not-wide no-wide-width-height style1-hover \" ><div class=\"gallery-cell-inner\"\"><a data-thumb = \"https:\/\/collectiuguilis.com\/wp-content\/uploads\/2023\/02\/Postal-24-150x150.jpg\" href=\"https:\/\/collectiuguilis.com\/wp-content\/uploads\/2023\/02\/Postal-24.jpg\"  class=\"thumb-anchor mobx  \" data-rel=\"my-galleryr1MaADoAi\" title=\"\"><div class=\"thumb-wrap\"><div style = \"padding-bottom : 62.5%;\" class=\"gallery-thumb-img-wrap be-grid-placeholder none-effect\"  ><img decoding=\"async\" class=\"\"  src=\"https:\/\/collectiuguilis.com\/wp-content\/uploads\/2023\/02\/Postal-24-650x385.jpg\" alt=\"\" \/><\/div><\/div><div class=\"thumb-overlay\"><div class=\"thumb-bg\"><div class=\"thumb-title-wrap display-table-cell vertical-align-middle align-center fadeIn animated\"><\/div><\/div><\/div><\/a><\/div><\/div><div class=\"gallery-cell be-col be-hoverlay  not-wide no-wide-width-height style1-hover \" ><div class=\"gallery-cell-inner\"\"><a data-thumb = \"https:\/\/collectiuguilis.com\/wp-content\/uploads\/2023\/02\/Postal-18-150x150.jpg\" href=\"https:\/\/collectiuguilis.com\/wp-content\/uploads\/2023\/02\/Postal-18.jpg\"  class=\"thumb-anchor mobx  \" data-rel=\"my-galleryr1MaADoAi\" title=\"\"><div class=\"thumb-wrap\"><div style = \"padding-bottom : 62.5%;\" class=\"gallery-thumb-img-wrap be-grid-placeholder none-effect\"  ><img decoding=\"async\" class=\"\"  src=\"https:\/\/collectiuguilis.com\/wp-content\/uploads\/2023\/02\/Postal-18-650x385.jpg\" alt=\"\" \/><\/div><\/div><div class=\"thumb-overlay\"><div class=\"thumb-bg\"><div class=\"thumb-title-wrap display-table-cell vertical-align-middle align-center fadeIn animated\"><\/div><\/div><\/div><\/a><\/div><\/div><div class=\"gallery-cell be-col be-hoverlay  not-wide no-wide-width-height style1-hover \" ><div class=\"gallery-cell-inner\"\"><a data-thumb = \"https:\/\/collectiuguilis.com\/wp-content\/uploads\/2023\/02\/Postal-17-150x150.jpg\" href=\"https:\/\/collectiuguilis.com\/wp-content\/uploads\/2023\/02\/Postal-17.jpg\"  class=\"thumb-anchor mobx  \" data-rel=\"my-galleryr1MaADoAi\" title=\"\"><div class=\"thumb-wrap\"><div style = \"padding-bottom : 62.5%;\" class=\"gallery-thumb-img-wrap be-grid-placeholder none-effect\"  ><img decoding=\"async\" class=\"\"  src=\"https:\/\/collectiuguilis.com\/wp-content\/uploads\/2023\/02\/Postal-17-650x385.jpg\" alt=\"\" \/><\/div><\/div><div class=\"thumb-overlay\"><div class=\"thumb-bg\"><div class=\"thumb-title-wrap display-table-cell vertical-align-middle align-center fadeIn animated\"><\/div><\/div><\/div><\/a><\/div><\/div><div class=\"gallery-cell be-col be-hoverlay  not-wide no-wide-width-height style1-hover \" ><div class=\"gallery-cell-inner\"\"><a data-thumb = \"https:\/\/collectiuguilis.com\/wp-content\/uploads\/2023\/02\/Postal-12-150x150.jpg\" href=\"https:\/\/collectiuguilis.com\/wp-content\/uploads\/2023\/02\/Postal-12.jpg\"  class=\"thumb-anchor mobx  \" data-rel=\"my-galleryr1MaADoAi\" title=\"\"><div class=\"thumb-wrap\"><div style = \"padding-bottom : 62.5%;\" class=\"gallery-thumb-img-wrap be-grid-placeholder none-effect\"  ><img decoding=\"async\" class=\"\"  src=\"https:\/\/collectiuguilis.com\/wp-content\/uploads\/2023\/02\/Postal-12-650x385.jpg\" alt=\"\" \/><\/div><\/div><div class=\"thumb-overlay\"><div class=\"thumb-bg\"><div class=\"thumb-title-wrap display-table-cell vertical-align-middle align-center fadeIn animated\"><\/div><\/div><\/div><\/a><\/div><\/div><div class=\"gallery-cell be-col be-hoverlay  not-wide no-wide-width-height style1-hover \" ><div class=\"gallery-cell-inner\"\"><a data-thumb = \"https:\/\/collectiuguilis.com\/wp-content\/uploads\/2023\/02\/Postal-6-150x150.jpg\" href=\"https:\/\/collectiuguilis.com\/wp-content\/uploads\/2023\/02\/Postal-6.jpg\"  class=\"thumb-anchor mobx  \" data-rel=\"my-galleryr1MaADoAi\" title=\"\"><div class=\"thumb-wrap\"><div style = \"padding-bottom : 62.5%;\" class=\"gallery-thumb-img-wrap be-grid-placeholder none-effect\"  ><img decoding=\"async\" class=\"\"  src=\"https:\/\/collectiuguilis.com\/wp-content\/uploads\/2023\/02\/Postal-6-650x385.jpg\" alt=\"\" \/><\/div><\/div><div class=\"thumb-overlay\"><div class=\"thumb-bg\"><div class=\"thumb-title-wrap display-table-cell vertical-align-middle align-center fadeIn animated\"><\/div><\/div><\/div><\/a><\/div><\/div><div class=\"gallery-cell be-col be-hoverlay  not-wide no-wide-width-height style1-hover \" ><div class=\"gallery-cell-inner\"\"><a data-thumb = \"https:\/\/collectiuguilis.com\/wp-content\/uploads\/2023\/02\/Postal-3-150x150.jpg\" href=\"https:\/\/collectiuguilis.com\/wp-content\/uploads\/2023\/02\/Postal-3.jpg\"  class=\"thumb-anchor mobx  \" data-rel=\"my-galleryr1MaADoAi\" title=\"\"><div class=\"thumb-wrap\"><div style = \"padding-bottom : 62.5%;\" class=\"gallery-thumb-img-wrap be-grid-placeholder none-effect\"  ><img decoding=\"async\" class=\"\"  src=\"https:\/\/collectiuguilis.com\/wp-content\/uploads\/2023\/02\/Postal-3-650x385.jpg\" alt=\"\" \/><\/div><\/div><div class=\"thumb-overlay\"><div class=\"thumb-bg\"><div class=\"thumb-title-wrap display-table-cell vertical-align-middle align-center fadeIn animated\"><\/div><\/div><\/div><\/a><\/div><\/div><div class=\"gallery-cell be-col be-hoverlay  not-wide no-wide-width-height style1-hover \" ><div class=\"gallery-cell-inner\"\"><a data-thumb = \"https:\/\/collectiuguilis.com\/wp-content\/uploads\/2023\/02\/Postal_25-150x150.jpg\" href=\"https:\/\/collectiuguilis.com\/wp-content\/uploads\/2023\/02\/Postal_25.jpg\"  class=\"thumb-anchor mobx  \" data-rel=\"my-galleryr1MaADoAi\" title=\"\"><div class=\"thumb-wrap\"><div style = \"padding-bottom : 62.5%;\" class=\"gallery-thumb-img-wrap be-grid-placeholder none-effect\"  ><img decoding=\"async\" class=\"\"  src=\"https:\/\/collectiuguilis.com\/wp-content\/uploads\/2023\/02\/Postal_25-650x385.jpg\" alt=\"\" \/><\/div><\/div><div class=\"thumb-overlay\"><div class=\"thumb-bg\"><div class=\"thumb-title-wrap display-table-cell vertical-align-middle align-center fadeIn animated\"><\/div><\/div><\/div><\/a><\/div><\/div><div class=\"gallery-cell be-col be-hoverlay  not-wide no-wide-width-height style1-hover \" ><div class=\"gallery-cell-inner\"\"><a data-thumb = \"https:\/\/collectiuguilis.com\/wp-content\/uploads\/2023\/02\/Postal_21-150x150.jpg\" href=\"https:\/\/collectiuguilis.com\/wp-content\/uploads\/2023\/02\/Postal_21.jpg\"  class=\"thumb-anchor mobx  \" data-rel=\"my-galleryr1MaADoAi\" title=\"\"><div class=\"thumb-wrap\"><div style = \"padding-bottom : 62.5%;\" class=\"gallery-thumb-img-wrap be-grid-placeholder none-effect\"  ><img decoding=\"async\" class=\"\"  src=\"https:\/\/collectiuguilis.com\/wp-content\/uploads\/2023\/02\/Postal_21-650x385.jpg\" alt=\"\" \/><\/div><\/div><div class=\"thumb-overlay\"><div class=\"thumb-bg\"><div class=\"thumb-title-wrap display-table-cell vertical-align-middle align-center fadeIn animated\"><\/div><\/div><\/div><\/a><\/div><\/div><\/div><\/div><style>.tatsu-r1MaADoAi .gallery-container{margin: 0 -20px;}.tatsu-r1MaADoAi .gallery-container .gallery-cell.be-col{margin-bottom: 40px;}.tatsu-r1MaADoAi .gallery-container .gallery-cell.be-col {padding: 0 20px;}.tatsu-r1MaADoAi.tatsu-gallery-module .gallery-container {margin-bottom: -40px !important;}.tatsu-r1MaADoAi.tatsu-gallery-module .thumb-title{color: #fff ;}.tatsu-r1MaADoAi.tatsu-gallery-module .thumb-bg{background-color: rgba(252,222,90,1);}<\/style><\/div><div id = \"\" class=\"tatsu-code tatsu-module tatsu-hcwz0x0z1n8s086q   \"  ><iframe  src=\"https:\/\/www.youtube.com\/embed\/bUDeWUOX4Jo\" title=\"YouTube video player\" frameborder=\"0\" allow=\"accelerometer; autoplay; clipboard-write; encrypted-media; gyroscope; picture-in-picture; web-share\" allowfullscreen><\/iframe><style>.tatsu-hcwz0x0z1n8s086q{margin: 0px 0px 50px 0px;}<\/style><\/div><div  class=\"tatsu-single-image tatsu-module align-center tatsu-image-lazyload tatsu-rkWh2ZXtj  \" ><div class=\"tatsu-single-image-inner \" style=\"width : 191px;\" ><div class = \"tatsu-single-image-padding-wrap\" style = \"padding-bottom : 55.497382198953%;\" ><\/div><img class = \"tatsu-gradient-border\" alt = \"\" title = \"logo casal solleric_ok\" data-src = \"https:\/\/collectiuguilis.com\/wp-content\/uploads\/2022\/12\/logo-casal-solleric_ok.png\" src =\"data:image\/png;base64,iVBORw0KGgoAAAANSUhEUgAAAAEAAAABCAQAAAC1HAwCAAAAC0lEQVR42mNkYAAAAAYAAjCB0C8AAAAASUVORK5CYII=\"  \/><\/div><style>.tatsu-rkWh2ZXtj .tatsu-single-image-inner{border-style: solid;max-width: 100%;}.tatsu-rkWh2ZXtj.tatsu-single-image{transform: translate3d(0px,0px, 0);}<\/style><\/div><\/div><\/div><div class = \"tatsu-column-bg-image-wrap\"><div class = \"tatsu-column-bg-image\" ><\/div><\/div><div class=\"tatsu-overlay tatsu-column-overlay tatsu-animate-none\" ><\/div><\/div><style>.tatsu-row > .tatsu-ByiCoW7ts.tatsu-column{width: 100%;}.tatsu-ByiCoW7ts.tatsu-column > .tatsu-column-inner > .tatsu-column-overlay{mix-blend-mode: normal;}.tatsu-ByiCoW7ts > .tatsu-column-inner > .tatsu-top-divider{z-index: 9999;}.tatsu-ByiCoW7ts > .tatsu-column-inner > .tatsu-bottom-divider{z-index: 9999;}.tatsu-ByiCoW7ts > .tatsu-column-inner > .tatsu-left-divider{z-index: 9999;}.tatsu-ByiCoW7ts > .tatsu-column-inner > .tatsu-right-divider{z-index: 9999;}@media only screen and (max-width:1377px) {.tatsu-row > .tatsu-ByiCoW7ts.tatsu-column{width: 100%;}}@media only screen and (min-width:768px) and (max-width: 1024px) {.tatsu-row > .tatsu-ByiCoW7ts.tatsu-column{width: 100%;}}@media only screen and (max-width: 767px) {.tatsu-row > .tatsu-ByiCoW7ts.tatsu-column{width: 100%;}}<\/style><\/div><\/div><\/div><\/div><div class=\"tatsu-section-background-wrap\"><div class = \"tatsu-section-background\" ><\/div><\/div><div class=\"tatsu-overlay tatsu-section-overlay\"><\/div><style>.tatsu-HkboRj-mtj .tatsu-section-background{background-image: url(https:\/\/collectiuguilis.com\/wp-content\/uploads\/2021\/11\/Fons_Voltejat-scaled.jpg);background-repeat: no-repeat;background-attachment: scroll;background-position: top left;background-size: cover;}.tatsu-HkboRj-mtj .tatsu-bg-blur{background-repeat: no-repeat;background-attachment: scroll;background-position: top left;background-size: cover;}.tatsu-HkboRj-mtj .tatsu-section-pad{padding: 90px 0px 90px 0px;}.tatsu-HkboRj-mtj .tatsu-section-offset-wrap{transform: translateY(-0px);}.tatsu-HkboRj-mtj > .tatsu-bottom-divider{z-index: 9999;}.tatsu-HkboRj-mtj > .tatsu-top-divider{z-index: 9999;}.tatsu-HkboRj-mtj .tatsu-section-overlay{mix-blend-mode: normal;}<\/style><\/div>\n","protected":false},"excerpt":{"rendered":"<div><a href=\"https:\/\/collectiuguilis.com\/es\/guelcome\/\" class=\"exp-read-more exp-read-more-underlined\">Read More<\/a><\/div>\n","protected":false},"author":1,"featured_media":0,"parent":0,"menu_order":0,"comment_status":"closed","ping_status":"closed","template":"","meta":{"footnotes":""},"class_list":["post-719","page","type-page","status-publish","hentry"],"_links":{"self":[{"href":"https:\/\/collectiuguilis.com\/es\/wp-json\/wp\/v2\/pages\/719","targetHints":{"allow":["GET"]}}],"collection":[{"href":"https:\/\/collectiuguilis.com\/es\/wp-json\/wp\/v2\/pages"}],"about":[{"href":"https:\/\/collectiuguilis.com\/es\/wp-json\/wp\/v2\/types\/page"}],"author":[{"embeddable":true,"href":"https:\/\/collectiuguilis.com\/es\/wp-json\/wp\/v2\/users\/1"}],"replies":[{"embeddable":true,"href":"https:\/\/collectiuguilis.com\/es\/wp-json\/wp\/v2\/comments?post=719"}],"version-history":[{"count":8,"href":"https:\/\/collectiuguilis.com\/es\/wp-json\/wp\/v2\/pages\/719\/revisions"}],"predecessor-version":[{"id":997,"href":"https:\/\/collectiuguilis.com\/es\/wp-json\/wp\/v2\/pages\/719\/revisions\/997"}],"wp:attachment":[{"href":"https:\/\/collectiuguilis.com\/es\/wp-json\/wp\/v2\/media?parent=719"}],"curies":[{"name":"wp","href":"https:\/\/api.w.org\/{rel}","templated":true}]}}