{"id":548,"date":"2022-09-27T10:39:57","date_gmt":"2022-09-27T10:39:57","guid":{"rendered":"https:\/\/collectiuguilis.com\/urbic\/"},"modified":"2023-04-11T08:45:28","modified_gmt":"2023-04-11T08:45:28","slug":"urbic","status":"publish","type":"page","link":"https:\/\/collectiuguilis.com\/es\/urbic\/","title":{"rendered":"\u00dcrbic"},"content":{"rendered":"<div  class=\"tatsu-B1UXQIlzo tatsu-section  tatsu-bg-overlay   tatsu-clearfix\" data-title=\"\"  data-headerscheme=\"background--dark\"><div class='tatsu-section-pad clearfix' data-padding='{\"d\":\"90px 0px 90px 0px\"}' data-padding-top='90px'><div class=\"tatsu-row-wrap  tatsu-wrap tatsu-row-one-col tatsu-row-has-one-cols tatsu-medium-gutter tatsu-reg-cols  tatsu-clearfix tatsu-S1xL7QLlMi\" ><div  class=\"tatsu-row \" ><div  class=\"tatsu-column  tatsu-bg-overlay tatsu-one-col tatsu-column-image-none tatsu-column-effect-none  tatsu-rkZUXmUgMo\"  data-parallax-speed=\"0\" style=\"\"><div class=\"tatsu-column-inner \" ><div class=\"tatsu-column-pad-wrap\"><div class=\"tatsu-column-pad\" ><div  class=\"tatsu-module tatsu-text-block-wrap tatsu-B1z87Q8xMj  \"><div class=\"tatsu-text-inner tatsu-align-center  clearfix\" ><style>.tatsu-B1z87Q8xMj.tatsu-text-block-wrap .tatsu-text-inner{width: 100%;text-align: left;}.tatsu-B1z87Q8xMj.tatsu-text-block-wrap{margin: 0px 0px 20px 0px;}<\/style>\n<h2><b>\u00fcrbic<\/b><\/h2>\n<\/div><\/div><div  class=\"tatsu-module tatsu-text-block-wrap tatsu-rk48XQIlMj  \"><div class=\"tatsu-text-inner tatsu-align-center  clearfix\" ><style>.tatsu-rk48XQIlMj.tatsu-text-block-wrap .tatsu-text-inner{width: 100%;text-align: left;}<\/style>\n<p><span style=\"font-weight: 400;\">\u00dcrbic parte de la investigaci\u00f3n y experimentaci\u00f3n resultante del primer proyecto del colectivo \u201cIba en bicicleta y me llamaron terrorista\u201d. La idea fue dejar de lado la itinerancia y elegir una localizaci\u00f3n concreta de los barrios y territorios descentralizados de Palma, y elegimos el barrio de Sa Indioteria.<\/span><\/p>\n<p><span style=\"font-weight: 400;\">El objetivo del colectivo fue trascender el concepto de hostilidad del espacio para focalizar el trabajo en relaci\u00f3n a la comunidad y la forma de relacionarnos, en los comportamientos generados por esta hostilidad, y la creaci\u00f3n de un espacio com\u00fan que trate de combatir la alienaci\u00f3n. El trabajo se configur\u00f3 a trav\u00e9s de la creaci\u00f3n de instalaciones corporales que acab\u00f3 realizado en formato videoarte.<\/span><\/p>\n<p><span style=\"font-weight: 400;\">El cuerpo performativo nos permiti\u00f3 dibujar nuevas trayectorias, nuevas formas de mirar, nuevas estrategias comunicativas a partir de un cuerpo colectivo en contraposici\u00f3n con la individualidad, y convertir el gesto cotidiano en una abstracci\u00f3n que permiti\u00f3 hacer volar nuestra imaginaci\u00f3n.<\/span><\/p>\n<p><span style=\"font-weight: 400;\">El proyecto \u00dcrbic se pudo ejecutar gracias a la obtenci\u00f3n de la ayuda de creaci\u00f3n coreogr\u00e1fica del Instituto de Estudios Bale\u00e1ricos en 2021.<\/span><\/p>\n<\/div><\/div><div id = \"\" class=\"tatsu-code tatsu-module tatsu-hcvur9voy2a1q0o   \"  ><iframe  src=\"https:\/\/www.youtube.com\/embed\/iwV-5Zac9fM\" title=\"YouTube video player\" frameborder=\"0\" allow=\"accelerometer; autoplay; clipboard-write; encrypted-media; gyroscope; picture-in-picture; web-share\" allowfullscreen><\/iframe><style>.tatsu-hcvur9voy2a1q0o{margin: 0px 0px 50px 0px;}<\/style><\/div><div  class=\"tatsu-gallery-wrap tatsu-gallery-module tatsu-module 0 tatsu-SkxmldjRs   \" ><div class=\"gallery   style1-hover \"  ><div class=\"gallery-container be-grid be-row be-cols-3 clickable clearfix  \" data-aspect-ratio=\"1.6\" data-animation-target = \".gallery-thumb-img-wrap\" data-cols=\"3\" data-scroll-reveal = \"1\" data-animation = \"fadeIn\" data-gutter=\"40\" data-layout=\"metro\" ><div class=\"gallery-cell be-col be-hoverlay  not-wide no-wide-width-height style1-hover \" ><div class=\"gallery-cell-inner\"\"><a data-thumb = \"https:\/\/collectiuguilis.com\/wp-content\/uploads\/2023\/02\/IMG_20210924_112645-150x150.jpg\" href=\"https:\/\/collectiuguilis.com\/wp-content\/uploads\/2023\/02\/IMG_20210924_112645.jpg\"  class=\"thumb-anchor mobx  \" data-rel=\"my-gallerySkxmldjRs\" title=\"\"><div class=\"thumb-wrap\"><div style = \"padding-bottom : 62.5%;\" class=\"gallery-thumb-img-wrap be-grid-placeholder none-effect\"  ><img decoding=\"async\" class=\"\"  src=\"https:\/\/collectiuguilis.com\/wp-content\/uploads\/2023\/02\/IMG_20210924_112645-650x385.jpg\" alt=\"\" \/><\/div><\/div><div class=\"thumb-overlay\"><div class=\"thumb-bg\"><div class=\"thumb-title-wrap display-table-cell vertical-align-middle align-center fadeIn animated\"><\/div><\/div><\/div><\/a><\/div><\/div><div class=\"gallery-cell be-col be-hoverlay  not-wide no-wide-width-height style1-hover \" ><div class=\"gallery-cell-inner\"\"><a data-thumb = \"https:\/\/collectiuguilis.com\/wp-content\/uploads\/2023\/02\/IMG_3779-150x150.jpg\" href=\"https:\/\/collectiuguilis.com\/wp-content\/uploads\/2023\/02\/IMG_3779.jpg\"  class=\"thumb-anchor mobx  \" data-rel=\"my-gallerySkxmldjRs\" title=\"\"><div class=\"thumb-wrap\"><div style = \"padding-bottom : 62.5%;\" class=\"gallery-thumb-img-wrap be-grid-placeholder none-effect\"  ><img decoding=\"async\" class=\"\"  src=\"https:\/\/collectiuguilis.com\/wp-content\/uploads\/2023\/02\/IMG_3779-650x385.jpg\" alt=\"\" \/><\/div><\/div><div class=\"thumb-overlay\"><div class=\"thumb-bg\"><div class=\"thumb-title-wrap display-table-cell vertical-align-middle align-center fadeIn animated\"><\/div><\/div><\/div><\/a><\/div><\/div><div class=\"gallery-cell be-col be-hoverlay  not-wide no-wide-width-height style1-hover \" ><div class=\"gallery-cell-inner\"\"><a data-thumb = \"https:\/\/collectiuguilis.com\/wp-content\/uploads\/2023\/02\/1628975489906-150x150.jpg\" href=\"https:\/\/collectiuguilis.com\/wp-content\/uploads\/2023\/02\/1628975489906.jpg\"  class=\"thumb-anchor mobx  \" data-rel=\"my-gallerySkxmldjRs\" title=\"\"><div class=\"thumb-wrap\"><div style = \"padding-bottom : 62.5%;\" class=\"gallery-thumb-img-wrap be-grid-placeholder none-effect\"  ><img decoding=\"async\" class=\"\"  src=\"https:\/\/collectiuguilis.com\/wp-content\/uploads\/2023\/02\/1628975489906-650x385.jpg\" alt=\"\" \/><\/div><\/div><div class=\"thumb-overlay\"><div class=\"thumb-bg\"><div class=\"thumb-title-wrap display-table-cell vertical-align-middle align-center fadeIn animated\"><\/div><\/div><\/div><\/a><\/div><\/div><div class=\"gallery-cell be-col be-hoverlay  not-wide no-wide-width-height style1-hover \" ><div class=\"gallery-cell-inner\"\"><a data-thumb = \"https:\/\/collectiuguilis.com\/wp-content\/uploads\/2023\/02\/1628975489886-150x150.jpg\" href=\"https:\/\/collectiuguilis.com\/wp-content\/uploads\/2023\/02\/1628975489886.jpg\"  class=\"thumb-anchor mobx  \" data-rel=\"my-gallerySkxmldjRs\" title=\"\"><div class=\"thumb-wrap\"><div style = \"padding-bottom : 62.5%;\" class=\"gallery-thumb-img-wrap be-grid-placeholder none-effect\"  ><img decoding=\"async\" class=\"\"  src=\"https:\/\/collectiuguilis.com\/wp-content\/uploads\/2023\/02\/1628975489886-650x385.jpg\" alt=\"\" \/><\/div><\/div><div class=\"thumb-overlay\"><div class=\"thumb-bg\"><div class=\"thumb-title-wrap display-table-cell vertical-align-middle align-center fadeIn animated\"><\/div><\/div><\/div><\/a><\/div><\/div><\/div><\/div><style>.tatsu-SkxmldjRs .gallery-container{margin: 0 -20px;}.tatsu-SkxmldjRs .gallery-container .gallery-cell.be-col{margin-bottom: 40px;}.tatsu-SkxmldjRs .gallery-container .gallery-cell.be-col {padding: 0 20px;}.tatsu-SkxmldjRs.tatsu-gallery-module .gallery-container {margin-bottom: -40px !important;}.tatsu-SkxmldjRs.tatsu-gallery-module .thumb-title{color: #fff ;}.tatsu-SkxmldjRs.tatsu-gallery-module .thumb-bg{background-color: rgba(252,222,90,1);}<\/style><\/div><div  class=\"tatsu-single-image tatsu-module align-center tatsu-image-lazyload tatsu-rkEcXLgzi  \" ><div class=\"tatsu-single-image-inner \" style=\"width : 1107px;\" ><div class = \"tatsu-single-image-padding-wrap\" style = \"padding-bottom : 28.545618789521%;\" ><\/div><img class = \"tatsu-gradient-border\" alt = \"\" title = \"ieb_col_iyDV39c\" data-src = \"https:\/\/collectiuguilis.com\/wp-content\/uploads\/2022\/09\/ieb_col_iyDV39c.png\" src =\"data:image\/png;base64,iVBORw0KGgoAAAANSUhEUgAAAAEAAAABCAQAAAC1HAwCAAAAC0lEQVR42mNkYAAAAAYAAjCB0C8AAAAASUVORK5CYII=\"  \/><\/div><style>.tatsu-rkEcXLgzi .tatsu-single-image-inner{border-style: solid;max-width: 37%;}.tatsu-rkEcXLgzi.tatsu-single-image{transform: translate3d(0px,0px, 0);}<\/style><\/div><div  class=\"tatsu-module tatsu-normal-button tatsu-button-wrap   tatsu-rJ8LQ7UgMi   \"><a class=\"tatsu-shortcode smallbtn tatsu-button left-icon rounded   bg-animation-none  \" href=\"https:\/\/collectiuguilis.com\" style= \"\"  aria-label=\"tornar al inici\" data-gdpr-atts={} ><i class=\"tatsu-icon tatsu-icon-arrow-left2\"><\/i>tornar al inici<\/a><style>.tatsu-rJ8LQ7UgMi .tatsu-button{background-color: rgba(252,222,90,1);color: rgba(0,0,0,1) ;}<\/style><\/div><\/div><\/div><div class = \"tatsu-column-bg-image-wrap\"><div class = \"tatsu-column-bg-image\" ><\/div><\/div><div class=\"tatsu-overlay tatsu-column-overlay tatsu-animate-none\" ><\/div><\/div><style>.tatsu-row > .tatsu-rkZUXmUgMo.tatsu-column{width: 100%;}.tatsu-rkZUXmUgMo.tatsu-column > .tatsu-column-inner > .tatsu-column-overlay{mix-blend-mode: normal;}.tatsu-rkZUXmUgMo > .tatsu-column-inner > .tatsu-top-divider{z-index: 9999;}.tatsu-rkZUXmUgMo > .tatsu-column-inner > .tatsu-bottom-divider{z-index: 9999;}.tatsu-rkZUXmUgMo > .tatsu-column-inner > .tatsu-left-divider{z-index: 9999;}.tatsu-rkZUXmUgMo > .tatsu-column-inner > .tatsu-right-divider{z-index: 9999;}@media only screen and (max-width:1377px) {.tatsu-row > .tatsu-rkZUXmUgMo.tatsu-column{width: 100%;}}@media only screen and (min-width:768px) and (max-width: 1024px) {.tatsu-row > .tatsu-rkZUXmUgMo.tatsu-column{width: 100%;}}@media only screen and (max-width: 767px) {.tatsu-row > .tatsu-rkZUXmUgMo.tatsu-column{width: 100%;}}<\/style><\/div><\/div><\/div><\/div><div class=\"tatsu-section-background-wrap\"><div class = \"tatsu-section-background\" ><\/div><\/div><div class=\"tatsu-overlay tatsu-section-overlay\"><\/div><style>.tatsu-B1UXQIlzo .tatsu-section-background{background-image: url(https:\/\/collectiuguilis.com\/wp-content\/uploads\/2021\/11\/Fons_Voltejat-scaled.jpg);background-repeat: no-repeat;background-attachment: scroll;background-position: top left;background-size: cover;}.tatsu-B1UXQIlzo .tatsu-bg-blur{background-repeat: no-repeat;background-attachment: scroll;background-position: top left;background-size: cover;}.tatsu-B1UXQIlzo .tatsu-section-pad{padding: 90px 0px 90px 0px;}.tatsu-B1UXQIlzo .tatsu-section-offset-wrap{transform: translateY(-0px);}.tatsu-B1UXQIlzo > .tatsu-bottom-divider{z-index: 9999;}.tatsu-B1UXQIlzo > .tatsu-top-divider{z-index: 9999;}.tatsu-B1UXQIlzo .tatsu-section-overlay{mix-blend-mode: normal;}<\/style><\/div>\n","protected":false},"excerpt":{"rendered":"<div><a href=\"https:\/\/collectiuguilis.com\/es\/urbic\/\" class=\"exp-read-more exp-read-more-underlined\">Read More<\/a><\/div>\n","protected":false},"author":1,"featured_media":0,"parent":0,"menu_order":0,"comment_status":"closed","ping_status":"closed","template":"","meta":{"footnotes":""},"class_list":["post-548","page","type-page","status-publish","hentry"],"_links":{"self":[{"href":"https:\/\/collectiuguilis.com\/es\/wp-json\/wp\/v2\/pages\/548","targetHints":{"allow":["GET"]}}],"collection":[{"href":"https:\/\/collectiuguilis.com\/es\/wp-json\/wp\/v2\/pages"}],"about":[{"href":"https:\/\/collectiuguilis.com\/es\/wp-json\/wp\/v2\/types\/page"}],"author":[{"embeddable":true,"href":"https:\/\/collectiuguilis.com\/es\/wp-json\/wp\/v2\/users\/1"}],"replies":[{"embeddable":true,"href":"https:\/\/collectiuguilis.com\/es\/wp-json\/wp\/v2\/comments?post=548"}],"version-history":[{"count":6,"href":"https:\/\/collectiuguilis.com\/es\/wp-json\/wp\/v2\/pages\/548\/revisions"}],"predecessor-version":[{"id":985,"href":"https:\/\/collectiuguilis.com\/es\/wp-json\/wp\/v2\/pages\/548\/revisions\/985"}],"wp:attachment":[{"href":"https:\/\/collectiuguilis.com\/es\/wp-json\/wp\/v2\/media?parent=548"}],"curies":[{"name":"wp","href":"https:\/\/api.w.org\/{rel}","templated":true}]}}