{"id":416,"date":"2021-11-29T16:44:49","date_gmt":"2021-11-29T16:44:49","guid":{"rendered":"https:\/\/collectiuguilis.com\/cookies\/"},"modified":"2021-11-30T12:01:00","modified_gmt":"2021-11-30T12:01:00","slug":"cookies","status":"publish","type":"page","link":"https:\/\/collectiuguilis.com\/es\/cookies\/","title":{"rendered":"Uso de cookies"},"content":{"rendered":"<div  class=\"tatsu-gwxffhjwozd3m5vy tatsu-section  tatsu-bg-overlay   tatsu-clearfix\" data-title=\"\"  data-headerscheme=\"background--dark\"><div class='tatsu-section-pad clearfix' data-padding='{\"d\":\"90px 0px 90px 0px\"}' data-padding-top='90px'><div class=\"tatsu-row-wrap  tatsu-wrap tatsu-row-one-col tatsu-row-has-one-cols tatsu-medium-gutter tatsu-reg-cols  tatsu-clearfix tatsu-gwxffhjwymdaw3da\" ><div  class=\"tatsu-row \" ><div  class=\"tatsu-column  tatsu-bg-overlay tatsu-one-col tatsu-column-image-none tatsu-column-effect-none  tatsu-gwxffhjx7ddnr9z7\"  data-parallax-speed=\"0\" style=\"\"><div class=\"tatsu-column-inner \" ><div class=\"tatsu-column-pad-wrap\"><div class=\"tatsu-column-pad\" ><div  class=\"tatsu-module tatsu-text-block-wrap tatsu-gwxffhjxeyfp8yw  \"><div class=\"tatsu-text-inner tatsu-align-center  clearfix\" ><style>.tatsu-gwxffhjxeyfp8yw.tatsu-text-block-wrap .tatsu-text-inner{width: 100%;text-align: left;}<\/style><p><\/p>\n<p><strong>Pol\u00edtica de Cookies<\/strong><\/p>\n<p><\/p>\n<p><\/p>\n<p>Esta pol\u00edtica detalla la utilizaci\u00f3n que el sitio web <a href=\"https:\/\/collectiuguilis.com\/es\/\">https:\/\/collectiuguilis.com\/es\/<\/a>hace de las cookies, los archivos y las tecnolog\u00edas de cookies en sus p\u00e1ginas web. Al visitar esta p\u00e1gina web, estando el navegador configurado para aceptar la instalaci\u00f3n de cookies, se considera aceptada la instalaci\u00f3n de cookies y la manera en que se utilizan las mencionadas cookies. Las Cookies permiten mejorar y optimizar la experiencia del usuario en la navegaci\u00f3n por este sitio web. En caso de no aceptar Cookies, es posible configurar las caracter\u00edsticas del navegador de Internet porque las borre del disco llevar del equipo, las bloquee o notifique la existencia de cookies antes de su instalaci\u00f3n. Para continuar sin cambios en la configuraci\u00f3n de las cookies, solo es necesario seguir visitando este sitio web.<\/p>\n<p><\/p>\n<p><\/p>\n<p>A continuaci\u00f3n se detalla qu\u00e9 son las \u201cCookies\u201d, qu\u00e9 tipolog\u00eda utiliza este sitio web, como pueden desactivarse en la configuraci\u00f3n del navegador y como bloquear espec\u00edficamente la instalaci\u00f3n de Cookies de terceros.<\/p>\n<p><\/p>\n<p><\/p>\n<p><strong>Qu\u00e9 son las cookies y como funcionan?<\/strong><\/p>\n<p><\/p>\n<p><\/p>\n<p>Una cookie es un fichero que se descarga en el equipo al acceder a determinadas p\u00e1ginas web para almacenar y recuperar informaci\u00f3n sobre la navegaci\u00f3n que se efect\u00faa desde el mencionado equipo. Es posible obtener m\u00e1s informaci\u00f3n sobre estas tecnolog\u00edas y su funcionamiento, en p\u00e1ginas como allaboutcookies.org.<\/p>\n<p><\/p>\n<p><\/p>\n<p>El uso de Cookies permite optimizar la navegaci\u00f3n, adaptando la informaci\u00f3n y los servicios ofrecidos a los intereses del usuario, para proporcionar una mejor experiencia en cada nueva visita a este sitio web.<\/p>\n<p><\/p>\n<p><\/p>\n<p>Las Cookies se asocian \u00fanicamente a un usuario an\u00f3nimo y a su ordenador\/dispositivo y no proporcionan referencias que permitan conocer datos personales. En todo momento ser\u00e1 posible acceder a la configuraci\u00f3n del navegador para modificar y\/o bloquear la instalaci\u00f3n de las Cookies enviadas mediante este sitio web, sin que esto impida el acceso a los contenidos. Sin embargo, la calidad del funcionamiento de los Servicios puede verse afectada.<\/p>\n<p><\/p>\n<p><\/p>\n<p><strong>Tipo de cookies<\/strong><\/p>\n<p><\/p>\n<p><\/p>\n<p>Seg\u00fan la entidad que gestione el dominio desde donde se env\u00edan las cookies y trate los datos que se obtengan se pueden distinguir dos tipos: cookies propias y cookies de terceros. Las Cookies propias son aquellas Cookies que son enviadas al equipo y gestionadas exclusivamente por el mejor funcionamiento del Sitio web.<\/p>\n<p><\/p>\n<p><\/p>\n<p>Al interactuar con el contenido de este Sitio web tambi\u00e9n pueden establecerse cookies de terceros (por ejemplo, al pulsar botones de redes sociales o visionar videos alojados en otro sitio web), que son aquellas establecidas por un dominio diferente de este Sitio web. No es posible acceder a los datos almacenadas en las cookies otros sitios web mientras se navegue en los mencionados sitios web.<\/p>\n<p><\/p>\n<p><\/p>\n<p>Existe tambi\u00e9n otra clasificaci\u00f3n seg\u00fan el plazo de tiempo que permanezcan almacenadas en el navegador del cliente, pudiendo tratarse de cookies de sesi\u00f3n o cookies permanentes. Las cookies de sesi\u00f3n expiran cuando el Usuario abandona la p\u00e1gina o cierra el navegador, es decir, solo est\u00e1n activas mientras dura la visita al sitio web y son borradas del equipo al abandonarlo. Las permanentes expiran cuando se cumple el objetivo por el cual sirven o bien cuando se borran manualmente, tienen fecha de borrado y se utilizan normalmente en procesos de compra online, personalizaciones o en el registro, por no tener que introducir la contrase\u00f1a de usuario constantemente.<\/p>\n<p><\/p>\n<p><\/p>\n<p>Por \u00faltimo, existe otra clasificaci\u00f3n con cinco tipos de cookies seg\u00fan la finalidad por la cual se tratan los datos obtenidos: cookies t\u00e9cnicas, cookies de personalizaci\u00f3n, cookies de an\u00e1lisis, cookies publicitarias y cookies de publicidad comportamental.<\/p>\n<p><\/p>\n<p><\/p>\n<p><strong>Cookies utilizadas en la web<\/strong><\/p>\n<p><\/p>\n<p><\/p>\n<p>A continuaci\u00f3n se identifican las cookies que est\u00e1n siendo utilizadas en este portal as\u00ed como su tipolog\u00eda y funci\u00f3n:<\/p>\n<p><\/p>\n<p><\/p>\n<p>Algunas son estrictamente necesarias para que la p\u00e1gina funcione bien y otras sirven para mejorar el rendimiento y la experiencia de usuario. Al navegar este portal web supone que se pueden instalar los siguientes tipos de Cookies:<\/p>\n<p><\/p>\n<p><\/p>\n<p>Las cookies estrictamente necesarias que sirven para: facilitar servicios o proporcionar informaci\u00f3n solicitada a trav\u00e9s del lugar y utilizar las funciones esenciales; por ejemplo, las cookies necesarias para proporcionar la funcionalidad del carrito de la compra, o bien necesarias para mejorar la seguridad o evitar fraudes. Si se desactivan estas cookies, no ser\u00e1 posible satisfacer las solicitudes de usuario.<\/p>\n<p><\/p>\n<p><\/p>\n<p>Cookies t\u00e9cnicas: Son aquellas que permiten al usuario la navegaci\u00f3n a trav\u00e9s de una p\u00e1gina web, plataforma o aplicaci\u00f3n y la utilizaci\u00f3n de las diferentes opciones o servicios que en ella existan como, por ejemplo, controlar el tr\u00e1fico y la comunicaci\u00f3n de datos, identificar la sesi\u00f3n, acceder a partes de acceso restringido, recordar los elementos que integran un pedido, realizar el proceso de compra de un pedido, realizar la solicitud de inscripci\u00f3n o participaci\u00f3n en un evento, utilizar elementos de seguridad durante la navegaci\u00f3n, almacenar contenidos para la difusi\u00f3n de videos o sonido o compartir contenidos a trav\u00e9s de redes sociales.<\/p>\n<p><\/p>\n<p><\/p>\n<p>Cookies de personalizaci\u00f3n: Son aquellas que permiten al usuario acceder al servicio con algunas caracter\u00edsticas de car\u00e1cter general predefinidas en funci\u00f3n de una serie de criterios en el terminal del usuario como por ejemplo ser\u00edan el idioma, el tipo de navegador a trav\u00e9s del cual accede al servicio, la configuraci\u00f3n regional desde donde accede al servicio, etc.<\/p>\n<p><\/p>\n<p><\/p>\n<p>Cookies de an\u00e1lisis: Son aquellas que permiten al responsable de las mismas, el seguimiento y an\u00e1lisis del comportamiento de los usuarios de los sitios web a los que est\u00e1n vinculadas. La informaci\u00f3n recogida mediante este tipo de cookies se utiliza en la medici\u00f3n de la actividad de los sitios web, aplicaci\u00f3n o plataforma y para la elaboraci\u00f3n de perfiles de navegaci\u00f3n de los usuarios de los mencionados lugares, aplicaciones y plataformas, con el fin de introducir mejoras en funci\u00f3n del an\u00e1lisis de los datos de uso que hacen los usuarios del servicio.<\/p>\n<p><\/p>\n<p><\/p>\n<p>Google Analytics: Con el fin de garantizar el mejor servicio para el usuario, este sitio web hace uso de Google Analytics para ayudar a analizar el uso que hacen los usuarios del sitio web. Google Analytics es una aplicaci\u00f3n que utiliza \u201ccookies\u201d que son ficheros de texto que se almacenan en su ordenador para recopilar estad\u00edsticas e informes de navegaci\u00f3n con el fin de mejorar nuestra p\u00e1gina, analizando el n\u00famero de visitas que hemos recibido, horas de mayor tr\u00e1fico, etc., as\u00ed como, informaci\u00f3n relacionada con la actividad de la p\u00e1gina. Google procesar\u00e1 la informaci\u00f3n en sus servidores con el fin de prestar el servicio a este sitio web y podr\u00e1 transmitir la informaci\u00f3n a terceros por imperativo legal o a aquellos que procesen la informaci\u00f3n por cuenta de Google. En este proceso Google se obliga a no asociar la direcci\u00f3n IP del usuario con ning\u00fan otro dato. Esta web no utiliza cookies vinculadas a plataformas publicitarias para la elaboraci\u00f3n de perfiles a partir de preferencias y comportamientos de navegaci\u00f3n. En ning\u00fan caso esta Web realiza procesos de rastreo o seguimiento a trav\u00e9s de Cookies, y nunca lo har\u00edamos sin obtener el consentimiento previo del usuario, tal y como se expresa en el art\u00edculo 22.2 de la Ley 34\/2012 de Servicios de la Sociedad de la Informaci\u00f3n (LSSI).<\/p>\n<p><\/p>\n<p><\/p>\n<p>A estos efectos, se informa que Google Inc. tiene la consideraci\u00f3n de \u201csafe harbour\u201d, puerto seguro, en cuanto a la normativa de protecci\u00f3n de datos de car\u00e1cter personal.<\/p>\n<p><\/p>\n<p><\/p>\n<p>Puede obtener informaci\u00f3n completa sobre las condiciones de privacidad de Google Analytics en el siguiente enlace: <a href=\"http:\/\/www.google.es\/intl\/es\/policies\/privacy\/.google.es\/intl\/es\/analytics\/privacyoverview.html\">Centro de Privacidad de Google Analytics<\/a><\/p>\n<p><\/p>\n<p><\/p>\n<p>El objetivo es facilitar la navegaci\u00f3n del usuario.<\/p>\n<p><\/p>\n<p><\/p>\n<p>Estas cookies son fundamentales para poder utilizar el sitio web y son clave para ofrecer una experiencia excelente. Facilitan la navegaci\u00f3n sin interrupciones gracias a que el sitio web recordar\u00e1, entre otros cosas, el idioma y el pa\u00eds seleccionados, y conservar\u00e1n los datos de autenticaci\u00f3n en las zonas seguras del dominio. Las cookies nos permiten mejorar nuestras p\u00e1ginas web al proporcionarnos informaci\u00f3n valiosa sobre su uso. Tambi\u00e9n nos ayudan a ofrecerle contenidos personalizados, por ejemplo, mostr\u00e1ndole banners que puedan interesarle y recomendaciones importantes.<\/p>\n<p><\/p>\n<p><\/p>\n<p>El uso de Cookies nos permite optimizar su navegaci\u00f3n, personaliz\u00e1ndola, adaptando la informaci\u00f3n y los servicios ofrecidos a sus intereses, para proporcionarle una mejor experiencia siempre que nos visite. Este sitio web utiliza Cookies para funcionar, adaptar y facilitar al m\u00e1ximo la navegaci\u00f3n del Usuario.<\/p>\n<p><\/p>\n<p><\/p>\n<p><strong>Nuestras Cookies:<\/strong><br \/><strong>pll_language<\/strong>: es propia de las herramientas con la que se ha desarrollado la web, guarda el idioma escogido en la navegaci\u00f3n. Caduca al a\u00f1o desde la \u00faltima actualizaci\u00f3n.<br \/><strong>cookie_notice_accepted<\/strong>: Esta cookie se usa utiliza para guardar la informaci\u00f3n de si el usuario ha aceptado las cookies. Caduca al a\u00f1o desde la \u00faltima actualizaci\u00f3n.<\/p>\n<p><\/p>\n<p><\/p>\n<p><strong>Cookies de Terceros:<br \/>Google<\/strong> <strong>Analitycs<\/strong>:<br \/><strong>_ga<\/strong>: Se usa para distinguir a los usuarios. Dos a\u00f1os.<br \/><strong>_gat<\/strong>: Se usa para diferenciar entre los diferentes objetos de seguimiento creados en la sesi\u00f3n. La cookie se crea al cargar la librer\u00eda javascript y no existe una versi\u00f3n previa de la cookie _gat. La cookie se actualiza cada vez que env\u00eda los datos a Google Analytics.<br \/><strong>_gid<\/strong>: Google Analytics utiliza esta cookie para almacenar y actualizar un valor \u00fanico para cada p\u00e1gina visitada. La cookie se actualiza cada vez que env\u00eda los datos a Google Analytics.<\/p>\n<p><\/p>\n<p><\/p>\n<p><strong>Cookies de Google<\/strong>:<br \/><strong>NID<\/strong>: Visualizaci\u00f3n de mapas mediante Google Maps. 6 meses de permanencia.<br \/><strong>1P_JAR<\/strong>: transfiere datos a Google. Tiene una permanencia de 1 semana.<br \/><strong>ANID<\/strong>, <strong>CONSENT<\/strong>: Contiene un valor generado aleatoriamente \u00fanico que permite a la Plataforma para distinguir navegadores y dispositivos. Esta informaci\u00f3n es utilizada para medir el rendimiento de los anuncios y proporcionar. Persistente.<\/p>\n<p><\/p>\n<p><\/p>\n<p><strong>Administraci\u00f3n de las Cookies:<\/strong><\/p>\n<p><\/p>\n<p><\/p>\n<p><strong>Qu\u00e9 pasa si se deshabilitan las Cookies?<\/strong><\/p>\n<p><\/p>\n<p><\/p>\n<p>En todo momento podr\u00e1 acceder a la configuraci\u00f3n de su navegador para modificar y\/o bloquear la instalaci\u00f3n de las Cookies, pero esto puede implicar que algunas funcionalidades queden deshabilitadas y que pueda verse limitado el acceso a algunos contenidos. La calidad del funcionamiento de los Servicios puede verse afectada.<\/p>\n<p><\/p>\n<p><\/p>\n<p><strong>Forma de desactivar o eliminar las cookies<\/strong><\/p>\n<p><\/p>\n<p><\/p>\n<p>Para permitir, conocer, bloquear o eliminar las cookies instaladas en su equipo, puede hacerlo mediante la configuraci\u00f3n de las opciones del navegador instalado en su ordenador.<\/p>\n<p><\/p>\n<p><\/p>\n<p>Facilitamos p\u00e1ginas de consulta para deshabilitar cookies en algunos navegadores:<\/p>\n<p><\/p>\n<p><\/p>\n<p>Chrome \u2013 <a href=\"http:\/\/support.google.com\/chrome\/bin\/answer.py?hl=en&#038;answer=95647\">http:\/\/support.google.com\/chrome\/bin\/answer.py?hl=en&#038;answer=95647<\/a><\/p>\n<p><\/p>\n<p><\/p>\n<p>Safari \u2013 <a href=\"https:\/\/support.apple.com\/kb\/PH21411?locale=es_ES\">https:\/\/support.apple.com\/kb\/PH21411?locale=es_ES<\/a> y iOS \u2013 <a href=\"https:\/\/support.apple.com\/es-es\/HT201265\">https:\/\/support.apple.com\/es-es\/HT201265<\/a><\/p>\n<p><\/p>\n<p><\/p>\n<p>Firefox \u2013 <a href=\"http:\/\/support.mozilla.org\/en-US\/kb\/Cookies\">http:\/\/support.mozilla.org\/en-US\/kb\/Cookies<\/a><\/p>\n<p><\/p>\n<p><\/p>\n<p>Opera \u2013 <a href=\"http:\/\/help.opera.com\/Linux\/10.60\/es-ES\/cookies.html\">http:\/\/help.opera.com\/Linux\/10.60\/es-ES\/cookies.html<\/a><\/p>\n<p><\/p>\n<p><\/p>\n<p>Edge: <a href=\"https:\/\/support.microsoft.com\/es-es\/help\/4468242\/microsoft-edge-browsing-data-and-privacy-microsoft-privacy\">https:\/\/support.microsoft.com\/es-es\/help\/4468242\/microsoft-edge-browsing-data-and-privacy-microsoft-privacy<br \/><\/a>IE5 (<a href=\"http:\/\/support.microsoft.com\/kb\/196955\">http:\/\/support.microsoft.com\/kb\/196955<\/a>)<\/p>\n<p><\/p>\n<p><\/p>\n<p>IE6 (<a href=\"http:\/\/support.microsoft.com\/kb\/283185\">http:\/\/support.microsoft.com\/kb\/283185<\/a>)<\/p>\n<p><\/p>\n<p><\/p>\n<p>IE7 (<a href=\"http:\/\/www.allaboutcookies.org\/manage-cookies\/internet-explorer7-plus.html\">http:\/\/www.allaboutcookies.org\/manage-cookies\/internet-explorer7-plus.html<\/a>)<\/p>\n<p><\/p>\n<p><\/p>\n<p>IE8 IE9 IE10 IE11 (<a href=\"https:\/\/support.microsoft.com\/es-es\/help\/17442\/windows-internet-explorer-delete-manage-cookies\">https:\/\/support.microsoft.com\/es-es\/help\/17442\/windows-internet-explorer-delete-manage-cookies<\/a>)<\/p>\n<p><\/p>\n<\/div><\/div><\/div><\/div><div class = \"tatsu-column-bg-image-wrap\"><div class = \"tatsu-column-bg-image\" ><\/div><\/div><div class=\"tatsu-overlay tatsu-column-overlay tatsu-animate-none\" ><\/div><\/div><style>.tatsu-row > .tatsu-gwxffhjx7ddnr9z7.tatsu-column{width: 100%;}.tatsu-gwxffhjx7ddnr9z7.tatsu-column > .tatsu-column-inner > .tatsu-column-overlay{mix-blend-mode: normal;}.tatsu-gwxffhjx7ddnr9z7 > .tatsu-column-inner > .tatsu-top-divider{z-index: 9999;}.tatsu-gwxffhjx7ddnr9z7 > .tatsu-column-inner > .tatsu-bottom-divider{z-index: 9999;}.tatsu-gwxffhjx7ddnr9z7 > .tatsu-column-inner > .tatsu-left-divider{z-index: 9999;}.tatsu-gwxffhjx7ddnr9z7 > .tatsu-column-inner > .tatsu-right-divider{z-index: 9999;}<\/style><\/div><\/div><\/div><\/div><div class=\"tatsu-section-background-wrap\"><div class = \"tatsu-section-background\" ><\/div><\/div><div class=\"tatsu-overlay tatsu-section-overlay\"><\/div><style>.tatsu-gwxffhjwozd3m5vy .tatsu-section-pad{padding: 90px 0px 90px 0px;}.tatsu-gwxffhjwozd3m5vy > .tatsu-bottom-divider{z-index: 9999;}.tatsu-gwxffhjwozd3m5vy > .tatsu-top-divider{z-index: 9999;}.tatsu-gwxffhjwozd3m5vy .tatsu-section-overlay{mix-blend-mode: normal;}<\/style><\/div>","protected":false},"excerpt":{"rendered":"<div><a href=\"https:\/\/collectiuguilis.com\/es\/cookies\/\" class=\"exp-read-more exp-read-more-underlined\">Read More<\/a><\/div>\n","protected":false},"author":1,"featured_media":0,"parent":0,"menu_order":0,"comment_status":"closed","ping_status":"closed","template":"","meta":{"footnotes":""},"class_list":["post-416","page","type-page","status-publish","hentry"],"_links":{"self":[{"href":"https:\/\/collectiuguilis.com\/es\/wp-json\/wp\/v2\/pages\/416","targetHints":{"allow":["GET"]}}],"collection":[{"href":"https:\/\/collectiuguilis.com\/es\/wp-json\/wp\/v2\/pages"}],"about":[{"href":"https:\/\/collectiuguilis.com\/es\/wp-json\/wp\/v2\/types\/page"}],"author":[{"embeddable":true,"href":"https:\/\/collectiuguilis.com\/es\/wp-json\/wp\/v2\/users\/1"}],"replies":[{"embeddable":true,"href":"https:\/\/collectiuguilis.com\/es\/wp-json\/wp\/v2\/comments?post=416"}],"version-history":[{"count":2,"href":"https:\/\/collectiuguilis.com\/es\/wp-json\/wp\/v2\/pages\/416\/revisions"}],"predecessor-version":[{"id":419,"href":"https:\/\/collectiuguilis.com\/es\/wp-json\/wp\/v2\/pages\/416\/revisions\/419"}],"wp:attachment":[{"href":"https:\/\/collectiuguilis.com\/es\/wp-json\/wp\/v2\/media?parent=416"}],"curies":[{"name":"wp","href":"https:\/\/api.w.org\/{rel}","templated":true}]}}