{"id":391,"date":"2021-11-15T18:41:32","date_gmt":"2021-11-15T18:41:32","guid":{"rendered":"https:\/\/collectiuguilis.com\/privacy-policy\/"},"modified":"2021-11-26T12:10:10","modified_gmt":"2021-11-26T12:10:10","slug":"privacy-policy","status":"publish","type":"page","link":"https:\/\/collectiuguilis.com\/es\/privacy-policy\/","title":{"rendered":"Privacy Policy"},"content":{"rendered":"<div  class=\"tatsu-gwssdmryb1oskzn tatsu-section  tatsu-bg-overlay   tatsu-clearfix\" data-title=\"\"  data-headerscheme=\"background--dark\"><div class='tatsu-section-pad clearfix' data-padding='{\"d\":\"90px 0px 90px 0px\"}' data-padding-top='90px'><div class=\"tatsu-row-wrap  tatsu-wrap tatsu-row-one-col tatsu-row-has-one-cols tatsu-medium-gutter tatsu-reg-cols  tatsu-clearfix tatsu-gwssdmryg57l8qpm\" ><div  class=\"tatsu-row \" ><div  class=\"tatsu-column  tatsu-bg-overlay tatsu-one-col tatsu-column-image-none tatsu-column-effect-none  tatsu-gwssdmryjw7owj8p\"  data-parallax-speed=\"0\" style=\"\"><div class=\"tatsu-column-inner \" ><div class=\"tatsu-column-pad-wrap\"><div class=\"tatsu-column-pad\" ><div  class=\"tatsu-module tatsu-text-block-wrap tatsu-gwssdmryo14je2mh  \"><div class=\"tatsu-text-inner tatsu-align-center  clearfix\" ><style>.tatsu-gwssdmryo14je2mh.tatsu-text-block-wrap .tatsu-text-inner{width: 100%;text-align: left;}<\/style><p><\/p>\n<p><\/p>\n<h3 class=\"wp-block-heading\">Pol\u00edtica de Cookies<\/h3>\n<p><\/p>\n<p><\/p>\n<p>Aquesta pol\u00edtica detalla la utilitzaci\u00f3 que el lloc web <a href=\"https:\/\/collectiuguilis.com\/es\/\">https:\/\/collectiuguilis.com<\/a> fa de les galetes, els arxius i les tecnologies de galetes a les seves p\u00e0gines web. En visitar aquesta p\u00e0gina web, estant el navegador configurat per acceptar la instal\u00b7laci\u00f3 de cookies, es considera acceptada la instal\u00b7laci\u00f3 de cookies i la manera com s&#8217;utilitzen aquestes cookies. Les galetes permeten millorar i optimitzar l&#8217;experi\u00e8ncia de l&#8217;usuari en la navegaci\u00f3 per aquest lloc web. En cas de no acceptar galetes, \u00e9s possible configurar les caracter\u00edstiques del navegador d&#8217;Internet perqu\u00e8 les esborri del disc dur de l&#8217;equip, les bloquegi o notifiqui l&#8217;exist\u00e8ncia de galetes abans de la instal\u00b7laci\u00f3. Per continuar sense canvis en la configuraci\u00f3 de les galetes, nom\u00e9s cal seguir visitant aquest lloc web.<br \/>A continuaci\u00f3 es detalla qu\u00e8 s\u00f3n les galetes, quina tipologia utilitza aquest lloc web, com es poden desactivar en la configuraci\u00f3 del navegador i com bloquejar espec\u00edficament la instal\u00b7laci\u00f3 de galetes de tercers.<\/p>\n<p><\/p>\n<p><\/p>\n<h4 class=\"wp-block-heading\">Qu\u00e8 s\u00f3n les galetes i com funcionen?<\/h4>\n<p><\/p>\n<p><\/p>\n<p>Una galeta \u00e9s un fitxer que es descarrega a l&#8217;equip en accedir a determinades p\u00e0gines web per emmagatzemar i recuperar informaci\u00f3 sobre la navegaci\u00f3 que s&#8217;efectua des d&#8217;aquest equip. \u00c9s possible obtenir m\u00e9s informaci\u00f3 sobre aquestes tecnologies i el seu funcionament, a p\u00e0gines com allaboutcookies.org.<br \/>L&#8217;\u00fas de cookies permet optimitzar la navegaci\u00f3, adaptant la informaci\u00f3 i els serveis oferts als interessos de l&#8217;usuari, per proporcionar una millor experi\u00e8ncia en cada nova visita a aquest lloc web.<br \/>Les galetes s&#8217;associen \u00fanicament a un usuari an\u00f2nim i el seu ordinador\/dispositiu i no proporcionen refer\u00e8ncies que permetin con\u00e8ixer dades personals. En tot moment ser\u00e0 possible accedir a la configuraci\u00f3 del navegador per modificar i\/o bloquejar la instal\u00b7laci\u00f3 de les galetes enviades per aquest lloc web, sense que aix\u00f2 impedeixi a l&#8217;acc\u00e9s als continguts. No obstant aix\u00f2, la qualitat del funcionament dels serveis es pot veure afectada.<\/p>\n<p><\/p>\n<p><\/p>\n<h4 class=\"wp-block-heading\">Tipus de cookies<\/h4>\n<p><\/p>\n<p><\/p>\n<p>Segons qui sigui l&#8217;entitat que gestioni el domini des d&#8217;on s&#8217;envien les galetes i tracti les dades que s&#8217;obtinguin es poden distingir dos tipus: galetes pr\u00f2pies i galetes de tercers. Les galetes pr\u00f2pies s\u00f3n aquelles galetes que s\u00f3n enviades a l&#8217;equip i gestionades exclusivament per al millor funcionament del lloc web.<br \/>En interactuar amb el contingut d&#8217;aquest Lloc Web tamb\u00e9 es poden establir galetes de tercers (per exemple, en pr\u00e9mer botons de xarxes socials o visionar v\u00eddeos allotjats en un altre lloc web), que s\u00f3n aquelles establertes per un domini diferent d&#8217;aquest Lloc Web. No \u00e9s possible accedir a les dades emmagatzemades a les galetes d&#8217;altres llocs web mentre es navegui en aquests llocs web.<br \/>Hi ha tamb\u00e9 una altra classificaci\u00f3 segons el termini de temps que romanen emmagatzemades al navegador del client, podent tractar-se de cookies de sessi\u00f3 o cookies permanents. Les galetes de sessi\u00f3 expiren quan l&#8217;Usuari abandona la p\u00e0gina o tanca el navegador, \u00e9s a dir, nom\u00e9s estan actives mentre dura la visita al lloc web i s\u00f3n esborrades de l&#8217;equip en abandonar-lo. Les permanents expiren quan es compleix l&#8217;objectiu per al que serveixen o b\u00e9 quan s&#8217;esborren manualment, tenen data d&#8217;esborrament i s&#8217;utilitzen normalment en processos de compra en l\u00ednia, personalitzacions o al registre, per no haver d&#8217;introduir la contrasenya d&#8217;usuari constantment.<br \/>Finalment, hi ha una altra classificaci\u00f3 amb cinc tipus de galetes segons la finalitat per a la qual es tractin les dades obtingudes: galetes t\u00e8cniques, galetes de personalitzaci\u00f3, galetes d&#8217;an\u00e0lisi, galetes publicit\u00e0ries i galetes de publicitat comportamental.<\/p>\n<p><\/p>\n<p><\/p>\n<h4 class=\"wp-block-heading\">Cookies utilitzades a la web<\/h4>\n<p><\/p>\n<p><\/p>\n<p><strong>A continuaci\u00f3 s&#8217;identifiquen les galetes que estan sent utilitzades en aquest portal aix\u00ed com la seva tipologia i funci\u00f3:<\/strong><\/p>\n<p><\/p>\n<p><\/p>\n<p>Algunes s\u00f3n estrictament necess\u00e0ries perqu\u00e8 la p\u00e0gina funcioni b\u00e9 i altres serveixen per millorar el rendiment i lexperi\u00e8ncia dusuari. Navegar per aquest portal web suposa que es puguin instal\u00b7lar els seg\u00fcents tipus de Cookies:<br \/>Les cookies estrictament necess\u00e0ries que serveixen per: facilitar serveis o proporcionar informaci\u00f3 sol\u00b7licitada a trav\u00e9s del Lloc i utilitzar les funcions essencials; per exemple, les galetes necess\u00e0ries per proporcionar la funcionalitat del carro de la compra, o b\u00e9 necess\u00e0ries per millorar la seguretat o evitar fraus. Si desactiveu aquestes galetes, no podreu satisfer les sol\u00b7licituds d&#8217;usuari.<\/p>\n<p><em>Galetes t\u00e8cniques<\/em>: S\u00f3n aquelles que permeten a l&#8217;usuari la navegaci\u00f3 a trav\u00e9s d&#8217;una p\u00e0gina web, plataforma o aplicaci\u00f3 i la utilitzaci\u00f3 de les diferents opcions o serveis que hi hagi com, per exemple, controlar el tr\u00e0nsit i la comunicaci\u00f3 de dades, identificar la sessi\u00f3, accedir a parts d&#8217;acc\u00e9s restringit, recordar els elements que integren una comanda, fer el proc\u00e9s de compra d&#8217;una comanda, fer la sol\u00b7licitud d&#8217;inscripci\u00f3 o participaci\u00f3 en un esdeveniment, utilitzar elements de seguretat durant la navegaci\u00f3, emmagatzemar continguts per a la difusi\u00f3 de v\u00eddeos o so o compartir continguts a trav\u00e9s de xarxes socials.<\/p>\n<p><em>Galetes de personalitzaci\u00f3<\/em>: S\u00f3n aquelles que permeten a l&#8217;usuari accedir al servei amb algunes caracter\u00edstiques de car\u00e0cter general predefinides en funci\u00f3 d&#8217;una s\u00e8rie de criteris al terminal de l&#8217;usuari com ara serien l&#8217;idioma, el tipus de navegador a trav\u00e9s del qual accedeix al servei , la configuraci\u00f3 regional des d&#8217;on accedeix al servei, etc.<\/p>\n<p><em>Galetes d&#8217;an\u00e0lisi<\/em>: S\u00f3n aquelles que permeten al responsable de les mateixes, el seguiment i l&#8217;an\u00e0lisi del comportament dels usuaris dels llocs web als quals estan vinculades. La informaci\u00f3 recollida mitjan\u00e7ant aquest tipus de cookies s&#8217;utilitza en el mesurament de l&#8217;activitat dels llocs web, aplicaci\u00f3 o plataforma i per a l&#8217;elaboraci\u00f3 de perfils de navegaci\u00f3 dels usuaris d&#8217;aquests llocs, aplicacions i plataformes, per introduir millores a funci\u00f3 de lan\u00e0lisi de les dades d\u00fas que fan els usuaris del servei.<\/p>\n<p><\/p>\n<p><\/p>\n<p><strong>Google Analytics<\/strong><\/p>\n<p><\/p>\n<p><\/p>\n<p>Amb la finalitat de garantir el millor servei a l&#8217;usuari, aquest lloc web fa \u00fas de Google Analytics per ajudar a analitzar l&#8217;\u00fas que fan els usuaris del lloc web.<br \/>Google Analytics \u00e9s una aplicaci\u00f3 que utilitza \u201ccookies\u201d que s\u00f3n fitxers de text que s&#8217;emmagatzemen al vostre ordinador per recopilar estad\u00edstiques i informes de navegaci\u00f3 per tal de millorar la nostra p\u00e0gina, analitzant el nombre de visites que hem rebut, hores de major tr\u00e0nsit, etc., aix\u00ed com informaci\u00f3 relacionada amb l&#8217;activitat de la p\u00e0gina. Google processar\u00e0 la informaci\u00f3 als seus servidors amb la finalitat de prestar el servei a aquest lloc web i podr\u00e0 transmetre la informaci\u00f3 a tercers per imperatiu legal o als que processin la informaci\u00f3 per compte de Google. En aquest proc\u00e9s, Google s&#8217;obliga a no associar l&#8217;adre\u00e7a IP de l&#8217;usuari amb cap altra dada.<br \/>Aquest web no utilitza galetes vinculades a plataformes publicit\u00e0ries per a l&#8217;elaboraci\u00f3 de perfils a partir de prefer\u00e8ncies i comportaments de navegaci\u00f3. En cap cas aquesta Web realitza processos de rastreig o seguiment a trav\u00e9s de Cookies, i mai no ho far\u00edem sense obtenir el consentiment previ de l&#8217;usuari, tal com s&#8217;expressa a l&#8217;article 22.2 de la Llei 34\/2012 de Serveis de la Societat de la Informaci\u00f3 (LSSI).<br \/>A aquest efecte, s&#8217;informa que Google Inc. t\u00e9 la consideraci\u00f3 de \u201csafe harbour\u201d, port segur, quant a la normativa de protecci\u00f3 de dades de car\u00e0cter personal.<br \/>Podeu obtenir informaci\u00f3 completa sobre les condicions de privadesa de Google Analytics al seg\u00fcent enlla\u00e7: <a href=\"http:\/\/http\/\/www.google.es\/intl\/es\/policies\/privacy\/.google.es\/intl\/es\/analytics\/privacyoverview.html\" target=\"_blank\" rel=\"noreferrer noopener\">Centro de Privacidad de Google Analytics<\/a><\/p>\n<p><\/p>\n<p><\/p>\n<p>Lobjectiu \u00e9s facilitar la navegaci\u00f3 de lusuari.<\/p>\n<p>Aquestes cookies s\u00f3n fonamentals per poder utilitzar el lloc web i s\u00f3n la clau per oferir una experi\u00e8ncia excel\u00b7lent. Faciliten la navegaci\u00f3 sense interrupcions gr\u00e0cies al fet que el lloc web recordar\u00e0, entre altres coses, l&#8217;idioma i el pa\u00eds seleccionats, i conservaran les dades d&#8217;autenticaci\u00f3 a les zones segures del domini. Les cookies ens permeten millorar les nostres p\u00e0gines web en proporcionar informaci\u00f3 valuosa sobre el seu \u00fas. Tamb\u00e9 ens ajuden a oferir continguts personalitzats, per exemple, mostrant banners que puguin interessar-li i recomanacions importants.<br \/>L&#8217;\u00fas de Cookies ens permet optimitzar la vostra navegaci\u00f3, personalitzant-la, adaptant la informaci\u00f3 i els serveis oferts als vostres interessos, per proporcionar-vos una millor experi\u00e8ncia sempre que ens visiteu. Aquest lloc web utilitza galetes per funcionar, adaptar i facilitar al m\u00e0xim la navegaci\u00f3 de l&#8217;usuari.<\/p>\n<p><\/p>\n<p><\/p>\n<p><strong>Les nostres galetes<\/strong><\/p>\n<p><\/p>\n<p><\/p>\n<p>Incloem a continuaci\u00f3 una llista de les cookies que usem, la seva finalitat i el m\u00e0xim nombre de dies que romandran al vostre ordinador (llevat que les suprimiu abans):<\/p>\n<p><strong>pll_language<\/strong>: galeta pr\u00f2pia de les eines amb qu\u00e8 s&#8217;ha desenvolupat la web, guarda l&#8217;idioma escollit a la navegaci\u00f3. Caduca l&#8217;any des de la darrera actualitzaci\u00f3.<br \/><strong>cookie_notice_accepted<\/strong>: aquesta galeta s&#8217;usa per desar la informaci\u00f3 sobre si l&#8217;usuari ha acceptat les galetes. Caduca a l&#8217;any des de la darrera actualitzaci\u00f3.<\/p>\n<p><\/p>\n<p><\/p>\n<p><strong>Cookies de tercers:<\/strong><\/p>\n<p><\/p>\n<p><\/p>\n<p><strong>Google analytics:<\/strong><br \/><strong>_ga<\/strong>: Es fa servir per distingir els usuaris. Dos anys.<br \/><strong>_gat<\/strong>: S&#8217;usa per diferenciar entre els diferents objectes de seguiment creats a la sessi\u00f3. La galeta es crea en carregar la llibreria javascript i no hi ha una versi\u00f3 pr\u00e8via de la galeta _gat. La galeta s&#8217;actualitza cada vegada que envieu les dades a Google Analytics.<br \/><strong>_gid<\/strong>: Google Analytics utilitza aquesta galeta per emmagatzemar i actualitzar un valor \u00fanic per a cada p\u00e0gina visitada. La galeta s&#8217;actualitza cada vegada que envieu les dades a Google Analytics<\/p>\n<p><\/p>\n<p><\/p>\n<p><strong>Cookies de Tercers:<\/strong><\/p>\n<p><\/p>\n<p><\/p>\n<p><strong>Cookies de Google<\/strong>:<br \/><strong>NID<\/strong>: Visualitzaci\u00f3 de mapes mitjan\u00e7ant Google Maps. 6 mesos de perman\u00e8ncia.<br \/><strong>1P_JAR<\/strong>: transfereix dades a Google. T\u00e9 una perman\u00e8ncia de 1 setmana.<br \/><strong>ANID, CONSENT: <\/strong>Cont\u00e9 un valor generat aleat\u00f2riament \u00fanic que permet a la Plataforma per distingir navegadors i dispositius. Aquesta informaci\u00f3 \u00e9s utilitzada per mesurar el rendiment dels anuncis. Persistent.<\/p>\n<p><\/p>\n<p><\/p>\n<h4 class=\"wp-block-heading\">Administraci\u00f3 de les Cookies:<\/h4>\n<p><\/p>\n<p><\/p>\n<p><strong>Qu\u00e8 passa si es deshabiliten les galetes<\/strong><\/p>\n<p><\/p>\n<p><\/p>\n<p>En tot moment podreu accedir a la configuraci\u00f3 del vostre navegador per modificar i\/o bloquejar la instal\u00b7laci\u00f3 de les Cookies, per\u00f2 aix\u00f2 pot implicar que algunes funcionalitats quedin deshabilitades i que es pugui veure limitat l&#8217;acc\u00e9s a alguns continguts. La qualitat del funcionament dels serveis es pot veure afectada.<\/p>\n<p><\/p>\n<p><\/p>\n<p><strong>Forma de desactivar o eliminar les cookies<br \/><\/strong>Per permetre, con\u00e8ixer, bloquejar o eliminar les cookies instal\u00b7lades al seu equip, pot fer-ho mitjan\u00e7ant la configuraci\u00f3 de les opcions del navegador instal\u00b7lat a l&#8217;ordinador.<br \/>Facilitem p\u00e0gines de consulta per deshabilitar cookies a alguns navegadors:<\/p>\n<p><\/p>\n<p><\/p>\n<p>Chrome \u2013\u00a0<a href=\"http:\/\/support.google.com\/chrome\/bin\/answer.py?hl=en&amp;answer=95647\">http:\/\/support.google.com\/chrome\/bin\/answer.py?hl=en&amp;answer=95647<\/a><br \/>Safari \u2013\u00a0<a href=\"https:\/\/support.apple.com\/kb\/PH21411?locale=es_ES\">https:\/\/support.apple.com\/kb\/PH21411?locale=es_ES<\/a>\u00a0y iOS \u2013\u00a0<a href=\"https:\/\/support.apple.com\/es-es\/HT201265\">https:\/\/support.apple.com\/es-es\/HT201265<\/a><br \/>Firefox \u2013\u00a0<a href=\"http:\/\/support.mozilla.org\/en-US\/kb\/Cookies\">http:\/\/support.mozilla.org\/en-US\/kb\/Cookies<\/a><br \/>Opera \u2013\u00a0<a href=\"http:\/\/help.opera.com\/Linux\/10.60\/es-ES\/cookies.html\">http:\/\/help.opera.com\/Linux\/10.60\/es-ES\/cookies.html<\/a><br \/>Edge: <a href=\"https:\/\/support.microsoft.com\/es-es\/help\/4468242\/microsoft-edge-browsing-data-and-privacy-microsoft-privacy\">https:\/\/support.microsoft.com\/es-es\/help\/4468242\/microsoft-edge-browsing-data-and-privacy-microsoft-privacy<br \/><\/a>IE5 (<a href=\"http:\/\/support.microsoft.com\/kb\/196955\">http:\/\/support.microsoft.com\/kb\/196955<\/a>)<br \/>IE6 (<a href=\"http:\/\/support.microsoft.com\/kb\/283185\">http:\/\/support.microsoft.com\/kb\/283185<\/a>)<br \/>IE7 (<a href=\"http:\/\/www.allaboutcookies.org\/manage-cookies\/internet-explorer7-plus.html\">http:\/\/www.allaboutcookies.org\/manage-cookies\/internet-explorer7-plus.html<\/a>)<br \/>IE8 IE9 IE10 IE11 (<a href=\"https:\/\/support.microsoft.com\/es-es\/help\/17442\/windows-internet-explorer-delete-manage-cookies\">https:\/\/support.microsoft.com\/es-es\/help\/17442\/windows-internet-explorer-delete-manage-cookies<\/a>)<\/p>\n<p><\/p>\n<p><\/p>\n<p><\/p>\n<p><\/p>\n<p><\/p>\n<p><\/p>\n<p><\/p>\n<p><\/p>\n<p><\/p>\n<p><\/p>\n<p><\/p>\n<p><\/p>\n<p><\/p>\n<p><\/p>\n<p><\/p>\n<p>\u00a0<\/p>\n<p><\/p><\/div><\/div><\/div><\/div><div class = \"tatsu-column-bg-image-wrap\"><div class = \"tatsu-column-bg-image\" ><\/div><\/div><div class=\"tatsu-overlay tatsu-column-overlay tatsu-animate-none\" ><\/div><\/div><style>.tatsu-row > .tatsu-gwssdmryjw7owj8p.tatsu-column{width: 100%;}.tatsu-gwssdmryjw7owj8p.tatsu-column > .tatsu-column-inner > .tatsu-column-overlay{mix-blend-mode: normal;}.tatsu-gwssdmryjw7owj8p > .tatsu-column-inner > .tatsu-top-divider{z-index: 9999;}.tatsu-gwssdmryjw7owj8p > .tatsu-column-inner > .tatsu-bottom-divider{z-index: 9999;}.tatsu-gwssdmryjw7owj8p > .tatsu-column-inner > .tatsu-left-divider{z-index: 9999;}.tatsu-gwssdmryjw7owj8p > .tatsu-column-inner > .tatsu-right-divider{z-index: 9999;}<\/style><\/div><\/div><\/div><\/div><div class=\"tatsu-section-background-wrap\"><div class = \"tatsu-section-background\" ><\/div><\/div><div class=\"tatsu-overlay tatsu-section-overlay\"><\/div><style>.tatsu-gwssdmryb1oskzn .tatsu-section-pad{padding: 90px 0px 90px 0px;}.tatsu-gwssdmryb1oskzn > .tatsu-bottom-divider{z-index: 9999;}.tatsu-gwssdmryb1oskzn > .tatsu-top-divider{z-index: 9999;}.tatsu-gwssdmryb1oskzn .tatsu-section-overlay{mix-blend-mode: normal;}<\/style><\/div>","protected":false},"excerpt":{"rendered":"<div><a href=\"https:\/\/collectiuguilis.com\/es\/privacy-policy\/\" class=\"exp-read-more exp-read-more-underlined\">Read More<\/a><\/div>\n","protected":false},"author":1,"featured_media":0,"parent":0,"menu_order":0,"comment_status":"closed","ping_status":"closed","template":"","meta":{"footnotes":""},"class_list":["post-391","page","type-page","status-publish","hentry"],"_links":{"self":[{"href":"https:\/\/collectiuguilis.com\/es\/wp-json\/wp\/v2\/pages\/391","targetHints":{"allow":["GET"]}}],"collection":[{"href":"https:\/\/collectiuguilis.com\/es\/wp-json\/wp\/v2\/pages"}],"about":[{"href":"https:\/\/collectiuguilis.com\/es\/wp-json\/wp\/v2\/types\/page"}],"author":[{"embeddable":true,"href":"https:\/\/collectiuguilis.com\/es\/wp-json\/wp\/v2\/users\/1"}],"replies":[{"embeddable":true,"href":"https:\/\/collectiuguilis.com\/es\/wp-json\/wp\/v2\/comments?post=391"}],"version-history":[{"count":6,"href":"https:\/\/collectiuguilis.com\/es\/wp-json\/wp\/v2\/pages\/391\/revisions"}],"predecessor-version":[{"id":400,"href":"https:\/\/collectiuguilis.com\/es\/wp-json\/wp\/v2\/pages\/391\/revisions\/400"}],"wp:attachment":[{"href":"https:\/\/collectiuguilis.com\/es\/wp-json\/wp\/v2\/media?parent=391"}],"curies":[{"name":"wp","href":"https:\/\/api.w.org\/{rel}","templated":true}]}}