{"id":305,"date":"2021-11-25T12:02:59","date_gmt":"2021-11-25T12:02:59","guid":{"rendered":"https:\/\/collectiuguilis.com\/joves-arquitectes-de-mallorca-el-col%c2%b7lectiu-guilis\/"},"modified":"2021-11-26T11:26:12","modified_gmt":"2021-11-26T11:26:12","slug":"joves-arquitectes-de-mallorca-el-col%c2%b7lectiu-guilis","status":"publish","type":"page","link":"https:\/\/collectiuguilis.com\/es\/joves-arquitectes-de-mallorca-el-col%c2%b7lectiu-guilis\/","title":{"rendered":"JOVES ARQUITECTES DE MALLORCA + EL COL\u00b7LECTIU G\u00dcILIS"},"content":{"rendered":"<div  class=\"tatsu-rkG73pm_F tatsu-section  tatsu-bg-overlay   tatsu-clearfix\" data-title=\"\"  data-headerscheme=\"background--dark\"><div class='tatsu-section-pad clearfix' data-padding='{\"d\":\"90px 0px 90px 0px\"}' data-padding-top='90px'><div class=\"tatsu-row-wrap  tatsu-wrap tatsu-row-one-col tatsu-row-has-one-cols tatsu-medium-gutter tatsu-reg-cols  tatsu-clearfix tatsu-B1gfX26Xdt\" ><div  class=\"tatsu-row \" ><div  class=\"tatsu-column  tatsu-bg-overlay tatsu-one-col tatsu-column-image-none tatsu-column-effect-none  tatsu-ByZGQnamOF\"  data-parallax-speed=\"0\" style=\"\"><div class=\"tatsu-column-inner \" ><div class=\"tatsu-column-pad-wrap\"><div class=\"tatsu-column-pad\" ><div  class=\"tatsu-module tatsu-text-block-wrap tatsu-H1MMm3aQOt  \"><div class=\"tatsu-text-inner tatsu-align-center  clearfix\" ><style>.tatsu-H1MMm3aQOt.tatsu-text-block-wrap .tatsu-text-inner{width: 100%;text-align: left;}.tatsu-H1MMm3aQOt.tatsu-text-block-wrap{margin: 0px 0px 20px 0px;}<\/style>\n<h2><b>J\u00d3VENES ARQUITECTOS DE MALLORCA + EL COLECTIVO G\u00dcILIS<\/b><\/h2>\n<\/div><\/div><div  class=\"tatsu-module tatsu-text-block-wrap tatsu-SJXzX3TXdK  \"><div class=\"tatsu-text-inner tatsu-align-center  clearfix\" ><style>.tatsu-SJXzX3TXdK.tatsu-text-block-wrap .tatsu-text-inner{width: 100%;text-align: left;}.tatsu-SJXzX3TXdK.tatsu-text-block-wrap{margin: 0px 0px 20px 0px;}<\/style>\n<p><b>Fecha: <\/b>30\/07\/20<b><br \/><\/b><b>Lugar: <\/b>Centro de Investigaci\u00f3n Esc\u00e9nica, Sineu<\/p>\n<\/div><\/div><div  class=\"tatsu-module tatsu-text-block-wrap tatsu-r1NzQn6muK  \"><div class=\"tatsu-text-inner tatsu-align-center  clearfix\" ><style>.tatsu-r1NzQn6muK.tatsu-text-block-wrap .tatsu-text-inner{width: 100%;text-align: left;}<\/style>\n<p>Los J\u00f3venes arquitectos de Mallorca, agrupaci\u00f3n de j\u00f3venes profesionales que investigan y trabajan en la arquitectura y el urbanismo, y el Colectivo G\u00fcilis, que trabajamos desde el sector de las artes esc\u00e9nicas, intercambiamos, ideas y puntos de vista sobre el concepto de casa, hogar y espacio p\u00fablico ut\u00f3pico. Con esta sesi\u00f3n, quisimos reflexionar e intercambiar diferentes puntos de vista y percepciones de c\u00f3mo la arquitectura y el urbanismo modifican los espacios que habitamos.<\/p>\n<p>La coordinadora del Acto fue la Compa\u00f1\u00eda <strong>As Marias<\/strong> con el proyecto <em>\u00c1gora Esc\u00e9nica<\/em>.<\/p>\n<\/div><\/div><div  class=\"tatsu-gallery-wrap tatsu-gallery-module tatsu-module 0 tatsu-SkSfmnpQOt   \" ><div class=\"gallery   style1-hover \"  ><div class=\"gallery-container be-grid be-row be-cols-3 clickable clearfix  \" data-aspect-ratio=\"1.6\" data-animation-target = \".gallery-thumb-img-wrap\" data-cols=\"3\" data-scroll-reveal = \"1\" data-animation = \"fadeIn\" data-gutter=\"40\" data-layout=\"metro\" ><div class=\"gallery-cell be-col be-hoverlay  not-wide no-wide-width-height style1-hover \" ><div class=\"gallery-cell-inner\"\"><a data-thumb = \"https:\/\/collectiuguilis.com\/wp-content\/uploads\/2021\/11\/Captura-de-pantalla-2020-08-07-a-les-9.17.19-150x150.png\" href=\"https:\/\/collectiuguilis.com\/wp-content\/uploads\/2021\/11\/Captura-de-pantalla-2020-08-07-a-les-9.17.19.png\"  class=\"thumb-anchor mobx  \" data-rel=\"my-gallerySkSfmnpQOt\" title=\"\"><div class=\"thumb-wrap\"><div style = \"padding-bottom : 62.5%;\" class=\"gallery-thumb-img-wrap be-grid-placeholder none-effect\"  ><img decoding=\"async\" class=\"\"  src=\"https:\/\/collectiuguilis.com\/wp-content\/uploads\/2021\/11\/Captura-de-pantalla-2020-08-07-a-les-9.17.19-447x385.png\" alt=\"\" \/><\/div><\/div><div class=\"thumb-overlay\"><div class=\"thumb-bg\"><div class=\"thumb-title-wrap display-table-cell vertical-align-middle align-center fadeIn animated\"><\/div><\/div><\/div><\/a><\/div><\/div><div class=\"gallery-cell be-col be-hoverlay  not-wide no-wide-width-height style1-hover \" ><div class=\"gallery-cell-inner\"\"><a data-thumb = \"https:\/\/collectiuguilis.com\/wp-content\/uploads\/2021\/11\/Captura-de-pantalla-2020-08-07-a-les-9.17.28-150x150.png\" href=\"https:\/\/collectiuguilis.com\/wp-content\/uploads\/2021\/11\/Captura-de-pantalla-2020-08-07-a-les-9.17.28.png\"  class=\"thumb-anchor mobx  \" data-rel=\"my-gallerySkSfmnpQOt\" title=\"\"><div class=\"thumb-wrap\"><div style = \"padding-bottom : 62.5%;\" class=\"gallery-thumb-img-wrap be-grid-placeholder none-effect\"  ><img decoding=\"async\" class=\"\"  src=\"https:\/\/collectiuguilis.com\/wp-content\/uploads\/2021\/11\/Captura-de-pantalla-2020-08-07-a-les-9.17.28-447x385.png\" alt=\"\" \/><\/div><\/div><div class=\"thumb-overlay\"><div class=\"thumb-bg\"><div class=\"thumb-title-wrap display-table-cell vertical-align-middle align-center fadeIn animated\"><\/div><\/div><\/div><\/a><\/div><\/div><div class=\"gallery-cell be-col be-hoverlay  not-wide no-wide-width-height style1-hover \" ><div class=\"gallery-cell-inner\"\"><a data-thumb = \"https:\/\/collectiuguilis.com\/wp-content\/uploads\/2021\/11\/Captura-de-pantalla-2020-08-07-a-les-9.17.41-150x150.png\" href=\"https:\/\/collectiuguilis.com\/wp-content\/uploads\/2021\/11\/Captura-de-pantalla-2020-08-07-a-les-9.17.41.png\"  class=\"thumb-anchor mobx  \" data-rel=\"my-gallerySkSfmnpQOt\" title=\"\"><div class=\"thumb-wrap\"><div style = \"padding-bottom : 62.5%;\" class=\"gallery-thumb-img-wrap be-grid-placeholder none-effect\"  ><img decoding=\"async\" class=\"\"  src=\"https:\/\/collectiuguilis.com\/wp-content\/uploads\/2021\/11\/Captura-de-pantalla-2020-08-07-a-les-9.17.41.png\" alt=\"\" \/><\/div><\/div><div class=\"thumb-overlay\"><div class=\"thumb-bg\"><div class=\"thumb-title-wrap display-table-cell vertical-align-middle align-center fadeIn animated\"><\/div><\/div><\/div><\/a><\/div><\/div><\/div><\/div><style>.tatsu-SkSfmnpQOt .gallery-container{margin: 0 -20px;}.tatsu-SkSfmnpQOt .gallery-container .gallery-cell.be-col{margin-bottom: 40px;}.tatsu-SkSfmnpQOt .gallery-container .gallery-cell.be-col {padding: 0 20px;}.tatsu-SkSfmnpQOt.tatsu-gallery-module .gallery-container {margin-bottom: -40px !important;}.tatsu-SkSfmnpQOt.tatsu-gallery-module .thumb-title{color: #fff ;}.tatsu-SkSfmnpQOt.tatsu-gallery-module .thumb-bg{background-color: rgba(252,222,90,1);}<\/style><\/div><div  class=\"tatsu-module tatsu-normal-button tatsu-button-wrap   tatsu-rJUMX3TmuY   \"><a class=\"tatsu-shortcode smallbtn tatsu-button left-icon rounded   bg-animation-none  \" href=\"https:\/\/collectiuguilis.com\" style= \"\"  aria-label=\"volver al inicio\" data-gdpr-atts={} ><i class=\"tatsu-icon tatsu-icon-arrow-left2\"><\/i>volver al inicio<\/a><style>.tatsu-rJUMX3TmuY .tatsu-button{background-color: rgba(252,222,90,1);color: rgba(0,0,0,1) ;}<\/style><\/div><\/div><\/div><div class = \"tatsu-column-bg-image-wrap\"><div class = \"tatsu-column-bg-image\" ><\/div><\/div><div class=\"tatsu-overlay tatsu-column-overlay tatsu-animate-none\" ><\/div><\/div><style>.tatsu-row > .tatsu-ByZGQnamOF.tatsu-column{width: 100%;}.tatsu-ByZGQnamOF.tatsu-column > .tatsu-column-inner > .tatsu-column-overlay{mix-blend-mode: normal;}.tatsu-ByZGQnamOF > .tatsu-column-inner > .tatsu-top-divider{z-index: 9999;}.tatsu-ByZGQnamOF > .tatsu-column-inner > .tatsu-bottom-divider{z-index: 9999;}.tatsu-ByZGQnamOF > .tatsu-column-inner > .tatsu-left-divider{z-index: 9999;}.tatsu-ByZGQnamOF > .tatsu-column-inner > .tatsu-right-divider{z-index: 9999;}@media only screen and (max-width:1377px) {.tatsu-row > .tatsu-ByZGQnamOF.tatsu-column{width: 100%;}}@media only screen and (min-width:768px) and (max-width: 1024px) {.tatsu-row > .tatsu-ByZGQnamOF.tatsu-column{width: 100%;}}@media only screen and (max-width: 767px) {.tatsu-row > .tatsu-ByZGQnamOF.tatsu-column{width: 100%;}}<\/style><\/div><\/div><\/div><\/div><div class=\"tatsu-section-background-wrap\"><div class = \"tatsu-section-background\" ><\/div><\/div><div class=\"tatsu-overlay tatsu-section-overlay\"><\/div><style>.tatsu-rkG73pm_F .tatsu-section-background{background-image: url(https:\/\/collectiuguilis.com\/wp-content\/uploads\/2021\/11\/Fons_Voltejat-scaled.jpg);background-repeat: no-repeat;background-attachment: scroll;background-position: top left;background-size: cover;}.tatsu-rkG73pm_F .tatsu-bg-blur{background-repeat: no-repeat;background-attachment: scroll;background-position: top left;background-size: cover;}.tatsu-rkG73pm_F .tatsu-section-pad{padding: 90px 0px 90px 0px;}.tatsu-rkG73pm_F .tatsu-section-offset-wrap{transform: translateY(-0px);}.tatsu-rkG73pm_F > .tatsu-bottom-divider{z-index: 9999;}.tatsu-rkG73pm_F > .tatsu-top-divider{z-index: 9999;}.tatsu-rkG73pm_F .tatsu-section-overlay{mix-blend-mode: normal;}<\/style><\/div>\n","protected":false},"excerpt":{"rendered":"<div><a href=\"https:\/\/collectiuguilis.com\/es\/joves-arquitectes-de-mallorca-el-col%c2%b7lectiu-guilis\/\" class=\"exp-read-more exp-read-more-underlined\">Read More<\/a><\/div>\n","protected":false},"author":1,"featured_media":0,"parent":0,"menu_order":0,"comment_status":"closed","ping_status":"closed","template":"","meta":{"footnotes":""},"class_list":["post-305","page","type-page","status-publish","hentry"],"_links":{"self":[{"href":"https:\/\/collectiuguilis.com\/es\/wp-json\/wp\/v2\/pages\/305","targetHints":{"allow":["GET"]}}],"collection":[{"href":"https:\/\/collectiuguilis.com\/es\/wp-json\/wp\/v2\/pages"}],"about":[{"href":"https:\/\/collectiuguilis.com\/es\/wp-json\/wp\/v2\/types\/page"}],"author":[{"embeddable":true,"href":"https:\/\/collectiuguilis.com\/es\/wp-json\/wp\/v2\/users\/1"}],"replies":[{"embeddable":true,"href":"https:\/\/collectiuguilis.com\/es\/wp-json\/wp\/v2\/comments?post=305"}],"version-history":[{"count":3,"href":"https:\/\/collectiuguilis.com\/es\/wp-json\/wp\/v2\/pages\/305\/revisions"}],"predecessor-version":[{"id":378,"href":"https:\/\/collectiuguilis.com\/es\/wp-json\/wp\/v2\/pages\/305\/revisions\/378"}],"wp:attachment":[{"href":"https:\/\/collectiuguilis.com\/es\/wp-json\/wp\/v2\/media?parent=305"}],"curies":[{"name":"wp","href":"https:\/\/api.w.org\/{rel}","templated":true}]}}