{"id":300,"date":"2021-11-25T12:02:25","date_gmt":"2021-11-25T12:02:25","guid":{"rendered":"https:\/\/collectiuguilis.com\/participacio-al-programa-educatiu-antra-escenica\/"},"modified":"2021-11-26T11:22:36","modified_gmt":"2021-11-26T11:22:36","slug":"participacio-al-programa-educatiu-antra-escenica","status":"publish","type":"page","link":"https:\/\/collectiuguilis.com\/es\/participacio-al-programa-educatiu-antra-escenica\/","title":{"rendered":"PARTICIPACI\u00d3 AL PROGRAMA EDUCATIU ANTRA ESC\u00c8NICA"},"content":{"rendered":"<div  class=\"tatsu-r17F0aXdK tatsu-section  tatsu-bg-overlay   tatsu-clearfix\" data-title=\"\"  data-headerscheme=\"background--dark\"><div class='tatsu-section-pad clearfix' data-padding='{\"d\":\"90px 0px 90px 0px\"}' data-padding-top='90px'><div class=\"tatsu-row-wrap  tatsu-wrap tatsu-row-one-col tatsu-row-has-one-cols tatsu-medium-gutter tatsu-reg-cols  tatsu-clearfix tatsu-SJgXt06m_t\" ><div  class=\"tatsu-row \" ><div  class=\"tatsu-column  tatsu-bg-overlay tatsu-one-col tatsu-column-image-none tatsu-column-effect-none  tatsu-ByZ7F0aQdt\"  data-parallax-speed=\"0\" style=\"\"><div class=\"tatsu-column-inner \" ><div class=\"tatsu-column-pad-wrap\"><div class=\"tatsu-column-pad\" ><div  class=\"tatsu-module tatsu-text-block-wrap tatsu-SJMXY0pmuF  \"><div class=\"tatsu-text-inner tatsu-align-center  clearfix\" ><style>.tatsu-SJMXY0pmuF.tatsu-text-block-wrap .tatsu-text-inner{width: 100%;text-align: left;}.tatsu-SJMXY0pmuF.tatsu-text-block-wrap{margin: 0px 0px 20px 0px;}<\/style>\n<h2><b>PARTICIPACI\u00d3N AL PROGRAMA EDUCATIVO <em>ANTRA ESC\u00c8NICA<\/em><\/b><\/h2>\n<\/div><\/div><div  class=\"tatsu-module tatsu-text-block-wrap tatsu-SymmFATXOt  \"><div class=\"tatsu-text-inner tatsu-align-center  clearfix\" ><style>.tatsu-SymmFATXOt.tatsu-text-block-wrap .tatsu-text-inner{width: 100%;text-align: left;}.tatsu-SymmFATXOt.tatsu-text-block-wrap{margin: 0px 0px 20px 0px;}<\/style>\n<p><b>Fecha: <\/b>14\/08\/20 i 26\/08\/20<b><br \/><\/b><b>Lugar: <\/b>Centro de Investigaci\u00f3n Esc\u00e9nica, Sineu<b><br \/><\/b><\/p>\n<\/div><\/div><div  class=\"tatsu-module tatsu-text-block-wrap tatsu-B1NQYCTmuF  \"><div class=\"tatsu-text-inner tatsu-align-center  clearfix\" ><style>.tatsu-B1NQYCTmuF.tatsu-text-block-wrap .tatsu-text-inner{width: 100%;text-align: left;}<\/style>\n<p>El <strong>Colectivo G\u00fcilis<\/strong> invitamos a <strong>alumnas recientemente graduadas de la Escuela de Arte Dram\u00e1tico de las Islas Baleares (ESADIB)<\/strong>, a nuestro proceso de creaci\u00f3n durante la residencia en el Centro de Investigaci\u00f3n Esc\u00e9nica de Sineu (C.IN.E). Realizamos dos sesiones de asistencia a la creaci\u00f3n, una el 14 de junio del 2020 y la segunda el 26 de agosto del 2020.<\/p>\n<p>En la primera sesi\u00f3n las participantes de la <em><strong>Antra<\/strong><\/em> se convirtieron en nuevas miembros del Colectivo por un d\u00eda, y pudieron adentrarse en la experiencia del trabajo de improvisaci\u00f3n colectiva, de composici\u00f3n a tiempo real y la investigaci\u00f3n para la re-apropiaci\u00f3n del espacio p\u00fablico.<\/p>\n<p>En la segunda sesi\u00f3n las participantes de la <em><strong>Antra<\/strong><\/em> adoptaron la figura de \u201cojo externo\u201d, como acompa\u00f1antes de las facilitadoras que coordinaban la pr\u00e1ctica. De este modo, pudieron vivir la intervenci\u00f3n desde fuera, analizar c\u00f3mo trabaja el colectivo y adentrarse en la figura de coordinadora de pr\u00e1ctica.\u00a0<\/p>\n<p>Finalmente, el <em><strong>Antra<\/strong><\/em> cerr\u00f3 el seguimiento del colectivo acudiendo al <i>work in progress<\/i>, y observando as\u00ed la culminaci\u00f3n del trabajo de residencia.<\/p>\n<\/div><\/div><div  class=\"tatsu-gallery-wrap tatsu-gallery-module tatsu-module 0 tatsu-SJHmYCpQdF   \" ><div class=\"gallery   style1-hover \"  ><div class=\"gallery-container be-grid be-row be-cols-3 clickable clearfix  \" data-aspect-ratio=\"1.6\" data-animation-target = \".gallery-thumb-img-wrap\" data-cols=\"3\" data-scroll-reveal = \"1\" data-animation = \"fadeIn\" data-gutter=\"40\" data-layout=\"metro\" ><div class=\"gallery-cell be-col be-hoverlay  not-wide no-wide-width-height style1-hover \" ><div class=\"gallery-cell-inner\"\"><a data-thumb = \"https:\/\/collectiuguilis.com\/wp-content\/uploads\/2021\/11\/Encontre-ANTRA-2-150x150.jpg\" href=\"https:\/\/collectiuguilis.com\/wp-content\/uploads\/2021\/11\/Encontre-ANTRA-2-scaled.jpg\"  class=\"thumb-anchor mobx  \" data-rel=\"my-gallerySJHmYCpQdF\" title=\"\"><div class=\"thumb-wrap\"><div style = \"padding-bottom : 62.5%;\" class=\"gallery-thumb-img-wrap be-grid-placeholder none-effect\"  ><img decoding=\"async\" class=\"\"  src=\"https:\/\/collectiuguilis.com\/wp-content\/uploads\/2021\/11\/Encontre-ANTRA-2-650x385.jpg\" alt=\"\" \/><\/div><\/div><div class=\"thumb-overlay\"><div class=\"thumb-bg\"><div class=\"thumb-title-wrap display-table-cell vertical-align-middle align-center fadeIn animated\"><\/div><\/div><\/div><\/a><\/div><\/div><div class=\"gallery-cell be-col be-hoverlay  not-wide no-wide-width-height style1-hover \" ><div class=\"gallery-cell-inner\"\"><a data-thumb = \"https:\/\/collectiuguilis.com\/wp-content\/uploads\/2021\/11\/Encontre-ANTRA-3-150x150.jpg\" href=\"https:\/\/collectiuguilis.com\/wp-content\/uploads\/2021\/11\/Encontre-ANTRA-3-scaled.jpg\"  class=\"thumb-anchor mobx  \" data-rel=\"my-gallerySJHmYCpQdF\" title=\"\"><div class=\"thumb-wrap\"><div style = \"padding-bottom : 62.5%;\" class=\"gallery-thumb-img-wrap be-grid-placeholder none-effect\"  ><img decoding=\"async\" class=\"\"  src=\"https:\/\/collectiuguilis.com\/wp-content\/uploads\/2021\/11\/Encontre-ANTRA-3-650x385.jpg\" alt=\"\" \/><\/div><\/div><div class=\"thumb-overlay\"><div class=\"thumb-bg\"><div class=\"thumb-title-wrap display-table-cell vertical-align-middle align-center fadeIn animated\"><\/div><\/div><\/div><\/a><\/div><\/div><div class=\"gallery-cell be-col be-hoverlay  not-wide no-wide-width-height style1-hover \" ><div class=\"gallery-cell-inner\"\"><a data-thumb = \"https:\/\/collectiuguilis.com\/wp-content\/uploads\/2021\/11\/Encontre-ANTRA-150x150.jpg\" href=\"https:\/\/collectiuguilis.com\/wp-content\/uploads\/2021\/11\/Encontre-ANTRA.jpg\"  class=\"thumb-anchor mobx  \" data-rel=\"my-gallerySJHmYCpQdF\" title=\"\"><div class=\"thumb-wrap\"><div style = \"padding-bottom : 62.5%;\" class=\"gallery-thumb-img-wrap be-grid-placeholder none-effect\"  ><img decoding=\"async\" class=\"\"  src=\"https:\/\/collectiuguilis.com\/wp-content\/uploads\/2021\/11\/Encontre-ANTRA-650x385.jpg\" alt=\"\" \/><\/div><\/div><div class=\"thumb-overlay\"><div class=\"thumb-bg\"><div class=\"thumb-title-wrap display-table-cell vertical-align-middle align-center fadeIn animated\"><\/div><\/div><\/div><\/a><\/div><\/div><\/div><\/div><style>.tatsu-SJHmYCpQdF .gallery-container{margin: 0 -20px;}.tatsu-SJHmYCpQdF .gallery-container .gallery-cell.be-col{margin-bottom: 40px;}.tatsu-SJHmYCpQdF .gallery-container .gallery-cell.be-col {padding: 0 20px;}.tatsu-SJHmYCpQdF.tatsu-gallery-module .gallery-container {margin-bottom: -40px !important;}.tatsu-SJHmYCpQdF.tatsu-gallery-module .thumb-title{color: #fff ;}.tatsu-SJHmYCpQdF.tatsu-gallery-module .thumb-bg{background-color: rgba(252,222,90,1);}<\/style><\/div><div  class=\"tatsu-module tatsu-normal-button tatsu-button-wrap   tatsu-BJLmKA67_t   \"><a class=\"tatsu-shortcode smallbtn tatsu-button left-icon rounded   bg-animation-none  \" href=\"https:\/\/collectiuguilis.com\" style= \"\"  aria-label=\"volver al inicio\" data-gdpr-atts={} ><i class=\"tatsu-icon tatsu-icon-arrow-left2\"><\/i>volver al inicio<\/a><style>.tatsu-BJLmKA67_t .tatsu-button{background-color: rgba(252,222,90,1);color: rgba(0,0,0,1) ;}<\/style><\/div><\/div><\/div><div class = \"tatsu-column-bg-image-wrap\"><div class = \"tatsu-column-bg-image\" ><\/div><\/div><div class=\"tatsu-overlay tatsu-column-overlay tatsu-animate-none\" ><\/div><\/div><style>.tatsu-row > .tatsu-ByZ7F0aQdt.tatsu-column{width: 100%;}.tatsu-ByZ7F0aQdt.tatsu-column > .tatsu-column-inner > .tatsu-column-overlay{mix-blend-mode: normal;}.tatsu-ByZ7F0aQdt > .tatsu-column-inner > .tatsu-top-divider{z-index: 9999;}.tatsu-ByZ7F0aQdt > .tatsu-column-inner > .tatsu-bottom-divider{z-index: 9999;}.tatsu-ByZ7F0aQdt > .tatsu-column-inner > .tatsu-left-divider{z-index: 9999;}.tatsu-ByZ7F0aQdt > .tatsu-column-inner > .tatsu-right-divider{z-index: 9999;}@media only screen and (max-width:1377px) {.tatsu-row > .tatsu-ByZ7F0aQdt.tatsu-column{width: 100%;}}@media only screen and (min-width:768px) and (max-width: 1024px) {.tatsu-row > .tatsu-ByZ7F0aQdt.tatsu-column{width: 100%;}}@media only screen and (max-width: 767px) {.tatsu-row > .tatsu-ByZ7F0aQdt.tatsu-column{width: 100%;}}<\/style><\/div><\/div><\/div><\/div><div class=\"tatsu-section-background-wrap\"><div class = \"tatsu-section-background\" ><\/div><\/div><div class=\"tatsu-overlay tatsu-section-overlay\"><\/div><style>.tatsu-r17F0aXdK .tatsu-section-background{background-image: url(https:\/\/collectiuguilis.com\/wp-content\/uploads\/2021\/11\/Fons_Voltejat-scaled.jpg);background-repeat: no-repeat;background-attachment: scroll;background-position: top left;background-size: cover;}.tatsu-r17F0aXdK .tatsu-bg-blur{background-repeat: no-repeat;background-attachment: scroll;background-position: top left;background-size: cover;}.tatsu-r17F0aXdK .tatsu-section-pad{padding: 90px 0px 90px 0px;}.tatsu-r17F0aXdK .tatsu-section-offset-wrap{transform: translateY(-0px);}.tatsu-r17F0aXdK > .tatsu-bottom-divider{z-index: 9999;}.tatsu-r17F0aXdK > .tatsu-top-divider{z-index: 9999;}.tatsu-r17F0aXdK .tatsu-section-overlay{mix-blend-mode: normal;}<\/style><\/div>\n","protected":false},"excerpt":{"rendered":"<div><a href=\"https:\/\/collectiuguilis.com\/es\/participacio-al-programa-educatiu-antra-escenica\/\" class=\"exp-read-more exp-read-more-underlined\">Read More<\/a><\/div>\n","protected":false},"author":1,"featured_media":0,"parent":0,"menu_order":0,"comment_status":"closed","ping_status":"closed","template":"","meta":{"footnotes":""},"class_list":["post-300","page","type-page","status-publish","hentry"],"_links":{"self":[{"href":"https:\/\/collectiuguilis.com\/es\/wp-json\/wp\/v2\/pages\/300","targetHints":{"allow":["GET"]}}],"collection":[{"href":"https:\/\/collectiuguilis.com\/es\/wp-json\/wp\/v2\/pages"}],"about":[{"href":"https:\/\/collectiuguilis.com\/es\/wp-json\/wp\/v2\/types\/page"}],"author":[{"embeddable":true,"href":"https:\/\/collectiuguilis.com\/es\/wp-json\/wp\/v2\/users\/1"}],"replies":[{"embeddable":true,"href":"https:\/\/collectiuguilis.com\/es\/wp-json\/wp\/v2\/comments?post=300"}],"version-history":[{"count":3,"href":"https:\/\/collectiuguilis.com\/es\/wp-json\/wp\/v2\/pages\/300\/revisions"}],"predecessor-version":[{"id":375,"href":"https:\/\/collectiuguilis.com\/es\/wp-json\/wp\/v2\/pages\/300\/revisions\/375"}],"wp:attachment":[{"href":"https:\/\/collectiuguilis.com\/es\/wp-json\/wp\/v2\/media?parent=300"}],"curies":[{"name":"wp","href":"https:\/\/api.w.org\/{rel}","templated":true}]}}