{"id":298,"date":"2021-11-25T12:01:08","date_gmt":"2021-11-25T12:01:08","guid":{"rendered":"https:\/\/collectiuguilis.com\/encontre-mutis\/"},"modified":"2021-11-26T10:36:26","modified_gmt":"2021-11-26T10:36:26","slug":"encontre-mutis","status":"publish","type":"page","link":"https:\/\/collectiuguilis.com\/es\/encontre-mutis\/","title":{"rendered":"Encontre MUTIS"},"content":{"rendered":"<div  class=\"tatsu-S1WO-5am_t tatsu-section  tatsu-bg-overlay   tatsu-clearfix\" data-title=\"\"  data-headerscheme=\"background--dark\"><div class='tatsu-section-pad clearfix' data-padding='{\"d\":\"90px 0px 90px 0px\"}' data-padding-top='90px'><div class=\"tatsu-row-wrap  tatsu-wrap tatsu-row-one-col tatsu-row-has-one-cols tatsu-medium-gutter tatsu-reg-cols  tatsu-clearfix tatsu-rke_-5aQOt\" ><div  class=\"tatsu-row \" ><div  class=\"tatsu-column  tatsu-bg-overlay tatsu-one-col tatsu-column-image-none tatsu-column-effect-none  tatsu-SJu-5a7dY\"  data-parallax-speed=\"0\" style=\"\"><div class=\"tatsu-column-inner \" ><div class=\"tatsu-column-pad-wrap\"><div class=\"tatsu-column-pad\" ><div  class=\"tatsu-module tatsu-text-block-wrap tatsu-rJb75pXuY  \"><div class=\"tatsu-text-inner tatsu-align-center  clearfix\" ><style>.tatsu-rJb75pXuY.tatsu-text-block-wrap .tatsu-text-inner{width: 100%;text-align: left;}.tatsu-rJb75pXuY.tatsu-text-block-wrap{margin: 0px 0px 20px 0px;}<\/style>\n<h2><b>CONFERENCIA PERFORMATIVA EN EL FESTIVAL MUTIS<\/b><\/h2>\n<\/div><\/div><div  class=\"tatsu-module tatsu-text-block-wrap tatsu-ByX1NiTXuY  \"><div class=\"tatsu-text-inner tatsu-align-center  clearfix\" ><style>.tatsu-ByX1NiTXuY.tatsu-text-block-wrap .tatsu-text-inner{width: 100%;text-align: left;}.tatsu-ByX1NiTXuY.tatsu-text-block-wrap{margin: 0px 0px 20px 0px;}<\/style>\n<p><b>Fecha: <\/b>17\/05\/21<b><br \/><\/b><b>Sitio: <\/b>Fabra i Coats, Barcelona<\/p>\n<\/div><\/div><div  class=\"tatsu-module tatsu-text-block-wrap tatsu-rJ6mqa7_K  \"><div class=\"tatsu-text-inner tatsu-align-center  clearfix\" ><style>.tatsu-rJ6mqa7_K.tatsu-text-block-wrap .tatsu-text-inner{width: 100%;text-align: left;}<\/style>\n<p>Enmarcado dentro del Festival MUTIS XII, que tiene lugar en Barcelona, llevamos a cabo una conferencia performativa. Esta propuesta naci\u00f3 con la intenci\u00f3n de fortalecer el v\u00ednculo entre los estudios acad\u00e9micos y el trabajo pr\u00e1ctico. Dar a conocer el trabajo de un colectivo de Palma (Mallorca), que reflexiona desde el 2016 sobre la relaci\u00f3n con los espacios p\u00fablicos a trav\u00e9s de nuestros cuerpos y de la colectividad heterog\u00e9nea. Quisimos compartir nuestra investigaci\u00f3n de manera experiencial, te\u00f3rica pero principalmente pr\u00e1ctica, porque pensamos que es la manera en qu\u00e9 nosotras hemos entendido la profundidad del conocimiento adquirido, mediante las pr\u00e1cticas en los espacios p\u00fablicos.<\/p>\n<p><span style=\"font-weight: 400;\">\u00a0<\/span><\/p>\n<\/div><\/div><div  class=\"tatsu-gallery-wrap tatsu-gallery-module tatsu-module 0 tatsu-H1Qq96XuF   \" ><div class=\"gallery   style1-hover \"  ><div class=\"gallery-container be-grid be-row be-cols-3 clickable clearfix  \" data-aspect-ratio=\"1.6\" data-animation-target = \".gallery-thumb-img-wrap\" data-cols=\"3\" data-scroll-reveal = \"1\" data-animation = \"fadeIn\" data-gutter=\"40\" data-layout=\"metro\" ><div class=\"gallery-cell be-col be-hoverlay  not-wide no-wide-width-height style1-hover \" ><div class=\"gallery-cell-inner\"\"><a data-thumb = \"https:\/\/collectiuguilis.com\/wp-content\/uploads\/2021\/11\/Encontre-MUTIS-2-150x150.jpg\" href=\"https:\/\/collectiuguilis.com\/wp-content\/uploads\/2021\/11\/Encontre-MUTIS-2.jpg\"  class=\"thumb-anchor mobx  \" data-rel=\"my-galleryH1Qq96XuF\" title=\"\"><div class=\"thumb-wrap\"><div style = \"padding-bottom : 62.5%;\" class=\"gallery-thumb-img-wrap be-grid-placeholder none-effect\"  ><img decoding=\"async\" class=\"\"  src=\"https:\/\/collectiuguilis.com\/wp-content\/uploads\/2021\/11\/Encontre-MUTIS-2-650x385.jpg\" alt=\"\" \/><\/div><\/div><div class=\"thumb-overlay\"><div class=\"thumb-bg\"><div class=\"thumb-title-wrap display-table-cell vertical-align-middle align-center fadeIn animated\"><\/div><\/div><\/div><\/a><\/div><\/div><div class=\"gallery-cell be-col be-hoverlay  not-wide no-wide-width-height style1-hover \" ><div class=\"gallery-cell-inner\"\"><a data-thumb = \"https:\/\/collectiuguilis.com\/wp-content\/uploads\/2021\/11\/Encontre-MUTIS-150x150.jpg\" href=\"https:\/\/collectiuguilis.com\/wp-content\/uploads\/2021\/11\/Encontre-MUTIS.jpg\"  class=\"thumb-anchor mobx  \" data-rel=\"my-galleryH1Qq96XuF\" title=\"\"><div class=\"thumb-wrap\"><div style = \"padding-bottom : 62.5%;\" class=\"gallery-thumb-img-wrap be-grid-placeholder none-effect\"  ><img decoding=\"async\" class=\"\"  src=\"https:\/\/collectiuguilis.com\/wp-content\/uploads\/2021\/11\/Encontre-MUTIS-650x385.jpg\" alt=\"\" \/><\/div><\/div><div class=\"thumb-overlay\"><div class=\"thumb-bg\"><div class=\"thumb-title-wrap display-table-cell vertical-align-middle align-center fadeIn animated\"><\/div><\/div><\/div><\/a><\/div><\/div><div class=\"gallery-cell be-col be-hoverlay  not-wide no-wide-width-height style1-hover \" ><div class=\"gallery-cell-inner\"\"><a data-thumb = \"https:\/\/collectiuguilis.com\/wp-content\/uploads\/2021\/11\/EncontreMUTIS2-150x150.jpg\" href=\"https:\/\/collectiuguilis.com\/wp-content\/uploads\/2021\/11\/EncontreMUTIS2.jpg\"  class=\"thumb-anchor mobx  \" data-rel=\"my-galleryH1Qq96XuF\" title=\"\"><div class=\"thumb-wrap\"><div style = \"padding-bottom : 62.5%;\" class=\"gallery-thumb-img-wrap be-grid-placeholder none-effect\"  ><img decoding=\"async\" class=\"\"  src=\"https:\/\/collectiuguilis.com\/wp-content\/uploads\/2021\/11\/EncontreMUTIS2-650x385.jpg\" alt=\"\" \/><\/div><\/div><div class=\"thumb-overlay\"><div class=\"thumb-bg\"><div class=\"thumb-title-wrap display-table-cell vertical-align-middle align-center fadeIn animated\"><\/div><\/div><\/div><\/a><\/div><\/div><div class=\"gallery-cell be-col be-hoverlay  not-wide no-wide-width-height style1-hover \" ><div class=\"gallery-cell-inner\"\"><a data-thumb = \"https:\/\/collectiuguilis.com\/wp-content\/uploads\/2021\/11\/EncontreMUTIS2-150x150.png\" href=\"https:\/\/collectiuguilis.com\/wp-content\/uploads\/2021\/11\/EncontreMUTIS2.png\"  class=\"thumb-anchor mobx  \" data-rel=\"my-galleryH1Qq96XuF\" title=\"\"><div class=\"thumb-wrap\"><div style = \"padding-bottom : 62.5%;\" class=\"gallery-thumb-img-wrap be-grid-placeholder none-effect\"  ><img decoding=\"async\" class=\"\"  src=\"https:\/\/collectiuguilis.com\/wp-content\/uploads\/2021\/11\/EncontreMUTIS2-650x385.png\" alt=\"\" \/><\/div><\/div><div class=\"thumb-overlay\"><div class=\"thumb-bg\"><div class=\"thumb-title-wrap display-table-cell vertical-align-middle align-center fadeIn animated\"><\/div><\/div><\/div><\/a><\/div><\/div><\/div><\/div><style>.tatsu-H1Qq96XuF .gallery-container{margin: 0 -20px;}.tatsu-H1Qq96XuF .gallery-container .gallery-cell.be-col{margin-bottom: 40px;}.tatsu-H1Qq96XuF .gallery-container .gallery-cell.be-col {padding: 0 20px;}.tatsu-H1Qq96XuF.tatsu-gallery-module .gallery-container {margin-bottom: -40px !important;}.tatsu-H1Qq96XuF.tatsu-gallery-module .thumb-title{color: #fff ;}.tatsu-H1Qq96XuF.tatsu-gallery-module .thumb-bg{background-color: rgba(252,222,90,1);}<\/style><\/div><div  class=\"tatsu-module tatsu-normal-button tatsu-button-wrap   tatsu-rkDwspXdK   \"><a class=\"tatsu-shortcode smallbtn tatsu-button left-icon rounded   bg-animation-none  \" href=\"https:\/\/collectiuguilis.com\" style= \"\"  aria-label=\"volver al inicio\" data-gdpr-atts={} ><i class=\"tatsu-icon tatsu-icon-arrow-left2\"><\/i>volver al inicio<\/a><style>.tatsu-rkDwspXdK .tatsu-button{background-color: rgba(252,222,90,1);color: rgba(0,0,0,1) ;}<\/style><\/div><\/div><\/div><div class = \"tatsu-column-bg-image-wrap\"><div class = \"tatsu-column-bg-image\" ><\/div><\/div><div class=\"tatsu-overlay tatsu-column-overlay tatsu-animate-none\" ><\/div><\/div><style>.tatsu-row > .tatsu-SJu-5a7dY.tatsu-column{width: 100%;}.tatsu-SJu-5a7dY.tatsu-column > .tatsu-column-inner > .tatsu-column-overlay{mix-blend-mode: normal;}.tatsu-SJu-5a7dY > .tatsu-column-inner > .tatsu-top-divider{z-index: 9999;}.tatsu-SJu-5a7dY > .tatsu-column-inner > .tatsu-bottom-divider{z-index: 9999;}.tatsu-SJu-5a7dY > .tatsu-column-inner > .tatsu-left-divider{z-index: 9999;}.tatsu-SJu-5a7dY > .tatsu-column-inner > .tatsu-right-divider{z-index: 9999;}@media only screen and (max-width:1377px) {.tatsu-row > .tatsu-SJu-5a7dY.tatsu-column{width: 100%;}}@media only screen and (min-width:768px) and (max-width: 1024px) {.tatsu-row > .tatsu-SJu-5a7dY.tatsu-column{width: 100%;}}@media only screen and (max-width: 767px) {.tatsu-row > .tatsu-SJu-5a7dY.tatsu-column{width: 100%;}}<\/style><\/div><\/div><\/div><\/div><div class=\"tatsu-section-background-wrap\"><div class = \"tatsu-section-background\" ><\/div><\/div><div class=\"tatsu-overlay tatsu-section-overlay\"><\/div><style>.tatsu-S1WO-5am_t .tatsu-section-background{background-image: url(https:\/\/collectiuguilis.com\/wp-content\/uploads\/2021\/11\/Fons_Voltejat-scaled.jpg);background-repeat: no-repeat;background-attachment: scroll;background-position: top left;background-size: cover;}.tatsu-S1WO-5am_t .tatsu-bg-blur{background-repeat: no-repeat;background-attachment: scroll;background-position: top left;background-size: cover;}.tatsu-S1WO-5am_t .tatsu-section-pad{padding: 90px 0px 90px 0px;}.tatsu-S1WO-5am_t .tatsu-section-offset-wrap{transform: translateY(-0px);}.tatsu-S1WO-5am_t > .tatsu-bottom-divider{z-index: 9999;}.tatsu-S1WO-5am_t > .tatsu-top-divider{z-index: 9999;}.tatsu-S1WO-5am_t .tatsu-section-overlay{mix-blend-mode: normal;}<\/style><\/div>\n","protected":false},"excerpt":{"rendered":"<div><a href=\"https:\/\/collectiuguilis.com\/es\/encontre-mutis\/\" class=\"exp-read-more exp-read-more-underlined\">Read More<\/a><\/div>\n","protected":false},"author":1,"featured_media":0,"parent":0,"menu_order":0,"comment_status":"closed","ping_status":"closed","template":"","meta":{"footnotes":""},"class_list":["post-298","page","type-page","status-publish","hentry"],"_links":{"self":[{"href":"https:\/\/collectiuguilis.com\/es\/wp-json\/wp\/v2\/pages\/298","targetHints":{"allow":["GET"]}}],"collection":[{"href":"https:\/\/collectiuguilis.com\/es\/wp-json\/wp\/v2\/pages"}],"about":[{"href":"https:\/\/collectiuguilis.com\/es\/wp-json\/wp\/v2\/types\/page"}],"author":[{"embeddable":true,"href":"https:\/\/collectiuguilis.com\/es\/wp-json\/wp\/v2\/users\/1"}],"replies":[{"embeddable":true,"href":"https:\/\/collectiuguilis.com\/es\/wp-json\/wp\/v2\/comments?post=298"}],"version-history":[{"count":2,"href":"https:\/\/collectiuguilis.com\/es\/wp-json\/wp\/v2\/pages\/298\/revisions"}],"predecessor-version":[{"id":344,"href":"https:\/\/collectiuguilis.com\/es\/wp-json\/wp\/v2\/pages\/298\/revisions\/344"}],"wp:attachment":[{"href":"https:\/\/collectiuguilis.com\/es\/wp-json\/wp\/v2\/media?parent=298"}],"curies":[{"name":"wp","href":"https:\/\/api.w.org\/{rel}","templated":true}]}}