{"id":259,"date":"2021-11-22T19:10:30","date_gmt":"2021-11-22T19:10:30","guid":{"rendered":"https:\/\/collectiuguilis.com\/?page_id=259"},"modified":"2022-02-08T20:44:55","modified_gmt":"2022-02-08T20:44:55","slug":"encontre-arquitectura-urbanisme-espai-public-i-comunitat","status":"publish","type":"page","link":"https:\/\/collectiuguilis.com\/es\/encontre-arquitectura-urbanisme-espai-public-i-comunitat\/","title":{"rendered":"ENCONTRE: ARQUITECTURA, URBANISME, ESPAI P\u00daBLIC I COMUNITAT"},"content":{"rendered":"<div  class=\"tatsu-HktXnTQut tatsu-section  tatsu-bg-overlay   tatsu-clearfix\" data-title=\"\"  data-headerscheme=\"background--dark\"><div class='tatsu-section-pad clearfix' data-padding='{\"d\":\"90px 0px 90px 0px\"}' data-padding-top='90px'><div class=\"tatsu-row-wrap  tatsu-wrap tatsu-row-one-col tatsu-row-has-one-cols tatsu-medium-gutter tatsu-reg-cols  tatsu-clearfix tatsu-HJxKm26QdF\" ><div  class=\"tatsu-row \" ><div  class=\"tatsu-column  tatsu-bg-overlay tatsu-one-col tatsu-column-image-none tatsu-column-effect-none  tatsu-SyWF72aQuK\"  data-parallax-speed=\"0\" style=\"\"><div class=\"tatsu-column-inner \" ><div class=\"tatsu-column-pad-wrap\"><div class=\"tatsu-column-pad\" ><div  class=\"tatsu-module tatsu-text-block-wrap tatsu-r1GK7n6mdt  \"><div class=\"tatsu-text-inner tatsu-align-center  clearfix\" ><style>.tatsu-r1GK7n6mdt.tatsu-text-block-wrap .tatsu-text-inner{width: 100%;text-align: left;}.tatsu-r1GK7n6mdt.tatsu-text-block-wrap{margin: 0px 0px 20px 0px;}<\/style>\n<h2>ENCUENTRO: ARQUITECTURA, URBANISMO, ESPACIO P\u00daBLICO Y COMUNIDAD\u00a0\u2028<\/h2>\n<\/div><\/div><div  class=\"tatsu-module tatsu-text-block-wrap tatsu-ByXKXh6QdY  \"><div class=\"tatsu-text-inner tatsu-align-center  clearfix\" ><style>.tatsu-ByXKXh6QdY.tatsu-text-block-wrap .tatsu-text-inner{width: 100%;text-align: left;}.tatsu-ByXKXh6QdY.tatsu-text-block-wrap{margin: 0px 0px 20px 0px;}<\/style>\n<p><b>Fecha: <\/b>13\/08\/21<b><br \/><\/b><b>Lugar: <\/b>Parque de les Fonts (Palma)<\/p>\n<\/div><\/div><div  class=\"tatsu-module tatsu-text-block-wrap tatsu-rkVtX36XuK  \"><div class=\"tatsu-text-inner tatsu-align-center  clearfix\" ><style>.tatsu-rkVtX36XuK.tatsu-text-block-wrap .tatsu-text-inner{width: 100%;text-align: left;}<\/style>\n<p><span style=\"font-weight: 400;\">El objetivo de este encuentro fue invitar a diferentes profesionales que de manera directa e indirecta trabajan por y en el espacio p\u00fablico. Contamos con arquitectos y artistas pl\u00e1sticas y visuales (Sa Galania). Juntas, pasamos por las siguientes preguntas y compartimos distintos conocimientos y experiencias:<\/span><\/p>\n<ul>\n<li aria-level=\"1\">\u00bfQu\u00e9 significa el concepto de \u201ccomunidad\u201d?<\/li>\n<li aria-level=\"1\">\u00bfQu\u00e9 tipo de comunidad o qu\u00e9 valores queremos lograr con nuestras acciones?\u00bfRealmente es posible llevarlas a cabo?\u00bfEs una utop\u00eda?\u00a0<\/li>\n<li aria-level=\"1\">\u00bfQu\u00e9 tipo de arquitectura y urbanismo puede potenciar un comportamiento m\u00e1s comunitario?\u00bfY un comportamiento que provoca alienaci\u00f3n o individualismo?<\/li>\n<li aria-level=\"1\">\u00bfQu\u00e9 din\u00e1micas o qu\u00e9 acciones pueden potenciar un comportamiento m\u00e1s comunitario?\u00bfY un comportamiento que provoca alienaci\u00f3n o individualismo?<\/li>\n<\/ul>\n<p>Son preguntas que nos seguimos haciendo a rasgos generales, y que queremos seguir compartiendo con otras personas y agrupaciones interesadas en este debate.<\/p>\n<p><span style=\"font-weight: 400;\">\u00a0<\/span><\/p>\n<\/div><\/div><div  class=\"tatsu-gallery-wrap tatsu-gallery-module tatsu-module 0 tatsu-BJHYXh67uF   \" ><div class=\"gallery   style1-hover \"  ><div class=\"gallery-container be-grid be-row be-cols-3 clickable clearfix  \" data-aspect-ratio=\"1.6\" data-animation-target = \".gallery-thumb-img-wrap\" data-cols=\"3\" data-scroll-reveal = \"1\" data-animation = \"fadeIn\" data-gutter=\"40\" data-layout=\"metro\" ><div class=\"gallery-cell be-col be-hoverlay  not-wide no-wide-width-height style1-hover \" ><div class=\"gallery-cell-inner\"\"><a data-thumb = \"https:\/\/collectiuguilis.com\/wp-content\/uploads\/2021\/11\/IMG_1363-150x150.jpg\" href=\"https:\/\/collectiuguilis.com\/wp-content\/uploads\/2021\/11\/IMG_1363-scaled.jpg\"  class=\"thumb-anchor mobx  \" data-rel=\"my-galleryBJHYXh67uF\" title=\"\"><div class=\"thumb-wrap\"><div style = \"padding-bottom : 62.5%;\" class=\"gallery-thumb-img-wrap be-grid-placeholder none-effect\"  ><img decoding=\"async\" class=\"\"  src=\"https:\/\/collectiuguilis.com\/wp-content\/uploads\/2021\/11\/IMG_1363-650x385.jpg\" alt=\"\" \/><\/div><\/div><div class=\"thumb-overlay\"><div class=\"thumb-bg\"><div class=\"thumb-title-wrap display-table-cell vertical-align-middle align-center fadeIn animated\"><\/div><\/div><\/div><\/a><\/div><\/div><div class=\"gallery-cell be-col be-hoverlay  not-wide no-wide-width-height style1-hover \" ><div class=\"gallery-cell-inner\"\"><a data-thumb = \"https:\/\/collectiuguilis.com\/wp-content\/uploads\/2021\/11\/IMG_1365-150x150.jpg\" href=\"https:\/\/collectiuguilis.com\/wp-content\/uploads\/2021\/11\/IMG_1365-scaled.jpg\"  class=\"thumb-anchor mobx  \" data-rel=\"my-galleryBJHYXh67uF\" title=\"\"><div class=\"thumb-wrap\"><div style = \"padding-bottom : 62.5%;\" class=\"gallery-thumb-img-wrap be-grid-placeholder none-effect\"  ><img decoding=\"async\" class=\"\"  src=\"https:\/\/collectiuguilis.com\/wp-content\/uploads\/2021\/11\/IMG_1365-650x385.jpg\" alt=\"\" \/><\/div><\/div><div class=\"thumb-overlay\"><div class=\"thumb-bg\"><div class=\"thumb-title-wrap display-table-cell vertical-align-middle align-center fadeIn animated\"><\/div><\/div><\/div><\/a><\/div><\/div><div class=\"gallery-cell be-col be-hoverlay  not-wide no-wide-width-height style1-hover \" ><div class=\"gallery-cell-inner\"\"><a data-thumb = \"https:\/\/collectiuguilis.com\/wp-content\/uploads\/2021\/11\/IMG_1369-150x150.jpg\" href=\"https:\/\/collectiuguilis.com\/wp-content\/uploads\/2021\/11\/IMG_1369-scaled.jpg\"  class=\"thumb-anchor mobx  \" data-rel=\"my-galleryBJHYXh67uF\" title=\"\"><div class=\"thumb-wrap\"><div style = \"padding-bottom : 62.5%;\" class=\"gallery-thumb-img-wrap be-grid-placeholder none-effect\"  ><img decoding=\"async\" class=\"\"  src=\"https:\/\/collectiuguilis.com\/wp-content\/uploads\/2021\/11\/IMG_1369-650x385.jpg\" alt=\"\" \/><\/div><\/div><div class=\"thumb-overlay\"><div class=\"thumb-bg\"><div class=\"thumb-title-wrap display-table-cell vertical-align-middle align-center fadeIn animated\"><\/div><\/div><\/div><\/a><\/div><\/div><\/div><\/div><style>.tatsu-BJHYXh67uF .gallery-container{margin: 0 -20px;}.tatsu-BJHYXh67uF .gallery-container .gallery-cell.be-col{margin-bottom: 40px;}.tatsu-BJHYXh67uF .gallery-container .gallery-cell.be-col {padding: 0 20px;}.tatsu-BJHYXh67uF.tatsu-gallery-module .gallery-container {margin-bottom: -40px !important;}.tatsu-BJHYXh67uF.tatsu-gallery-module .thumb-title{color: #fff ;}.tatsu-BJHYXh67uF.tatsu-gallery-module .thumb-bg{background-color: rgba(252,222,90,1);}<\/style><\/div><div  class=\"tatsu-module tatsu-normal-button tatsu-button-wrap   tatsu-SkIYQhpQ_Y   \"><a class=\"tatsu-shortcode smallbtn tatsu-button left-icon rounded   bg-animation-none  \" href=\"https:\/\/collectiuguilis.com\" style= \"\"  aria-label=\"volver al inicio\" data-gdpr-atts={} ><i class=\"tatsu-icon tatsu-icon-arrow-left2\"><\/i>volver al inicio<\/a><style>.tatsu-SkIYQhpQ_Y .tatsu-button{background-color: rgba(252,222,90,1);color: rgba(0,0,0,1) ;}<\/style><\/div><\/div><\/div><div class = \"tatsu-column-bg-image-wrap\"><div class = \"tatsu-column-bg-image\" ><\/div><\/div><div class=\"tatsu-overlay tatsu-column-overlay tatsu-animate-none\" ><\/div><\/div><style>.tatsu-row > .tatsu-SyWF72aQuK.tatsu-column{width: 100%;}.tatsu-SyWF72aQuK.tatsu-column > .tatsu-column-inner > .tatsu-column-overlay{mix-blend-mode: normal;}.tatsu-SyWF72aQuK > .tatsu-column-inner > .tatsu-top-divider{z-index: 9999;}.tatsu-SyWF72aQuK > .tatsu-column-inner > .tatsu-bottom-divider{z-index: 9999;}.tatsu-SyWF72aQuK > .tatsu-column-inner > .tatsu-left-divider{z-index: 9999;}.tatsu-SyWF72aQuK > .tatsu-column-inner > .tatsu-right-divider{z-index: 9999;}@media only screen and (max-width:1377px) {.tatsu-row > .tatsu-SyWF72aQuK.tatsu-column{width: 100%;}}@media only screen and (min-width:768px) and (max-width: 1024px) {.tatsu-row > .tatsu-SyWF72aQuK.tatsu-column{width: 100%;}}@media only screen and (max-width: 767px) {.tatsu-row > .tatsu-SyWF72aQuK.tatsu-column{width: 100%;}}<\/style><\/div><\/div><\/div><\/div><div class=\"tatsu-section-background-wrap\"><div class = \"tatsu-section-background\" ><\/div><\/div><div class=\"tatsu-overlay tatsu-section-overlay\"><\/div><style>.tatsu-HktXnTQut .tatsu-section-background{background-image: url(https:\/\/collectiuguilis.com\/wp-content\/uploads\/2021\/11\/Fons_Voltejat-scaled.jpg);background-repeat: no-repeat;background-attachment: scroll;background-position: top left;background-size: cover;}.tatsu-HktXnTQut .tatsu-bg-blur{background-repeat: no-repeat;background-attachment: scroll;background-position: top left;background-size: cover;}.tatsu-HktXnTQut .tatsu-section-pad{padding: 90px 0px 90px 0px;}.tatsu-HktXnTQut .tatsu-section-offset-wrap{transform: translateY(-0px);}.tatsu-HktXnTQut > .tatsu-bottom-divider{z-index: 9999;}.tatsu-HktXnTQut > .tatsu-top-divider{z-index: 9999;}.tatsu-HktXnTQut .tatsu-section-overlay{mix-blend-mode: normal;}<\/style><\/div>\n","protected":false},"excerpt":{"rendered":"<div><a href=\"https:\/\/collectiuguilis.com\/es\/encontre-arquitectura-urbanisme-espai-public-i-comunitat\/\" class=\"exp-read-more exp-read-more-underlined\">Read More<\/a><\/div>\n","protected":false},"author":1,"featured_media":0,"parent":0,"menu_order":0,"comment_status":"closed","ping_status":"closed","template":"","meta":{"footnotes":""},"class_list":["post-259","page","type-page","status-publish","hentry"],"_links":{"self":[{"href":"https:\/\/collectiuguilis.com\/es\/wp-json\/wp\/v2\/pages\/259","targetHints":{"allow":["GET"]}}],"collection":[{"href":"https:\/\/collectiuguilis.com\/es\/wp-json\/wp\/v2\/pages"}],"about":[{"href":"https:\/\/collectiuguilis.com\/es\/wp-json\/wp\/v2\/types\/page"}],"author":[{"embeddable":true,"href":"https:\/\/collectiuguilis.com\/es\/wp-json\/wp\/v2\/users\/1"}],"replies":[{"embeddable":true,"href":"https:\/\/collectiuguilis.com\/es\/wp-json\/wp\/v2\/comments?post=259"}],"version-history":[{"count":3,"href":"https:\/\/collectiuguilis.com\/es\/wp-json\/wp\/v2\/pages\/259\/revisions"}],"predecessor-version":[{"id":495,"href":"https:\/\/collectiuguilis.com\/es\/wp-json\/wp\/v2\/pages\/259\/revisions\/495"}],"wp:attachment":[{"href":"https:\/\/collectiuguilis.com\/es\/wp-json\/wp\/v2\/media?parent=259"}],"curies":[{"name":"wp","href":"https:\/\/api.w.org\/{rel}","templated":true}]}}