{"id":443,"date":"2021-11-29T16:44:45","date_gmt":"2021-11-29T16:44:45","guid":{"rendered":"https:\/\/collectiuguilis.com\/avis-legal\/"},"modified":"2021-11-30T19:02:32","modified_gmt":"2021-11-30T19:02:32","slug":"avis-legal","status":"publish","type":"page","link":"https:\/\/collectiuguilis.com\/en\/avis-legal\/","title":{"rendered":"Av\u00eds Legal"},"content":{"rendered":"\n<p><strong>Aviso Legal<\/strong><\/p>\n\n\n\n<p><strong>Objeto<\/strong><\/p>\n\n\n\n<p>El presente sitio web tiene por objeto dar a conocer la compa\u00f1\u00eda de teatro Hermanas Picohueso y tiene un car\u00e1cter meramente informativo.<\/p>\n\n\n\n<p>Mar\u00eda de Lluc Portas Miguel-G\u00f3mara no ser\u00e1 en ning\u00fan caso responsable de los errores u omisiones que pudieran existir en la informaci\u00f3n facilitada, ni de la aplicaci\u00f3n o uso concreto que pudiera hacerse de la misma.<\/p>\n\n\n\n<p>Mar\u00eda de Lluc Portas Miguel-G\u00f3mara se reserva el derecho de modificar en cualquier momento y sin previo aviso el contenido de la web, el presente Aviso Legal as\u00ed como las condiciones de uso que puedan resultar aplicables a la presente web.<\/p>\n\n\n\n<p><strong>Identificaci\u00f3n<\/strong><\/p>\n\n\n\n<p>En cumplimiento con el deber de informaci\u00f3n recogido en art\u00edculo 10 de la Ley 34\/2002, de 11 de julio, de Servicios de la Sociedad de la Informaci\u00f3n y del Comercio Electr\u00f3nico, los datos aqu\u00ed consignados corresponden a la entidad titular de esta Web:<\/p>\n\n\n\n<p>(www.hermanaspicohueso.com)<\/p>\n\n\n\n<ul class=\"wp-block-list\"><li>Denominaci\u00f3n Social: Mar\u00eda de Lluc Portas Miguel-G\u00f3mara<\/li><li>NIF\/CIF: 43200138C<\/li><li>Direcci\u00f3n: C\/Mestre Munar 30 Esporles 07190 \u2013 Illes Balears (Espanya)<\/li><li>Correo electr\u00f3nico:&nbsp;info@hermanaspicohueso.com<\/li><\/ul>\n\n\n\n<p><strong>Propiedad intelectual e industrial<\/strong><\/p>\n\n\n\n<p>Todos los derechos de Propiedad Industrial e Intelectual de la totalidad de elementos contenidos en esta Web, incluidas las marcas comerciales, formatos, dise\u00f1os gr\u00e1ficos, textos, im\u00e1genes y documentos, pertenecen a Mar\u00eda de Lluc Portas Miguel-G\u00f3mara, y se encuentran protegidos por las leyes espa\u00f1olas e internacionales sobre propiedad Intelectual e Industrial. Queda expresamente prohibida la reproducci\u00f3n total o parcial de este sitio Web y de cualquiera de sus contenidos sin el permiso expreso y por escrito de Mar\u00eda de Lluc Portas Miguel-G\u00f3mara.<\/p>\n\n\n\n<p>El acceso al sitio web no implica ning\u00fan tipo de renuncia, transmisi\u00f3n, licencia o cesi\u00f3n de dichos derechos por parte de Mar\u00eda de Lluc Portas Miguel-G\u00f3mara, salvo que se establezca expresamente lo contrario.<\/p>\n\n\n\n<p><strong>Condiciones de uso<\/strong><\/p>\n\n\n\n<p>El acceso a este sitio Web implica la aceptaci\u00f3n de estas condiciones de uso sin reservas que regulan el acceso y la utilizaci\u00f3n del mismo con el fin de poner a disposici\u00f3n de los usuarios informaci\u00f3n sobre nuestros productos y servicios.<\/p>\n\n\n\n<p>Se proh\u00edbe expresamente la utilizaci\u00f3n de los contenidos de este sitio Web para su utilizaci\u00f3n con fines comerciales o para su distribuci\u00f3n, transformaci\u00f3n o comunicaci\u00f3n.<\/p>\n\n\n\n<p>Mar\u00eda de Lluc Portas Miguel-G\u00f3mara, no responder\u00e1 de ninguna consecuencia, da\u00f1o o perjuicio que pudieran derivarse de dicha utilizaci\u00f3n o uso de la informaci\u00f3n.<\/p>\n\n\n\n<p>Tanto el acceso a esta Web como el uso que pueda hacerse de la informaci\u00f3n contenida en la misma es de la exclusiva responsabilidad de quien lo realiza.<\/p>\n\n\n\n<p>El usuario se obliga a no utilizar la informaci\u00f3n que se publica en esta Web con fines o efectos il\u00edcitos o lesivos, a no da\u00f1ar o inutilizar la informaci\u00f3n y a no realizar cualquier otra acci\u00f3n que puedan ser contraria al contenido de este Aviso Legal.<\/p>\n\n\n\n<p>Mar\u00eda de Lluc Portas Miguel-G\u00f3mara, se reserva el derecho a modificar los contenidos de la oferta comercial de los productos cuando lo estime oportuno y a mantener su contenido actualizado.<\/p>\n\n\n\n<p>Mar\u00eda de Lluc Portas Miguel-G\u00f3mara, no puede asegurar la inexistencia de interrupciones o errores en el acceso a este sitio Web, aunque pondr\u00e1 sus mayores esfuerzos para evitarlos.<\/p>\n\n\n\n<p><strong>Pol\u00edtica de Protecci\u00f3n de Datos<\/strong><\/p>\n\n\n\n<p>De conformidad con lo dispuesto en la Ley Org\u00e1nica 15\/1999, de Protecci\u00f3n de Datos de Car\u00e1cter Personal, se informa al usuario que los datos personales suministrados ser\u00e1n incorporados a un fichero titularidad de Mar\u00eda de Lluc Portas Miguel-G\u00f3mara, con la finalidad de poder gestionar sus peticiones y\/o consultas.<\/p>\n\n\n\n<p>A trav\u00e9s de la cumplimentaci\u00f3n de formularios de la Web o mediante el env\u00edo de correos electr\u00f3nicos o cualquier otro tipo de solicitud de informaci\u00f3n remitida a Mar\u00eda de Lluc Portas Miguel-G\u00f3mara, el interesado presta su consentimiento expreso para el tratamiento de sus datos personales y para recibir comunicaciones comerciales sobre los productos y servicios de Mar\u00eda de Lluc Portas Miguel-G\u00f3mara.<\/p>\n\n\n\n<p>En ning\u00fan caso Mar\u00eda de Lluc Portas Miguel-G\u00f3mara, utilizar\u00e1 los datos personales de los interesados para fines distintos de los anteriormente mencionados, y se compromete a guardar el debido secreto profesional y a establecer las medidas t\u00e9cnicas y organizativas necesarias para salvaguardar la informaci\u00f3n conforme a los requerimientos que establece el RD 1720\/2007, de desarrollo de la LOPD.<\/p>\n\n\n\n<p>Puede ejercer los derechos de acceso, rectificaci\u00f3n, cancelaci\u00f3n y oposici\u00f3n en cualquier momento, mediante escrito, acompa\u00f1ado de copia de documento oficial que le identifique, dirigido a Mar\u00eda de Lluc Portas Miguel-G\u00f3mara, C\/Mestre Munar 30 Esporles 07190 \u2013 Illes Balears (Espanya).<\/p>\n\n\n\n<p><strong>Redes sociales<\/strong><\/p>\n\n\n\n<p>Ponemos en su conocimiento que estamos presentes en Redes Sociales. El tratamiento de los datos que se realice de las personas que se hagan seguidoras (y\/o realicen cualquier v\u00ednculo o acci\u00f3n de conexi\u00f3n a trav\u00e9s de las Redes Sociales) de las p\u00e1ginas oficiales de hermanaspicohueso.com, en las redes sociales, se regir\u00e1 por este apartado, as\u00ed como por aquellas condiciones de uso, pol\u00edticas de privacidad y dem\u00e1s normativas de acceso, uso y similares que pertenezcan a la red social que corresponda, de las que el usuario de las Redes Sociales, ya habr\u00e1 aceptado. Mar\u00eda de Lluc Portas Miguel-G\u00f3mara, tratar\u00e1 sus datos con las finalidades de administrar correctamente su presencia en la red social que corresponda, informarlo de actividades productos o servicios de hermanaspicohueso.com, o de terceros que puedan estar relacionados con nuestra actividad as\u00ed como para cualquier otra finalidad que las normativas de las Redes Sociales puedan permitir.<\/p>\n\n\n\n<p><strong>Enlaces<\/strong><\/p>\n\n\n\n<p>Al pinchar en cualquiera de los enlaces (o hiperenlaces) que puedan aparecer en nuestro sitio web, Ud. acepta hacerlo a t\u00edtulo informativo y reconoce que Mar\u00eda de Lluc Portas Miguel-G\u00f3mara no ejerce ning\u00fan control sobre ni responde del contenido de la informaci\u00f3n a la que acceda.<\/p>\n\n\n\n<p><strong>Pol\u00edtica de protecci\u00f3n de menores<\/strong><\/p>\n\n\n\n<p>Queda prohibido el acceso y uso de este sitio Web a los menores de 14 a\u00f1os que no est\u00e9n debidamente autorizados. Mar\u00eda de Lluc Portas Miguel-G\u00f3mara, entiende que desde el momento en que un menor accede a esta Web, cuenta con el permiso de sus padres, de su tutor o de su representante legal.<\/p>\n\n\n\n<p>Mar\u00eda de Lluc Portas Miguel-G\u00f3mara, recuerda a las personas mayores de edad que tengan a su cargo menores, que ser\u00e1 de su exclusiva responsabilidad si alg\u00fan menor incorpora sus datos para solicitar alg\u00fan servicio.<\/p>\n\n\n\n<p>Tambi\u00e9n les informa que existen programas inform\u00e1ticos para acotar la navegaci\u00f3n mediante el filtro o bloqueo a determinados contenidos.<\/p>\n\n\n\n<p><strong>Legislaci\u00f3n y jurisdicci\u00f3n aplicable<\/strong><\/p>\n\n\n\n<p>Las presentes condiciones se rigen por la normativa espa\u00f1ola vigente que le es de aplicaci\u00f3n.<\/p>\n\n\n\n<p>Para la resoluci\u00f3n de las controversias que pudieran derivarse como consecuencia de lo dispuesto en las presentes disposiciones, y con renuncia expresa a cualquier otro fuero que pudiera corresponder, el Usuario acuerda someterse a la Jurisdicci\u00f3n de los Juzgados y Tribunales de Barcelona (Espa\u00f1a).<\/p>\n","protected":false},"excerpt":{"rendered":"<p>Aviso Legal Objeto El presente sitio web tiene por objeto dar a conocer la compa\u00f1\u00eda de teatro Hermanas Picohueso y tiene un car\u00e1cter meramente informativo. Mar\u00eda de Lluc Portas Miguel-G\u00f3mara<\/p>\n<div><a href=\"https:\/\/collectiuguilis.com\/en\/avis-legal\/\" class=\"exp-read-more exp-read-more-underlined\">Read More<\/a><\/div>\n","protected":false},"author":1,"featured_media":0,"parent":0,"menu_order":0,"comment_status":"closed","ping_status":"closed","template":"","meta":{"footnotes":""},"class_list":["post-443","page","type-page","status-publish","hentry"],"_links":{"self":[{"href":"https:\/\/collectiuguilis.com\/en\/wp-json\/wp\/v2\/pages\/443","targetHints":{"allow":["GET"]}}],"collection":[{"href":"https:\/\/collectiuguilis.com\/en\/wp-json\/wp\/v2\/pages"}],"about":[{"href":"https:\/\/collectiuguilis.com\/en\/wp-json\/wp\/v2\/types\/page"}],"author":[{"embeddable":true,"href":"https:\/\/collectiuguilis.com\/en\/wp-json\/wp\/v2\/users\/1"}],"replies":[{"embeddable":true,"href":"https:\/\/collectiuguilis.com\/en\/wp-json\/wp\/v2\/comments?post=443"}],"version-history":[{"count":1,"href":"https:\/\/collectiuguilis.com\/en\/wp-json\/wp\/v2\/pages\/443\/revisions"}],"predecessor-version":[{"id":444,"href":"https:\/\/collectiuguilis.com\/en\/wp-json\/wp\/v2\/pages\/443\/revisions\/444"}],"wp:attachment":[{"href":"https:\/\/collectiuguilis.com\/en\/wp-json\/wp\/v2\/media?parent=443"}],"curies":[{"name":"wp","href":"https:\/\/api.w.org\/{rel}","templated":true}]}}